{"id":18305,"date":"2026-03-16T13:29:05","date_gmt":"2026-03-16T12:29:05","guid":{"rendered":"https:\/\/miralles1986.com\/?post_type=product&#038;p=18305"},"modified":"2026-03-26T19:35:24","modified_gmt":"2026-03-26T18:35:24","slug":"aspesi-pantalones-cortos-tipo-bermuda-en-sarga-de-algodon-azul-marino","status":"publish","type":"product","link":"https:\/\/miralles1986.com\/en\/producto\/aspesi-pantalones-cortos-tipo-bermuda-en-sarga-de-algodon-azul-marino\/","title":{"rendered":"Aspesi navy blue cotton twill Bermuda shorts"},"content":{"rendered":"<p data-start=\"176\" data-end=\"213\"><span class=\"relative -mx-px my-[-0.2rem] rounded px-px py-[0.2rem] transition-colors duration-100 ease-in-out\"><strong><a href=\"https:\/\/miralles1986.com\/categoria-producto\/ropa\/pantalones\/pantalones-sport-miralles-1986\/\">Los pantalones cortos<\/a><\/strong> <a style=\"font-weight: bold;\" href=\"https:\/\/miralles1986.com\/marca\/aspesi\/\">Aspesi<\/a><b> tipo bermuda en sarga de algod\u00f3n azul marino <\/b><\/span>est\u00e1n dise\u00f1ados para ofrecer comodidad, funcionalidad y un estilo atemporal. Confeccionados en una mezcla de algod\u00f3n con un peque\u00f1o porcentaje de elastano, proporcionan suavidad, resistencia y una ligera elasticidad que mejora la libertad de movimiento.<\/p>\n<p data-start=\"542\" data-end=\"760\">El dise\u00f1o incorpora cierre con cremallera y botones, adem\u00e1s de bolsillos inclinados delanteros que aportan practicidad. En la parte trasera cuenta con bolsillos con ribetes que mantienen una est\u00e9tica limpia y elegante.<\/p>\n<p data-start=\"762\" data-end=\"1023\">Su corte regular y cintura de altura normal crean una silueta equilibrada y vers\u00e1til, ideal para combinar con camisetas, polos o camisas en estilismos casuales de verano. El tono azul marino aporta un acabado sofisticado que encaja f\u00e1cilmente en cualquier armario.<\/p>\n<h2 data-start=\"1114\" data-end=\"1133\"><strong data-start=\"1114\" data-end=\"1133\">Caracter\u00edsticas<\/strong><\/h2>\n<p data-start=\"1135\" data-end=\"1453\">\u2022 Sarga de algod\u00f3n ligera<br data-start=\"1071\" data-end=\"1074\" \/>\u2022 97% algod\u00f3n, 3% elastano<br data-start=\"1100\" data-end=\"1103\" \/>\u2022 Cierre con cremallera y botones<br data-start=\"1136\" data-end=\"1139\" \/>\u2022 Bolsillos delanteros inclinados<br data-start=\"1172\" data-end=\"1175\" \/>\u2022 Bolsillos traseros con ribete<br data-start=\"1206\" data-end=\"1209\" \/>\u2022 Corte regular<br data-start=\"1224\" data-end=\"1227\" \/>\u2022 Cintura normal<br data-start=\"1243\" data-end=\"1246\" \/>\u2022 Color: Azul Marino<\/p>\n<h3 data-section-id=\"yytwzg\" data-start=\"2023\" data-end=\"2059\">Por qu\u00e9 comprar este pantal\u00f3n corto Aspesi<\/h3>\n<p data-start=\"1618\" data-end=\"1885\">Porque combina la elegancia del chino cl\u00e1sico con la comodidad de un tejido ligero y flexible. Es una prenda vers\u00e1til, fresca y f\u00e1cil de combinar, perfecta para crear looks veraniegos c\u00f3modos sin renunciar al estilo refinado de Aspesi.<\/p>\n<p data-start=\"451\" data-end=\"528\"><span class=\"relative -mx-px my-[-0.2rem] rounded px-px py-[0.2rem] transition-colors duration-100 ease-in-out\"><strong data-start=\"3\" data-end=\"70\"><b><a href=\"https:\/\/miralles1986.com\/categoria-producto\/ropa\/pantalones\/pantalones-sport-miralles-1986\/\">Los pantalones cortos<\/a> <a style=\"font-weight: bold;\" href=\"https:\/\/miralles1986.com\/marca\/aspesi\/\">Aspesi<\/a> tipo bermuda en sarga de algod\u00f3n azul marino est\u00e1n <\/b>d<\/strong><\/span><strong>isponibles en la tienda<\/strong>\u00a0<a href=\"https:\/\/miralles1986.com\"><strong data-start=\"465\" data-end=\"482\">Miralles 1986<\/strong><\/a>, tu boutique de referencia en moda masculina.<\/p>\n","protected":false},"excerpt":{"rendered":"<p data-start=\"23\" data-end=\"189\">Aspesi Bermuda shorts in cotton twill, made from a lightweight fabric with elastane. A classic and comfortable design that combines casual elegance and versatility for summer.<\/p>\n<p data-start=\"221\" data-end=\"242\">","protected":false},"featured_media":18318,"comment_status":"closed","ping_status":"closed","template":"","meta":[],"pwb-brand":[744],"product_brand":[818],"product_cat":[418,226,168],"product_tag":[805,1091,417,1105,755,1021],"class_list":{"0":"post-18305","1":"product","2":"type-product","3":"status-publish","4":"has-post-thumbnail","6":"pwb-brand-aspesi","7":"product_brand-tienda-miralles","8":"product_cat-bermudas-premium","9":"product_cat-pantalones","10":"product_cat-ropa","11":"product_tag-aspesi","12":"product_tag-aspesi-primavera-verano-2026","13":"product_tag-bermudas","14":"product_tag-bermudas-aspesi-ss26","15":"product_tag-moda-hombre","16":"product_tag-primavera-verano-2026","17":"pa_color-azul-marino","18":"pa_composicion-algodon","19":"pa_composicion-elastano","20":"pa_tamano-65","21":"pa_tamano-67","22":"pa_tamano-69","23":"pa_tamano-71","24":"pa_tamano-73","25":"pa_tamano-75","26":"pa_tamano-77","27":"pa_tamano-927","29":"first","30":"instock","31":"featured","32":"sold-individually","33":"taxable","34":"shipping-taxable","35":"purchasable","36":"product-type-variable"},"supplier_id":null,"supplier_sku":"","barcode":null,"atum_controlled":true,"out_stock_date":null,"out_stock_threshold":null,"inheritable":true,"inbound_stock":0,"stock_on_hold":0,"sold_today":null,"sales_last_days":null,"reserved_stock":0,"customer_returns":null,"warehouse_damage":null,"lost_in_post":null,"other_logs":null,"out_stock_days":null,"lost_sales":null,"has_location":false,"update_date":"2026-05-11T10:38:46","atum_locations":[],"atum_stock_status":"instock","restock_status":false,"low_stock_amount":"","sales_update_date":"2026-05-11T10:38:46","calc_backorders":null,"yoast_head":"<!-- This site is optimized with the Yoast SEO plugin v27.5 - https:\/\/yoast.com\/product\/yoast-seo-wordpress\/ -->\n<title>Aspesi pantalones cortos tipo bermuda en sarga de algod\u00f3n azul marino - Miralles 1986<\/title>\n<meta name=\"description\" content=\"Los pantalones cortos Aspesi tipo bermuda en sarga de algod\u00f3n azul marino est\u00e1n dise\u00f1ados para ofrecer comodidad, funcionalidad y un estilo atemporal.\" \/>\n<meta name=\"robots\" content=\"index, follow, max-snippet:-1, max-image-preview:large, max-video-preview:-1\" \/>\n<link rel=\"canonical\" href=\"https:\/\/miralles1986.com\/en\/product\/aspesi-pantalones-cortos-tipo-bermuda-en-sarga-de-algodon-azul-marino\/\" \/>\n<meta property=\"og:locale\" content=\"en_GB\" \/>\n<meta property=\"og:type\" content=\"article\" \/>\n<meta property=\"og:title\" content=\"Aspesi pantalones cortos tipo bermuda en sarga de algod\u00f3n azul marino - Miralles 1986\" \/>\n<meta property=\"og:description\" content=\"Los pantalones cortos Aspesi tipo bermuda en sarga de algod\u00f3n azul marino est\u00e1n dise\u00f1ados para ofrecer comodidad, funcionalidad y un estilo atemporal.\" \/>\n<meta property=\"og:url\" content=\"https:\/\/miralles1986.com\/en\/product\/aspesi-pantalones-cortos-tipo-bermuda-en-sarga-de-algodon-azul-marino\/\" \/>\n<meta property=\"og:site_name\" content=\"Miralles 1986\" \/>\n<meta property=\"article:publisher\" content=\"https:\/\/www.facebook.com\/miralles1986\" \/>\n<meta property=\"article:modified_time\" content=\"2026-03-26T18:35:24+00:00\" \/>\n<meta property=\"og:image\" content=\"https:\/\/miralles1986.com\/wp-content\/uploads\/2026\/03\/aspesi-pantalones-cortos-de-sarga-de-algodon-azul-marino-2.jpg\" \/>\n\t<meta property=\"og:image:width\" content=\"1000\" \/>\n\t<meta property=\"og:image:height\" content=\"1000\" \/>\n\t<meta property=\"og:image:type\" content=\"image\/jpeg\" \/>\n<meta name=\"twitter:card\" content=\"summary_large_image\" \/>\n<meta name=\"twitter:label1\" content=\"Estimated reading time\" \/>\n\t<meta name=\"twitter:data1\" content=\"2 minutes\" \/>\n<script type=\"application\/ld+json\" class=\"yoast-schema-graph\">{\"@context\":\"https:\\\/\\\/schema.org\",\"@graph\":[{\"@type\":\"WebPage\",\"@id\":\"https:\\\/\\\/miralles1986.com\\\/producto\\\/aspesi-pantalones-cortos-tipo-bermuda-en-sarga-de-algodon-azul-marino\\\/\",\"url\":\"https:\\\/\\\/miralles1986.com\\\/producto\\\/aspesi-pantalones-cortos-tipo-bermuda-en-sarga-de-algodon-azul-marino\\\/\",\"name\":\"Aspesi pantalones cortos tipo bermuda en sarga de algod\u00f3n azul marino - Miralles 1986\",\"isPartOf\":{\"@id\":\"https:\\\/\\\/miralles1986.com\\\/#website\"},\"primaryImageOfPage\":{\"@id\":\"https:\\\/\\\/miralles1986.com\\\/producto\\\/aspesi-pantalones-cortos-tipo-bermuda-en-sarga-de-algodon-azul-marino\\\/#primaryimage\"},\"image\":{\"@id\":\"https:\\\/\\\/miralles1986.com\\\/producto\\\/aspesi-pantalones-cortos-tipo-bermuda-en-sarga-de-algodon-azul-marino\\\/#primaryimage\"},\"thumbnailUrl\":\"https:\\\/\\\/miralles1986.com\\\/wp-content\\\/uploads\\\/2026\\\/03\\\/aspesi-pantalones-cortos-de-sarga-de-algodon-azul-marino-2.jpg\",\"datePublished\":\"2026-03-16T12:29:05+00:00\",\"dateModified\":\"2026-03-26T18:35:24+00:00\",\"description\":\"Los pantalones cortos Aspesi tipo bermuda en sarga de algod\u00f3n azul marino est\u00e1n dise\u00f1ados para ofrecer comodidad, funcionalidad y un estilo atemporal.\",\"breadcrumb\":{\"@id\":\"https:\\\/\\\/miralles1986.com\\\/producto\\\/aspesi-pantalones-cortos-tipo-bermuda-en-sarga-de-algodon-azul-marino\\\/#breadcrumb\"},\"inLanguage\":\"en-GB\",\"potentialAction\":[{\"@type\":\"ReadAction\",\"target\":[\"https:\\\/\\\/miralles1986.com\\\/producto\\\/aspesi-pantalones-cortos-tipo-bermuda-en-sarga-de-algodon-azul-marino\\\/\"]}]},{\"@type\":\"ImageObject\",\"inLanguage\":\"en-GB\",\"@id\":\"https:\\\/\\\/miralles1986.com\\\/producto\\\/aspesi-pantalones-cortos-tipo-bermuda-en-sarga-de-algodon-azul-marino\\\/#primaryimage\",\"url\":\"https:\\\/\\\/miralles1986.com\\\/wp-content\\\/uploads\\\/2026\\\/03\\\/aspesi-pantalones-cortos-de-sarga-de-algodon-azul-marino-2.jpg\",\"contentUrl\":\"https:\\\/\\\/miralles1986.com\\\/wp-content\\\/uploads\\\/2026\\\/03\\\/aspesi-pantalones-cortos-de-sarga-de-algodon-azul-marino-2.jpg\",\"width\":1000,\"height\":1000,\"caption\":\"Aspesi pantalones cortos tipo bermuda en sarga de algod\u00f3n azul marino\"},{\"@type\":\"BreadcrumbList\",\"@id\":\"https:\\\/\\\/miralles1986.com\\\/producto\\\/aspesi-pantalones-cortos-tipo-bermuda-en-sarga-de-algodon-azul-marino\\\/#breadcrumb\",\"itemListElement\":[{\"@type\":\"ListItem\",\"position\":1,\"name\":\"Portada\",\"item\":\"https:\\\/\\\/miralles1986.com\\\/\"},{\"@type\":\"ListItem\",\"position\":2,\"name\":\"Ropa de lujo para hombre | Stone Island, Y-3, C.P. Company\",\"item\":\"https:\\\/\\\/miralles1986.com\\\/tienda\\\/\"},{\"@type\":\"ListItem\",\"position\":3,\"name\":\"Aspesi pantalones cortos tipo bermuda en sarga de algod\u00f3n azul marino\"}]},{\"@type\":\"WebSite\",\"@id\":\"https:\\\/\\\/miralles1986.com\\\/#website\",\"url\":\"https:\\\/\\\/miralles1986.com\\\/\",\"name\":\"Miralles 1986\",\"description\":\"Moda masculina de lujo en Valencia\",\"publisher\":{\"@id\":\"https:\\\/\\\/miralles1986.com\\\/#organization\"},\"potentialAction\":[{\"@type\":\"SearchAction\",\"target\":{\"@type\":\"EntryPoint\",\"urlTemplate\":\"https:\\\/\\\/miralles1986.com\\\/?s={search_term_string}\"},\"query-input\":{\"@type\":\"PropertyValueSpecification\",\"valueRequired\":true,\"valueName\":\"search_term_string\"}}],\"inLanguage\":\"en-GB\"},{\"@type\":\"Organization\",\"@id\":\"https:\\\/\\\/miralles1986.com\\\/#organization\",\"name\":\"Miralles 1986\",\"alternateName\":\"Miralles\",\"url\":\"https:\\\/\\\/miralles1986.com\\\/\",\"logo\":{\"@type\":\"ImageObject\",\"inLanguage\":\"en-GB\",\"@id\":\"https:\\\/\\\/miralles1986.com\\\/#\\\/schema\\\/logo\\\/image\\\/\",\"url\":\"https:\\\/\\\/miralles1986.com\\\/wp-content\\\/uploads\\\/2024\\\/09\\\/logo-miralles-1986-pequeno-bl.png\",\"contentUrl\":\"https:\\\/\\\/miralles1986.com\\\/wp-content\\\/uploads\\\/2024\\\/09\\\/logo-miralles-1986-pequeno-bl.png\",\"width\":201,\"height\":73,\"caption\":\"Miralles 1986\"},\"image\":{\"@id\":\"https:\\\/\\\/miralles1986.com\\\/#\\\/schema\\\/logo\\\/image\\\/\"},\"sameAs\":[\"https:\\\/\\\/www.facebook.com\\\/miralles1986\",\"https:\\\/\\\/www.instagram.com\\\/miralles1986_\\\/\"]}]}<\/script>\n<!-- \/ Yoast SEO plugin. -->","yoast_head_json":{"title":"Aspesi navy blue cotton twill Bermuda shorts - Miralles 1986","description":"Aspesi navy cotton twill bermuda shorts are designed to offer comfort, functionality and timeless style.","robots":{"index":"index","follow":"follow","max-snippet":"max-snippet:-1","max-image-preview":"max-image-preview:large","max-video-preview":"max-video-preview:-1"},"canonical":"https:\/\/miralles1986.com\/en\/product\/aspesi-pantalones-cortos-tipo-bermuda-en-sarga-de-algodon-azul-marino\/","og_locale":"en_GB","og_type":"article","og_title":"Aspesi pantalones cortos tipo bermuda en sarga de algod\u00f3n azul marino - Miralles 1986","og_description":"Los pantalones cortos Aspesi tipo bermuda en sarga de algod\u00f3n azul marino est\u00e1n dise\u00f1ados para ofrecer comodidad, funcionalidad y un estilo atemporal.","og_url":"https:\/\/miralles1986.com\/en\/product\/aspesi-pantalones-cortos-tipo-bermuda-en-sarga-de-algodon-azul-marino\/","og_site_name":"Miralles 1986","article_publisher":"https:\/\/www.facebook.com\/miralles1986","article_modified_time":"2026-03-26T18:35:24+00:00","og_image":[{"width":1000,"height":1000,"url":"https:\/\/miralles1986.com\/wp-content\/uploads\/2026\/03\/aspesi-pantalones-cortos-de-sarga-de-algodon-azul-marino-2.jpg","type":"image\/jpeg"}],"twitter_card":"summary_large_image","twitter_misc":{"Estimated reading time":"2 minutes"},"schema":{"@context":"https:\/\/schema.org","@graph":[{"@type":"WebPage","@id":"https:\/\/miralles1986.com\/producto\/aspesi-pantalones-cortos-tipo-bermuda-en-sarga-de-algodon-azul-marino\/","url":"https:\/\/miralles1986.com\/producto\/aspesi-pantalones-cortos-tipo-bermuda-en-sarga-de-algodon-azul-marino\/","name":"Aspesi navy blue cotton twill Bermuda shorts - Miralles 1986","isPartOf":{"@id":"https:\/\/miralles1986.com\/#website"},"primaryImageOfPage":{"@id":"https:\/\/miralles1986.com\/producto\/aspesi-pantalones-cortos-tipo-bermuda-en-sarga-de-algodon-azul-marino\/#primaryimage"},"image":{"@id":"https:\/\/miralles1986.com\/producto\/aspesi-pantalones-cortos-tipo-bermuda-en-sarga-de-algodon-azul-marino\/#primaryimage"},"thumbnailUrl":"https:\/\/miralles1986.com\/wp-content\/uploads\/2026\/03\/aspesi-pantalones-cortos-de-sarga-de-algodon-azul-marino-2.jpg","datePublished":"2026-03-16T12:29:05+00:00","dateModified":"2026-03-26T18:35:24+00:00","description":"Aspesi navy cotton twill bermuda shorts are designed to offer comfort, functionality and timeless style.","breadcrumb":{"@id":"https:\/\/miralles1986.com\/producto\/aspesi-pantalones-cortos-tipo-bermuda-en-sarga-de-algodon-azul-marino\/#breadcrumb"},"inLanguage":"en-GB","potentialAction":[{"@type":"ReadAction","target":["https:\/\/miralles1986.com\/producto\/aspesi-pantalones-cortos-tipo-bermuda-en-sarga-de-algodon-azul-marino\/"]}]},{"@type":"ImageObject","inLanguage":"en-GB","@id":"https:\/\/miralles1986.com\/producto\/aspesi-pantalones-cortos-tipo-bermuda-en-sarga-de-algodon-azul-marino\/#primaryimage","url":"https:\/\/miralles1986.com\/wp-content\/uploads\/2026\/03\/aspesi-pantalones-cortos-de-sarga-de-algodon-azul-marino-2.jpg","contentUrl":"https:\/\/miralles1986.com\/wp-content\/uploads\/2026\/03\/aspesi-pantalones-cortos-de-sarga-de-algodon-azul-marino-2.jpg","width":1000,"height":1000,"caption":"Aspesi pantalones cortos tipo bermuda en sarga de algod\u00f3n azul marino"},{"@type":"BreadcrumbList","@id":"https:\/\/miralles1986.com\/producto\/aspesi-pantalones-cortos-tipo-bermuda-en-sarga-de-algodon-azul-marino\/#breadcrumb","itemListElement":[{"@type":"ListItem","position":1,"name":"Portada","item":"https:\/\/miralles1986.com\/"},{"@type":"ListItem","position":2,"name":"Ropa de lujo para hombre | Stone Island, Y-3, C.P. Company","item":"https:\/\/miralles1986.com\/tienda\/"},{"@type":"ListItem","position":3,"name":"Aspesi pantalones cortos tipo bermuda en sarga de algod\u00f3n azul marino"}]},{"@type":"WebSite","@id":"https:\/\/miralles1986.com\/#website","url":"https:\/\/miralles1986.com\/","name":"Miralles 1986","description":"Luxury men&#039;s fashion in Valencia","publisher":{"@id":"https:\/\/miralles1986.com\/#organization"},"potentialAction":[{"@type":"SearchAction","target":{"@type":"EntryPoint","urlTemplate":"https:\/\/miralles1986.com\/?s={search_term_string}"},"query-input":{"@type":"PropertyValueSpecification","valueRequired":true,"valueName":"search_term_string"}}],"inLanguage":"en-GB"},{"@type":"Organization","@id":"https:\/\/miralles1986.com\/#organization","name":"Miralles 1986","alternateName":"Miralles","url":"https:\/\/miralles1986.com\/","logo":{"@type":"ImageObject","inLanguage":"en-GB","@id":"https:\/\/miralles1986.com\/#\/schema\/logo\/image\/","url":"https:\/\/miralles1986.com\/wp-content\/uploads\/2024\/09\/logo-miralles-1986-pequeno-bl.png","contentUrl":"https:\/\/miralles1986.com\/wp-content\/uploads\/2024\/09\/logo-miralles-1986-pequeno-bl.png","width":201,"height":73,"caption":"Miralles 1986"},"image":{"@id":"https:\/\/miralles1986.com\/#\/schema\/logo\/image\/"},"sameAs":["https:\/\/www.facebook.com\/miralles1986","https:\/\/www.instagram.com\/miralles1986_\/"]}]}},"brands":[{"id":744,"name":"Aspesi","slug":"aspesi"}],"_links":{"self":[{"href":"https:\/\/miralles1986.com\/en\/wp-json\/wp\/v2\/product\/18305","targetHints":{"allow":["GET"]}}],"collection":[{"href":"https:\/\/miralles1986.com\/en\/wp-json\/wp\/v2\/product"}],"about":[{"href":"https:\/\/miralles1986.com\/en\/wp-json\/wp\/v2\/types\/product"}],"replies":[{"embeddable":true,"href":"https:\/\/miralles1986.com\/en\/wp-json\/wp\/v2\/comments?post=18305"}],"wp:featuredmedia":[{"embeddable":true,"href":"https:\/\/miralles1986.com\/en\/wp-json\/wp\/v2\/media\/18318"}],"wp:attachment":[{"href":"https:\/\/miralles1986.com\/en\/wp-json\/wp\/v2\/media?parent=18305"}],"wp:term":[{"taxonomy":"pwb-brand","embeddable":true,"href":"https:\/\/miralles1986.com\/en\/wp-json\/wp\/v2\/pwb-brand?post=18305"},{"taxonomy":"product_brand","embeddable":true,"href":"https:\/\/miralles1986.com\/en\/wp-json\/wp\/v2\/product_brand?post=18305"},{"taxonomy":"product_cat","embeddable":true,"href":"https:\/\/miralles1986.com\/en\/wp-json\/wp\/v2\/product_cat?post=18305"},{"taxonomy":"product_tag","embeddable":true,"href":"https:\/\/miralles1986.com\/en\/wp-json\/wp\/v2\/product_tag?post=18305"}],"curies":[{"name":"wp","href":"https:\/\/api.w.org\/{rel}","templated":true}]}}