{"id":18567,"date":"2025-11-25T14:23:50","date_gmt":"2025-11-25T13:23:50","guid":{"rendered":"https:\/\/miralles1986.com\/?post_type=product&#038;p=18567"},"modified":"2026-03-24T15:28:55","modified_gmt":"2026-03-24T14:28:55","slug":"aries-arise-sudadera-tiger-dye-no-problemo","status":"publish","type":"product","link":"https:\/\/miralles1986.com\/en\/producto\/aries-arise-sudadera-tiger-dye-no-problemo\/","title":{"rendered":"Aries Arise Sweatshirt Tiger Dye No Problemo"},"content":{"rendered":"<p data-start=\"616\" data-end=\"926\"><strong data-start=\"619\" data-end=\"670\">La <a href=\"https:\/\/miralles1986.com\/categoria-producto\/ropa\/sudaderas\/\">sudadera<\/a> <a href=\"https:\/\/miralles1986.com\/marca\/aries-arise\/\">Aries Arise<\/a> Tiger Dye No Problemo <\/strong>est\u00e1 confeccionada en algod\u00f3n 100% de alta calidad con interior afelpado, que proporciona un tacto suave y una gran comodidad durante todo el d\u00eda. Este modelo destaca por su exclusivo acabado <em data-start=\"334\" data-end=\"345\">tiger dye<\/em>, realizado mediante un proceso de te\u00f1ido manual que genera un efecto visual \u00fanico en cada prenda, reforzando su car\u00e1cter artesanal y diferenciador dentro del streetwear contempor\u00e1neo.<\/p>\n<div class=\"flex flex-col text-sm pb-25\">\n<section class=\"text-token-text-primary w-full focus:outline-none [--shadow-height:45px] has-data-writing-block:pointer-events-none has-data-writing-block:-mt-(--shadow-height) has-data-writing-block:pt-(--shadow-height) [&amp;:has([data-writing-block])&gt;*]:pointer-events-auto scroll-mt-[calc(var(--header-height)+min(200px,max(70px,20svh)))]\" dir=\"auto\" data-turn-id=\"request-6979173f-9c5c-832a-a5ba-cdafc30f67ca-11\" data-testid=\"conversation-turn-175\" data-scroll-anchor=\"true\" data-turn=\"assistant\">\n<div class=\"text-base my-auto mx-auto pb-10 [--thread-content-margin:var(--thread-content-margin-xs,calc(var(--spacing)*4))] @w-sm\/main:[--thread-content-margin:var(--thread-content-margin-sm,calc(var(--spacing)*6))] @w-lg\/main:[--thread-content-margin:var(--thread-content-margin-lg,calc(var(--spacing)*16))] px-(--thread-content-margin)\">\n<div class=\"[--thread-content-max-width:40rem] @w-lg\/main:[--thread-content-max-width:48rem] mx-auto max-w-(--thread-content-max-width) flex-1 group\/turn-messages focus-visible:outline-hidden relative flex w-full min-w-0 flex-col agent-turn\">\n<div class=\"flex max-w-full flex-col gap-4 grow\">\n<div class=\"min-h-8 text-message relative flex w-full flex-col items-end gap-2 text-start break-words whitespace-normal outline-none keyboard-focused:focus-ring [.text-message+&amp;]:mt-1\" dir=\"auto\" tabindex=\"0\" data-message-author-role=\"assistant\" data-message-id=\"aa1ee875-7698-4e78-a761-ccef9f44e86c\" data-message-model-slug=\"gpt-5-3\" data-turn-start-message=\"true\">\n<div class=\"flex w-full flex-col gap-1 empty:hidden\">\n<div class=\"markdown prose dark:prose-invert w-full wrap-break-word light markdown-new-styling\">\n<p data-start=\"531\" data-end=\"903\">El dise\u00f1o incorpora el ic\u00f3nico gr\u00e1fico \u201cNo Problemo\u201d estampado en el pecho, uno de los elementos m\u00e1s reconocibles de la marca Aries, aportando un estilo gr\u00e1fico distintivo y actual. Su silueta de corte regular, junto con el cuello redondo y los acabados en canal\u00e9 en pu\u00f1os y bajo, aseguran un ajuste c\u00f3modo, vers\u00e1til y f\u00e1cil de combinar con cualquier look casual o urbano.<\/p>\n<p data-start=\"905\" data-end=\"1244\" data-is-last-node=\"\" data-is-only-node=\"\">Gracias a la calidad de sus materiales y a su dise\u00f1o atemporal, esta sudadera Aries se convierte en una prenda imprescindible en cualquier armario, ideal para entretiempo o como capa en los meses m\u00e1s fr\u00edos. Una pieza que combina dise\u00f1o contempor\u00e1neo, inspiraci\u00f3n art\u00edstica y fabricaci\u00f3n premium, reflejando la esencia creativa de la firma.<\/p>\n<\/div>\n<\/div>\n<\/div>\n<\/div>\n<h3 class=\"z-0 flex min-h-[46px] justify-start\">Caracter\u00edsticas:<\/h3>\n<\/div>\n<\/div>\n<\/section>\n<\/div>\n<ul>\n<li data-section-id=\"58c56q\" data-start=\"888\" data-end=\"932\">\n<p data-start=\"890\" data-end=\"932\">Modelo: Tiger Dye No Problemo Sweatshirt<\/p>\n<\/li>\n<li data-section-id=\"z7ldbd\" data-start=\"933\" data-end=\"951\">\n<p data-start=\"935\" data-end=\"951\">SKU: FSAR20222<\/p>\n<\/li>\n<li data-section-id=\"167cdmv\" data-start=\"952\" data-end=\"970\">\n<p data-start=\"954\" data-end=\"970\">Corte: Regular<\/p>\n<\/li>\n<li data-section-id=\"18u239z\" data-start=\"971\" data-end=\"990\">\n<p data-start=\"973\" data-end=\"990\">Cuello: Redondo<\/p>\n<\/li>\n<li data-section-id=\"1j40t9r\" data-start=\"991\" data-end=\"1007\">\n<p data-start=\"993\" data-end=\"1007\">Manga: Larga<\/p>\n<\/li>\n<li data-section-id=\"10ign2h\" data-start=\"1008\" data-end=\"1037\">\n<p data-start=\"1010\" data-end=\"1037\">Composici\u00f3n: 100% algod\u00f3n<\/p>\n<\/li>\n<li data-section-id=\"xwuqfo\" data-start=\"1038\" data-end=\"1066\">\n<p data-start=\"1040\" data-end=\"1066\">Interior: Felpa perchada<\/p>\n<\/li>\n<li data-section-id=\"149f2d1\" data-start=\"1067\" data-end=\"1105\">\n<p data-start=\"1069\" data-end=\"1105\">Acabado: Tiger dye (te\u00f1ido manual)<\/p>\n<\/li>\n<li data-section-id=\"vm2jhs\" data-start=\"1106\" data-end=\"1144\">\n<p data-start=\"1108\" data-end=\"1144\">Estampado: No Problemo en el pecho<\/p>\n<\/li>\n<li data-section-id=\"14uk1o6\" data-start=\"1145\" data-end=\"1163\">\n<p data-start=\"1147\" data-end=\"1163\">G\u00e9nero: Unisex<\/p>\n<\/li>\n<\/ul>\n<h3 data-start=\"2523\" data-end=\"2557\">\u00bfPor qu\u00e9 comprar esta prenda?<\/h3>\n<p data-start=\"104\" data-end=\"369\">Esta sudadera Aries es una apuesta segura si buscas una prenda con identidad propia dentro del streetwear actual. Su acabado <em data-start=\"229\" data-end=\"240\">tiger dye<\/em> realizado de forma artesanal hace que cada pieza sea \u00fanica, alej\u00e1ndose de lo convencional y aportando un valor diferencial real.<\/p>\n<p data-start=\"371\" data-end=\"606\">El ic\u00f3nico gr\u00e1fico \u201cNo Problemo\u201d a\u00f1ade un toque distintivo y reconocible de la marca, mientras que su confecci\u00f3n en algod\u00f3n de alta calidad con interior afelpado garantiza comodidad, durabilidad y un ajuste perfecto para el uso diario.<\/p>\n<p data-start=\"608\" data-end=\"883\" data-is-last-node=\"\" data-is-only-node=\"\">Adem\u00e1s, su dise\u00f1o vers\u00e1til permite integrarla f\u00e1cilmente en diferentes estilos, desde looks casuales hasta combinaciones m\u00e1s cuidadas. No es solo una sudadera b\u00e1sica, sino una prenda con car\u00e1cter, pensada para quienes buscan calidad, dise\u00f1o y autenticidad en una misma pieza.<\/p>\n<p data-start=\"1212\" data-end=\"1496\"><strong data-start=\"619\" data-end=\"670\">La <a href=\"https:\/\/miralles1986.com\/categoria-producto\/ropa\/sudaderas\/\">sudadera<\/a> <a href=\"https:\/\/miralles1986.com\/marca\/aries-arise\/\">Aries Arise<\/a> Tiger Dye No Problemo est\u00e1 disponible en Miralles 1986.<\/strong><\/p>\n","protected":false},"excerpt":{"rendered":"<p data-start=\"84\" data-end=\"173\">Unisex Aries sweatshirt in cotton with tiger dye finish and No Problem graphic on the chest.<\/p>","protected":false},"featured_media":18577,"comment_status":"closed","ping_status":"closed","template":"","meta":[],"pwb-brand":[164],"product_brand":[818],"product_cat":[168,238],"product_tag":[298,1021,239],"class_list":{"0":"post-18567","1":"product","2":"type-product","3":"status-publish","4":"has-post-thumbnail","6":"pwb-brand-aries-arise","7":"product_brand-tienda-miralles","8":"product_cat-ropa","9":"product_cat-sudaderas","10":"product_tag-aries-arise","11":"product_tag-primavera-verano-2026","12":"product_tag-sudadera","13":"pa_color-multicolor","14":"pa_composicion-algodon","15":"pa_tamano-l","16":"pa_tamano-m","17":"pa_tamano-s","18":"pa_tamano-xl","19":"pa_tamano-xs","20":"pa_tamano-xxl","22":"first","23":"instock","24":"sold-individually","25":"taxable","26":"shipping-taxable","27":"purchasable","28":"product-type-variable"},"supplier_id":null,"supplier_sku":"","barcode":null,"atum_controlled":true,"out_stock_date":null,"out_stock_threshold":null,"inheritable":true,"inbound_stock":0,"stock_on_hold":0,"sold_today":null,"sales_last_days":null,"reserved_stock":0,"customer_returns":null,"warehouse_damage":null,"lost_in_post":null,"other_logs":null,"out_stock_days":null,"lost_sales":null,"has_location":false,"update_date":"2026-04-17T09:57:41","atum_locations":[],"atum_stock_status":"instock","restock_status":false,"low_stock_amount":"","sales_update_date":"2026-04-17T09:57:41","calc_backorders":null,"yoast_head":"<!-- This site is optimized with the Yoast SEO plugin v27.5 - https:\/\/yoast.com\/product\/yoast-seo-wordpress\/ -->\n<title>Aries Arise Sudadera Tiger Dye No Problemo - Miralles 1986<\/title>\n<meta name=\"description\" content=\"La sudadera Aries Arise Tiger Dye No Problemo est\u00e1 confeccionada en algod\u00f3n 100% de alta calidad con interior afelpado, que proporciona un tacto suave.\" \/>\n<meta name=\"robots\" content=\"index, follow, max-snippet:-1, max-image-preview:large, max-video-preview:-1\" \/>\n<link rel=\"canonical\" href=\"https:\/\/miralles1986.com\/en\/product\/aries-arise-sudadera-tiger-dye-no-problemo\/\" \/>\n<meta property=\"og:locale\" content=\"en_GB\" \/>\n<meta property=\"og:type\" content=\"article\" \/>\n<meta property=\"og:title\" content=\"Aries Arise Sudadera Tiger Dye No Problemo - Miralles 1986\" \/>\n<meta property=\"og:description\" content=\"La sudadera Aries Arise Tiger Dye No Problemo est\u00e1 confeccionada en algod\u00f3n 100% de alta calidad con interior afelpado, que proporciona un tacto suave.\" \/>\n<meta property=\"og:url\" content=\"https:\/\/miralles1986.com\/en\/product\/aries-arise-sudadera-tiger-dye-no-problemo\/\" \/>\n<meta property=\"og:site_name\" content=\"Miralles 1986\" \/>\n<meta property=\"article:publisher\" content=\"https:\/\/www.facebook.com\/miralles1986\" \/>\n<meta property=\"article:modified_time\" content=\"2026-03-24T14:28:55+00:00\" \/>\n<meta property=\"og:image\" content=\"https:\/\/miralles1986.com\/wp-content\/uploads\/2026\/03\/aries-arise-sudadera-tiger-die-no-problemo.jpg\" \/>\n\t<meta property=\"og:image:width\" content=\"1000\" \/>\n\t<meta property=\"og:image:height\" content=\"1000\" \/>\n\t<meta property=\"og:image:type\" content=\"image\/jpeg\" \/>\n<meta name=\"twitter:card\" content=\"summary_large_image\" \/>\n<meta name=\"twitter:label1\" content=\"Estimated reading time\" \/>\n\t<meta name=\"twitter:data1\" content=\"2 minutes\" \/>\n<script type=\"application\/ld+json\" class=\"yoast-schema-graph\">{\"@context\":\"https:\\\/\\\/schema.org\",\"@graph\":[{\"@type\":\"WebPage\",\"@id\":\"https:\\\/\\\/miralles1986.com\\\/producto\\\/aries-arise-sudadera-tiger-dye-no-problemo\\\/\",\"url\":\"https:\\\/\\\/miralles1986.com\\\/producto\\\/aries-arise-sudadera-tiger-dye-no-problemo\\\/\",\"name\":\"Aries Arise Sudadera Tiger Dye No Problemo - Miralles 1986\",\"isPartOf\":{\"@id\":\"https:\\\/\\\/miralles1986.com\\\/#website\"},\"primaryImageOfPage\":{\"@id\":\"https:\\\/\\\/miralles1986.com\\\/producto\\\/aries-arise-sudadera-tiger-dye-no-problemo\\\/#primaryimage\"},\"image\":{\"@id\":\"https:\\\/\\\/miralles1986.com\\\/producto\\\/aries-arise-sudadera-tiger-dye-no-problemo\\\/#primaryimage\"},\"thumbnailUrl\":\"https:\\\/\\\/miralles1986.com\\\/wp-content\\\/uploads\\\/2026\\\/03\\\/aries-arise-sudadera-tiger-die-no-problemo.jpg\",\"datePublished\":\"2025-11-25T13:23:50+00:00\",\"dateModified\":\"2026-03-24T14:28:55+00:00\",\"description\":\"La sudadera Aries Arise Tiger Dye No Problemo est\u00e1 confeccionada en algod\u00f3n 100% de alta calidad con interior afelpado, que proporciona un tacto suave.\",\"breadcrumb\":{\"@id\":\"https:\\\/\\\/miralles1986.com\\\/producto\\\/aries-arise-sudadera-tiger-dye-no-problemo\\\/#breadcrumb\"},\"inLanguage\":\"en-GB\",\"potentialAction\":[{\"@type\":\"ReadAction\",\"target\":[\"https:\\\/\\\/miralles1986.com\\\/producto\\\/aries-arise-sudadera-tiger-dye-no-problemo\\\/\"]}]},{\"@type\":\"ImageObject\",\"inLanguage\":\"en-GB\",\"@id\":\"https:\\\/\\\/miralles1986.com\\\/producto\\\/aries-arise-sudadera-tiger-dye-no-problemo\\\/#primaryimage\",\"url\":\"https:\\\/\\\/miralles1986.com\\\/wp-content\\\/uploads\\\/2026\\\/03\\\/aries-arise-sudadera-tiger-die-no-problemo.jpg\",\"contentUrl\":\"https:\\\/\\\/miralles1986.com\\\/wp-content\\\/uploads\\\/2026\\\/03\\\/aries-arise-sudadera-tiger-die-no-problemo.jpg\",\"width\":1000,\"height\":1000,\"caption\":\"Aries Arise Sudadera Tiger Dye\"},{\"@type\":\"BreadcrumbList\",\"@id\":\"https:\\\/\\\/miralles1986.com\\\/producto\\\/aries-arise-sudadera-tiger-dye-no-problemo\\\/#breadcrumb\",\"itemListElement\":[{\"@type\":\"ListItem\",\"position\":1,\"name\":\"Portada\",\"item\":\"https:\\\/\\\/miralles1986.com\\\/\"},{\"@type\":\"ListItem\",\"position\":2,\"name\":\"Ropa de lujo para hombre | Stone Island, Y-3, C.P. Company\",\"item\":\"https:\\\/\\\/miralles1986.com\\\/tienda\\\/\"},{\"@type\":\"ListItem\",\"position\":3,\"name\":\"Aries Arise Sudadera Tiger Dye No Problemo\"}]},{\"@type\":\"WebSite\",\"@id\":\"https:\\\/\\\/miralles1986.com\\\/#website\",\"url\":\"https:\\\/\\\/miralles1986.com\\\/\",\"name\":\"Miralles 1986\",\"description\":\"Moda masculina de lujo en Valencia\",\"publisher\":{\"@id\":\"https:\\\/\\\/miralles1986.com\\\/#organization\"},\"potentialAction\":[{\"@type\":\"SearchAction\",\"target\":{\"@type\":\"EntryPoint\",\"urlTemplate\":\"https:\\\/\\\/miralles1986.com\\\/?s={search_term_string}\"},\"query-input\":{\"@type\":\"PropertyValueSpecification\",\"valueRequired\":true,\"valueName\":\"search_term_string\"}}],\"inLanguage\":\"en-GB\"},{\"@type\":\"Organization\",\"@id\":\"https:\\\/\\\/miralles1986.com\\\/#organization\",\"name\":\"Miralles 1986\",\"alternateName\":\"Miralles\",\"url\":\"https:\\\/\\\/miralles1986.com\\\/\",\"logo\":{\"@type\":\"ImageObject\",\"inLanguage\":\"en-GB\",\"@id\":\"https:\\\/\\\/miralles1986.com\\\/#\\\/schema\\\/logo\\\/image\\\/\",\"url\":\"https:\\\/\\\/miralles1986.com\\\/wp-content\\\/uploads\\\/2024\\\/09\\\/logo-miralles-1986-pequeno-bl.png\",\"contentUrl\":\"https:\\\/\\\/miralles1986.com\\\/wp-content\\\/uploads\\\/2024\\\/09\\\/logo-miralles-1986-pequeno-bl.png\",\"width\":201,\"height\":73,\"caption\":\"Miralles 1986\"},\"image\":{\"@id\":\"https:\\\/\\\/miralles1986.com\\\/#\\\/schema\\\/logo\\\/image\\\/\"},\"sameAs\":[\"https:\\\/\\\/www.facebook.com\\\/miralles1986\",\"https:\\\/\\\/www.instagram.com\\\/miralles1986_\\\/\"]}]}<\/script>\n<!-- \/ Yoast SEO plugin. -->","yoast_head_json":{"title":"Aries Arise Tiger Dye Sweatshirt No Problem - Miralles 1986","description":"The Aries Arise Tiger Dye No Problem sweatshirt is made from high-quality 100% cotton with a fleece interior, providing a soft feel.","robots":{"index":"index","follow":"follow","max-snippet":"max-snippet:-1","max-image-preview":"max-image-preview:large","max-video-preview":"max-video-preview:-1"},"canonical":"https:\/\/miralles1986.com\/en\/product\/aries-arise-sudadera-tiger-dye-no-problemo\/","og_locale":"en_GB","og_type":"article","og_title":"Aries Arise Sudadera Tiger Dye No Problemo - Miralles 1986","og_description":"La sudadera Aries Arise Tiger Dye No Problemo est\u00e1 confeccionada en algod\u00f3n 100% de alta calidad con interior afelpado, que proporciona un tacto suave.","og_url":"https:\/\/miralles1986.com\/en\/product\/aries-arise-sudadera-tiger-dye-no-problemo\/","og_site_name":"Miralles 1986","article_publisher":"https:\/\/www.facebook.com\/miralles1986","article_modified_time":"2026-03-24T14:28:55+00:00","og_image":[{"width":1000,"height":1000,"url":"https:\/\/miralles1986.com\/wp-content\/uploads\/2026\/03\/aries-arise-sudadera-tiger-die-no-problemo.jpg","type":"image\/jpeg"}],"twitter_card":"summary_large_image","twitter_misc":{"Estimated reading time":"2 minutes"},"schema":{"@context":"https:\/\/schema.org","@graph":[{"@type":"WebPage","@id":"https:\/\/miralles1986.com\/producto\/aries-arise-sudadera-tiger-dye-no-problemo\/","url":"https:\/\/miralles1986.com\/producto\/aries-arise-sudadera-tiger-dye-no-problemo\/","name":"Aries Arise Tiger Dye Sweatshirt No Problem - Miralles 1986","isPartOf":{"@id":"https:\/\/miralles1986.com\/#website"},"primaryImageOfPage":{"@id":"https:\/\/miralles1986.com\/producto\/aries-arise-sudadera-tiger-dye-no-problemo\/#primaryimage"},"image":{"@id":"https:\/\/miralles1986.com\/producto\/aries-arise-sudadera-tiger-dye-no-problemo\/#primaryimage"},"thumbnailUrl":"https:\/\/miralles1986.com\/wp-content\/uploads\/2026\/03\/aries-arise-sudadera-tiger-die-no-problemo.jpg","datePublished":"2025-11-25T13:23:50+00:00","dateModified":"2026-03-24T14:28:55+00:00","description":"The Aries Arise Tiger Dye No Problem sweatshirt is made from high-quality 100% cotton with a fleece interior, providing a soft feel.","breadcrumb":{"@id":"https:\/\/miralles1986.com\/producto\/aries-arise-sudadera-tiger-dye-no-problemo\/#breadcrumb"},"inLanguage":"en-GB","potentialAction":[{"@type":"ReadAction","target":["https:\/\/miralles1986.com\/producto\/aries-arise-sudadera-tiger-dye-no-problemo\/"]}]},{"@type":"ImageObject","inLanguage":"en-GB","@id":"https:\/\/miralles1986.com\/producto\/aries-arise-sudadera-tiger-dye-no-problemo\/#primaryimage","url":"https:\/\/miralles1986.com\/wp-content\/uploads\/2026\/03\/aries-arise-sudadera-tiger-die-no-problemo.jpg","contentUrl":"https:\/\/miralles1986.com\/wp-content\/uploads\/2026\/03\/aries-arise-sudadera-tiger-die-no-problemo.jpg","width":1000,"height":1000,"caption":"Aries Arise Sudadera Tiger Dye"},{"@type":"BreadcrumbList","@id":"https:\/\/miralles1986.com\/producto\/aries-arise-sudadera-tiger-dye-no-problemo\/#breadcrumb","itemListElement":[{"@type":"ListItem","position":1,"name":"Portada","item":"https:\/\/miralles1986.com\/"},{"@type":"ListItem","position":2,"name":"Ropa de lujo para hombre | Stone Island, Y-3, C.P. Company","item":"https:\/\/miralles1986.com\/tienda\/"},{"@type":"ListItem","position":3,"name":"Aries Arise Sudadera Tiger Dye No Problemo"}]},{"@type":"WebSite","@id":"https:\/\/miralles1986.com\/#website","url":"https:\/\/miralles1986.com\/","name":"Miralles 1986","description":"Luxury men&#039;s fashion in Valencia","publisher":{"@id":"https:\/\/miralles1986.com\/#organization"},"potentialAction":[{"@type":"SearchAction","target":{"@type":"EntryPoint","urlTemplate":"https:\/\/miralles1986.com\/?s={search_term_string}"},"query-input":{"@type":"PropertyValueSpecification","valueRequired":true,"valueName":"search_term_string"}}],"inLanguage":"en-GB"},{"@type":"Organization","@id":"https:\/\/miralles1986.com\/#organization","name":"Miralles 1986","alternateName":"Miralles","url":"https:\/\/miralles1986.com\/","logo":{"@type":"ImageObject","inLanguage":"en-GB","@id":"https:\/\/miralles1986.com\/#\/schema\/logo\/image\/","url":"https:\/\/miralles1986.com\/wp-content\/uploads\/2024\/09\/logo-miralles-1986-pequeno-bl.png","contentUrl":"https:\/\/miralles1986.com\/wp-content\/uploads\/2024\/09\/logo-miralles-1986-pequeno-bl.png","width":201,"height":73,"caption":"Miralles 1986"},"image":{"@id":"https:\/\/miralles1986.com\/#\/schema\/logo\/image\/"},"sameAs":["https:\/\/www.facebook.com\/miralles1986","https:\/\/www.instagram.com\/miralles1986_\/"]}]}},"brands":[{"id":164,"name":"Aries Arise","slug":"aries-arise"}],"_links":{"self":[{"href":"https:\/\/miralles1986.com\/en\/wp-json\/wp\/v2\/product\/18567","targetHints":{"allow":["GET"]}}],"collection":[{"href":"https:\/\/miralles1986.com\/en\/wp-json\/wp\/v2\/product"}],"about":[{"href":"https:\/\/miralles1986.com\/en\/wp-json\/wp\/v2\/types\/product"}],"replies":[{"embeddable":true,"href":"https:\/\/miralles1986.com\/en\/wp-json\/wp\/v2\/comments?post=18567"}],"wp:featuredmedia":[{"embeddable":true,"href":"https:\/\/miralles1986.com\/en\/wp-json\/wp\/v2\/media\/18577"}],"wp:attachment":[{"href":"https:\/\/miralles1986.com\/en\/wp-json\/wp\/v2\/media?parent=18567"}],"wp:term":[{"taxonomy":"pwb-brand","embeddable":true,"href":"https:\/\/miralles1986.com\/en\/wp-json\/wp\/v2\/pwb-brand?post=18567"},{"taxonomy":"product_brand","embeddable":true,"href":"https:\/\/miralles1986.com\/en\/wp-json\/wp\/v2\/product_brand?post=18567"},{"taxonomy":"product_cat","embeddable":true,"href":"https:\/\/miralles1986.com\/en\/wp-json\/wp\/v2\/product_cat?post=18567"},{"taxonomy":"product_tag","embeddable":true,"href":"https:\/\/miralles1986.com\/en\/wp-json\/wp\/v2\/product_tag?post=18567"}],"curies":[{"name":"wp","href":"https:\/\/api.w.org\/{rel}","templated":true}]}}