{"id":18597,"date":"2025-11-25T15:09:26","date_gmt":"2025-11-25T14:09:26","guid":{"rendered":"https:\/\/miralles1986.com\/?post_type=product&#038;p=18597"},"modified":"2026-03-24T15:30:12","modified_gmt":"2026-03-24T14:30:12","slug":"aries-arise-sudadera-temple-hoodie-black","status":"publish","type":"product","link":"https:\/\/miralles1986.com\/en\/producto\/aries-arise-sudadera-temple-hoodie-black\/","title":{"rendered":"Aries Arise Sweatshirt Temple Hoodie Black"},"content":{"rendered":"<p data-start=\"616\" data-end=\"926\"><strong data-start=\"619\" data-end=\"670\">The <a href=\"https:\/\/miralles1986.com\/en\/product-category\/clothes\/sweatshirts\/\">hoodie<\/a> <a href=\"https:\/\/miralles1986.com\/en\/brand\/aries-arise\/\">Aries Arise<\/a> Temple Hoodie Black <\/strong>It&#039;s made from high-quality 100% cotton 3T blend with a soft, fleecy interior, designed for maximum comfort and a distinctive style within contemporary streetwear. This model stands out thanks to its iconic Temple graphic on the chest, one of the brand&#039;s most representative elements, accompanied by a graphic detail on the sleeve that reinforces its visual identity.<\/p>\n<p data-start=\"587\" data-end=\"924\">It features an adjustable drawstring hood, a kangaroo pocket, and ribbed cuffs and hem, providing a comfortable and functional fit for everyday wear. Its cotton fabric with a brushed fleece lining offers warmth and softness, making it ideal for both spring and fall.<\/p>\n<p data-start=\"926\" data-end=\"1189\">Designed in London and made in Italy, this sweatshirt reflects Aries&#039; signature balance of urban style and premium quality. Its regular fit makes it easy to pair with different styles, from casual looks to more contemporary outfits.<\/p>\n<h2 data-section-id=\"p6ldr9\" data-start=\"1196\" data-end=\"1221\"><span role=\"text\"><strong data-start=\"1200\" data-end=\"1219\">Characteristics<\/strong><\/span><\/h2>\n<ul data-start=\"1222\" data-end=\"1532\">\n<li data-section-id=\"s6ymxj\" data-start=\"1222\" data-end=\"1247\">\n<p data-start=\"1224\" data-end=\"1247\">Model: Temple Hoodie<\/p>\n<\/li>\n<li data-section-id=\"7968up\" data-start=\"1248\" data-end=\"1270\">\n<p data-start=\"1250\" data-end=\"1270\">SKU: SRAR20006-BLK<\/p>\n<\/li>\n<li data-section-id=\"167cdmv\" data-start=\"1271\" data-end=\"1289\">\n<p data-start=\"1273\" data-end=\"1289\">Cut: Regular<\/p>\n<\/li>\n<li data-section-id=\"1arp0he\" data-start=\"1290\" data-end=\"1323\">\n<p data-start=\"1292\" data-end=\"1323\">Neck: With adjustable hood<\/p>\n<\/li>\n<li data-section-id=\"1j40t9r\" data-start=\"1324\" data-end=\"1340\">\n<p data-start=\"1326\" data-end=\"1340\">Long sleeve<\/p>\n<\/li>\n<li data-section-id=\"14lmt8n\" data-start=\"1341\" data-end=\"1367\">\n<p data-start=\"1343\" data-end=\"1367\">Pocket: Kangaroo type<\/p>\n<\/li>\n<li data-section-id=\"10ign2h\" data-start=\"1368\" data-end=\"1397\">\n<p data-start=\"1370\" data-end=\"1397\">Composition: 100% cotton<\/p>\n<\/li>\n<li data-section-id=\"xwuqfo\" data-start=\"1398\" data-end=\"1426\">\n<p data-start=\"1400\" data-end=\"1426\">Interior: Brushed plush<\/p>\n<\/li>\n<li data-section-id=\"deq6gu\" data-start=\"1427\" data-end=\"1443\">\n<p data-start=\"1429\" data-end=\"1443\">Color: Black<\/p>\n<\/li>\n<li data-section-id=\"1g7yebe\" data-start=\"1444\" data-end=\"1501\">\n<p data-start=\"1446\" data-end=\"1501\">Print: Temple logo on the chest and graphic on the sleeve<\/p>\n<\/li>\n<li data-section-id=\"vaghy2\" data-start=\"1502\" data-end=\"1532\">\n<p data-start=\"1504\" data-end=\"1532\">Manufacturing: Made in Italy<\/p>\n<\/li>\n<\/ul>\n<h3 data-start=\"2523\" data-end=\"2557\">Why buy this garment?<\/h3>\n<p data-start=\"1579\" data-end=\"1847\">This Aries sweatshirt combines iconic design and premium quality in one garment. The Temple logo and sleeve graphic add a recognizable streetwear style, while its cotton construction with a soft, fleecy interior ensures comfort and durability.<\/p>\n<p data-start=\"1849\" data-end=\"2088\" data-is-last-node=\"\" data-is-only-node=\"\">It&#039;s a versatile and timeless piece, perfect for those looking for a sweatshirt with character, easy to style, and with the added value of being made in Italy. Ideal for elevating any casual look with a touch of contemporary design.<\/p>\n<p data-start=\"1212\" data-end=\"1496\"><strong data-start=\"619\" data-end=\"670\">The <a href=\"https:\/\/miralles1986.com\/en\/product-category\/clothes\/sweatshirts\/\">hoodie<\/a> <a href=\"https:\/\/miralles1986.com\/en\/brand\/aries-arise\/\">Aries Arise<\/a> Temple Hoodie Black is available at Miralles 1986.<\/strong><\/p>","protected":false},"excerpt":{"rendered":"<p data-start=\"72\" data-end=\"160\">Aries hoodie in cotton with Temple logo on the chest and graphic on the sleeve.<\/p>","protected":false},"featured_media":18604,"comment_status":"closed","ping_status":"closed","template":"","meta":[],"pwb-brand":[164],"product_brand":[818],"product_cat":[168,238],"product_tag":[298,1021,239,784],"class_list":{"0":"post-18597","1":"product","2":"type-product","3":"status-publish","4":"has-post-thumbnail","6":"pwb-brand-aries-arise","7":"product_brand-tienda-miralles","8":"product_cat-ropa","9":"product_cat-sudaderas","10":"product_tag-aries-arise","11":"product_tag-primavera-verano-2026","12":"product_tag-sudadera","13":"product_tag-sudaderas-con-capucha","14":"pa_color-negro","15":"pa_composicion-algodon","16":"pa_tamano-l","17":"pa_tamano-m","18":"pa_tamano-s","19":"pa_tamano-xl","20":"pa_tamano-xs","21":"pa_tamano-xxl","23":"first","24":"instock","25":"sold-individually","26":"taxable","27":"shipping-taxable","28":"purchasable","29":"product-type-variable"},"supplier_id":null,"supplier_sku":"","barcode":null,"atum_controlled":true,"out_stock_date":null,"out_stock_threshold":null,"inheritable":true,"inbound_stock":0,"stock_on_hold":0,"sold_today":null,"sales_last_days":null,"reserved_stock":0,"customer_returns":null,"warehouse_damage":null,"lost_in_post":null,"other_logs":null,"out_stock_days":null,"lost_sales":null,"has_location":false,"update_date":"2026-04-14T11:55:48","atum_locations":[],"atum_stock_status":"instock","restock_status":false,"low_stock_amount":"","sales_update_date":"2026-04-14T11:55:48","calc_backorders":null,"yoast_head":"<!-- This site is optimized with the Yoast SEO plugin v27.5 - https:\/\/yoast.com\/product\/yoast-seo-wordpress\/ -->\n<title>Aries Arise Sudadera Temple Hoodie Black - Miralles 1986<\/title>\n<meta name=\"description\" content=\"La sudadera Aries Arise Temple Hoodie Black est\u00e1 confeccionada en algod\u00f3n 100% de alta calidad con interior afelpado, dise\u00f1ada para ofrecer m\u00e1xima comodidad.\" \/>\n<meta name=\"robots\" content=\"index, follow, max-snippet:-1, max-image-preview:large, max-video-preview:-1\" \/>\n<link rel=\"canonical\" href=\"https:\/\/miralles1986.com\/en\/product\/aries-arise-sudadera-temple-hoodie-black\/\" \/>\n<meta property=\"og:locale\" content=\"en_GB\" \/>\n<meta property=\"og:type\" content=\"article\" \/>\n<meta property=\"og:title\" content=\"Aries Arise Sudadera Temple Hoodie Black - Miralles 1986\" \/>\n<meta property=\"og:description\" content=\"La sudadera Aries Arise Temple Hoodie Black est\u00e1 confeccionada en algod\u00f3n 100% de alta calidad con interior afelpado, dise\u00f1ada para ofrecer m\u00e1xima comodidad.\" \/>\n<meta property=\"og:url\" content=\"https:\/\/miralles1986.com\/en\/product\/aries-arise-sudadera-temple-hoodie-black\/\" \/>\n<meta property=\"og:site_name\" content=\"Miralles 1986\" \/>\n<meta property=\"article:publisher\" content=\"https:\/\/www.facebook.com\/miralles1986\" \/>\n<meta property=\"article:modified_time\" content=\"2026-03-24T14:30:12+00:00\" \/>\n<meta property=\"og:image\" content=\"https:\/\/miralles1986.com\/wp-content\/uploads\/2026\/03\/aries-arise-sudadera-temple-hoodie-black-2.jpg\" \/>\n\t<meta property=\"og:image:width\" content=\"1000\" \/>\n\t<meta property=\"og:image:height\" content=\"1000\" \/>\n\t<meta property=\"og:image:type\" content=\"image\/jpeg\" \/>\n<meta name=\"twitter:card\" content=\"summary_large_image\" \/>\n<meta name=\"twitter:label1\" content=\"Estimated reading time\" \/>\n\t<meta name=\"twitter:data1\" content=\"2 minutes\" \/>\n<script type=\"application\/ld+json\" class=\"yoast-schema-graph\">{\"@context\":\"https:\\\/\\\/schema.org\",\"@graph\":[{\"@type\":\"WebPage\",\"@id\":\"https:\\\/\\\/miralles1986.com\\\/producto\\\/aries-arise-sudadera-temple-hoodie-black\\\/\",\"url\":\"https:\\\/\\\/miralles1986.com\\\/producto\\\/aries-arise-sudadera-temple-hoodie-black\\\/\",\"name\":\"Aries Arise Sudadera Temple Hoodie Black - Miralles 1986\",\"isPartOf\":{\"@id\":\"https:\\\/\\\/miralles1986.com\\\/#website\"},\"primaryImageOfPage\":{\"@id\":\"https:\\\/\\\/miralles1986.com\\\/producto\\\/aries-arise-sudadera-temple-hoodie-black\\\/#primaryimage\"},\"image\":{\"@id\":\"https:\\\/\\\/miralles1986.com\\\/producto\\\/aries-arise-sudadera-temple-hoodie-black\\\/#primaryimage\"},\"thumbnailUrl\":\"https:\\\/\\\/miralles1986.com\\\/wp-content\\\/uploads\\\/2026\\\/03\\\/aries-arise-sudadera-temple-hoodie-black-2.jpg\",\"datePublished\":\"2025-11-25T14:09:26+00:00\",\"dateModified\":\"2026-03-24T14:30:12+00:00\",\"description\":\"La sudadera Aries Arise Temple Hoodie Black est\u00e1 confeccionada en algod\u00f3n 100% de alta calidad con interior afelpado, dise\u00f1ada para ofrecer m\u00e1xima comodidad.\",\"breadcrumb\":{\"@id\":\"https:\\\/\\\/miralles1986.com\\\/producto\\\/aries-arise-sudadera-temple-hoodie-black\\\/#breadcrumb\"},\"inLanguage\":\"en-GB\",\"potentialAction\":[{\"@type\":\"ReadAction\",\"target\":[\"https:\\\/\\\/miralles1986.com\\\/producto\\\/aries-arise-sudadera-temple-hoodie-black\\\/\"]}]},{\"@type\":\"ImageObject\",\"inLanguage\":\"en-GB\",\"@id\":\"https:\\\/\\\/miralles1986.com\\\/producto\\\/aries-arise-sudadera-temple-hoodie-black\\\/#primaryimage\",\"url\":\"https:\\\/\\\/miralles1986.com\\\/wp-content\\\/uploads\\\/2026\\\/03\\\/aries-arise-sudadera-temple-hoodie-black-2.jpg\",\"contentUrl\":\"https:\\\/\\\/miralles1986.com\\\/wp-content\\\/uploads\\\/2026\\\/03\\\/aries-arise-sudadera-temple-hoodie-black-2.jpg\",\"width\":1000,\"height\":1000,\"caption\":\"Aries Arise Sudadera Temple Hoodie Black\"},{\"@type\":\"BreadcrumbList\",\"@id\":\"https:\\\/\\\/miralles1986.com\\\/producto\\\/aries-arise-sudadera-temple-hoodie-black\\\/#breadcrumb\",\"itemListElement\":[{\"@type\":\"ListItem\",\"position\":1,\"name\":\"Portada\",\"item\":\"https:\\\/\\\/miralles1986.com\\\/\"},{\"@type\":\"ListItem\",\"position\":2,\"name\":\"Ropa de lujo para hombre | Stone Island, Y-3, C.P. Company\",\"item\":\"https:\\\/\\\/miralles1986.com\\\/tienda\\\/\"},{\"@type\":\"ListItem\",\"position\":3,\"name\":\"Aries Arise Sudadera Temple Hoodie Black\"}]},{\"@type\":\"WebSite\",\"@id\":\"https:\\\/\\\/miralles1986.com\\\/#website\",\"url\":\"https:\\\/\\\/miralles1986.com\\\/\",\"name\":\"Miralles 1986\",\"description\":\"Moda masculina de lujo en Valencia\",\"publisher\":{\"@id\":\"https:\\\/\\\/miralles1986.com\\\/#organization\"},\"potentialAction\":[{\"@type\":\"SearchAction\",\"target\":{\"@type\":\"EntryPoint\",\"urlTemplate\":\"https:\\\/\\\/miralles1986.com\\\/?s={search_term_string}\"},\"query-input\":{\"@type\":\"PropertyValueSpecification\",\"valueRequired\":true,\"valueName\":\"search_term_string\"}}],\"inLanguage\":\"en-GB\"},{\"@type\":\"Organization\",\"@id\":\"https:\\\/\\\/miralles1986.com\\\/#organization\",\"name\":\"Miralles 1986\",\"alternateName\":\"Miralles\",\"url\":\"https:\\\/\\\/miralles1986.com\\\/\",\"logo\":{\"@type\":\"ImageObject\",\"inLanguage\":\"en-GB\",\"@id\":\"https:\\\/\\\/miralles1986.com\\\/#\\\/schema\\\/logo\\\/image\\\/\",\"url\":\"https:\\\/\\\/miralles1986.com\\\/wp-content\\\/uploads\\\/2024\\\/09\\\/logo-miralles-1986-pequeno-bl.png\",\"contentUrl\":\"https:\\\/\\\/miralles1986.com\\\/wp-content\\\/uploads\\\/2024\\\/09\\\/logo-miralles-1986-pequeno-bl.png\",\"width\":201,\"height\":73,\"caption\":\"Miralles 1986\"},\"image\":{\"@id\":\"https:\\\/\\\/miralles1986.com\\\/#\\\/schema\\\/logo\\\/image\\\/\"},\"sameAs\":[\"https:\\\/\\\/www.facebook.com\\\/miralles1986\",\"https:\\\/\\\/www.instagram.com\\\/miralles1986_\\\/\"]}]}<\/script>\n<!-- \/ Yoast SEO plugin. -->","yoast_head_json":{"title":"Aries Arise Sweatshirt Temple Hoodie Black - Miralles 1986","description":"The Aries Arise Temple Hoodie Black sweatshirt is made from high-quality 100% cotton with a fleece interior, designed to offer maximum comfort.","robots":{"index":"index","follow":"follow","max-snippet":"max-snippet:-1","max-image-preview":"max-image-preview:large","max-video-preview":"max-video-preview:-1"},"canonical":"https:\/\/miralles1986.com\/en\/product\/aries-arise-sudadera-temple-hoodie-black\/","og_locale":"en_GB","og_type":"article","og_title":"Aries Arise Sudadera Temple Hoodie Black - Miralles 1986","og_description":"La sudadera Aries Arise Temple Hoodie Black est\u00e1 confeccionada en algod\u00f3n 100% de alta calidad con interior afelpado, dise\u00f1ada para ofrecer m\u00e1xima comodidad.","og_url":"https:\/\/miralles1986.com\/en\/product\/aries-arise-sudadera-temple-hoodie-black\/","og_site_name":"Miralles 1986","article_publisher":"https:\/\/www.facebook.com\/miralles1986","article_modified_time":"2026-03-24T14:30:12+00:00","og_image":[{"width":1000,"height":1000,"url":"https:\/\/miralles1986.com\/wp-content\/uploads\/2026\/03\/aries-arise-sudadera-temple-hoodie-black-2.jpg","type":"image\/jpeg"}],"twitter_card":"summary_large_image","twitter_misc":{"Estimated reading time":"2 minutes"},"schema":{"@context":"https:\/\/schema.org","@graph":[{"@type":"WebPage","@id":"https:\/\/miralles1986.com\/producto\/aries-arise-sudadera-temple-hoodie-black\/","url":"https:\/\/miralles1986.com\/producto\/aries-arise-sudadera-temple-hoodie-black\/","name":"Aries Arise Sweatshirt Temple Hoodie Black - Miralles 1986","isPartOf":{"@id":"https:\/\/miralles1986.com\/#website"},"primaryImageOfPage":{"@id":"https:\/\/miralles1986.com\/producto\/aries-arise-sudadera-temple-hoodie-black\/#primaryimage"},"image":{"@id":"https:\/\/miralles1986.com\/producto\/aries-arise-sudadera-temple-hoodie-black\/#primaryimage"},"thumbnailUrl":"https:\/\/miralles1986.com\/wp-content\/uploads\/2026\/03\/aries-arise-sudadera-temple-hoodie-black-2.jpg","datePublished":"2025-11-25T14:09:26+00:00","dateModified":"2026-03-24T14:30:12+00:00","description":"The Aries Arise Temple Hoodie Black sweatshirt is made from high-quality 100% cotton with a fleece interior, designed to offer maximum comfort.","breadcrumb":{"@id":"https:\/\/miralles1986.com\/producto\/aries-arise-sudadera-temple-hoodie-black\/#breadcrumb"},"inLanguage":"en-GB","potentialAction":[{"@type":"ReadAction","target":["https:\/\/miralles1986.com\/producto\/aries-arise-sudadera-temple-hoodie-black\/"]}]},{"@type":"ImageObject","inLanguage":"en-GB","@id":"https:\/\/miralles1986.com\/producto\/aries-arise-sudadera-temple-hoodie-black\/#primaryimage","url":"https:\/\/miralles1986.com\/wp-content\/uploads\/2026\/03\/aries-arise-sudadera-temple-hoodie-black-2.jpg","contentUrl":"https:\/\/miralles1986.com\/wp-content\/uploads\/2026\/03\/aries-arise-sudadera-temple-hoodie-black-2.jpg","width":1000,"height":1000,"caption":"Aries Arise Sudadera Temple Hoodie Black"},{"@type":"BreadcrumbList","@id":"https:\/\/miralles1986.com\/producto\/aries-arise-sudadera-temple-hoodie-black\/#breadcrumb","itemListElement":[{"@type":"ListItem","position":1,"name":"Portada","item":"https:\/\/miralles1986.com\/"},{"@type":"ListItem","position":2,"name":"Ropa de lujo para hombre | Stone Island, Y-3, C.P. Company","item":"https:\/\/miralles1986.com\/tienda\/"},{"@type":"ListItem","position":3,"name":"Aries Arise Sudadera Temple Hoodie Black"}]},{"@type":"WebSite","@id":"https:\/\/miralles1986.com\/#website","url":"https:\/\/miralles1986.com\/","name":"Miralles 1986","description":"Luxury men&#039;s fashion in Valencia","publisher":{"@id":"https:\/\/miralles1986.com\/#organization"},"potentialAction":[{"@type":"SearchAction","target":{"@type":"EntryPoint","urlTemplate":"https:\/\/miralles1986.com\/?s={search_term_string}"},"query-input":{"@type":"PropertyValueSpecification","valueRequired":true,"valueName":"search_term_string"}}],"inLanguage":"en-GB"},{"@type":"Organization","@id":"https:\/\/miralles1986.com\/#organization","name":"Miralles 1986","alternateName":"Miralles","url":"https:\/\/miralles1986.com\/","logo":{"@type":"ImageObject","inLanguage":"en-GB","@id":"https:\/\/miralles1986.com\/#\/schema\/logo\/image\/","url":"https:\/\/miralles1986.com\/wp-content\/uploads\/2024\/09\/logo-miralles-1986-pequeno-bl.png","contentUrl":"https:\/\/miralles1986.com\/wp-content\/uploads\/2024\/09\/logo-miralles-1986-pequeno-bl.png","width":201,"height":73,"caption":"Miralles 1986"},"image":{"@id":"https:\/\/miralles1986.com\/#\/schema\/logo\/image\/"},"sameAs":["https:\/\/www.facebook.com\/miralles1986","https:\/\/www.instagram.com\/miralles1986_\/"]}]}},"brands":[{"id":164,"name":"Aries Arise","slug":"aries-arise"}],"_links":{"self":[{"href":"https:\/\/miralles1986.com\/en\/wp-json\/wp\/v2\/product\/18597","targetHints":{"allow":["GET"]}}],"collection":[{"href":"https:\/\/miralles1986.com\/en\/wp-json\/wp\/v2\/product"}],"about":[{"href":"https:\/\/miralles1986.com\/en\/wp-json\/wp\/v2\/types\/product"}],"replies":[{"embeddable":true,"href":"https:\/\/miralles1986.com\/en\/wp-json\/wp\/v2\/comments?post=18597"}],"wp:featuredmedia":[{"embeddable":true,"href":"https:\/\/miralles1986.com\/en\/wp-json\/wp\/v2\/media\/18604"}],"wp:attachment":[{"href":"https:\/\/miralles1986.com\/en\/wp-json\/wp\/v2\/media?parent=18597"}],"wp:term":[{"taxonomy":"pwb-brand","embeddable":true,"href":"https:\/\/miralles1986.com\/en\/wp-json\/wp\/v2\/pwb-brand?post=18597"},{"taxonomy":"product_brand","embeddable":true,"href":"https:\/\/miralles1986.com\/en\/wp-json\/wp\/v2\/product_brand?post=18597"},{"taxonomy":"product_cat","embeddable":true,"href":"https:\/\/miralles1986.com\/en\/wp-json\/wp\/v2\/product_cat?post=18597"},{"taxonomy":"product_tag","embeddable":true,"href":"https:\/\/miralles1986.com\/en\/wp-json\/wp\/v2\/product_tag?post=18597"}],"curies":[{"name":"wp","href":"https:\/\/api.w.org\/{rel}","templated":true}]}}