{"id":18616,"date":"2025-11-25T16:00:49","date_gmt":"2025-11-25T15:00:49","guid":{"rendered":"https:\/\/miralles1986.com\/?post_type=product&#038;p=18616"},"modified":"2026-03-24T15:30:55","modified_gmt":"2026-03-24T14:30:55","slug":"aries-arise-shorts-tie-dye-temple-logo","status":"publish","type":"product","link":"https:\/\/miralles1986.com\/en\/producto\/aries-arise-shorts-tie-dye-temple-logo\/","title":{"rendered":"Aries Arise Shorts Tie Dye Temple Logo"},"content":{"rendered":"<p data-start=\"616\" data-end=\"926\"><strong data-start=\"619\" data-end=\"670\">The <a href=\"https:\/\/miralles1986.com\/en\/product-category\/clothes\/pants\/premium-bermuda-shorts\/\">shorts<\/a> <a href=\"https:\/\/miralles1986.com\/en\/brand\/aries-arise\/\">Aries Arise<\/a> Tie Dye Temple Logo <\/strong>They are made from high-quality 100% cotton 3T blend with a soft, fleecy interior, designed to offer comfort and style during the warmer months. This model stands out for its finish. <em data-start=\"416\" data-end=\"425\">tie-dye<\/em> in lilac tones, made through a manual dyeing process that makes each garment unique.<\/p>\n<p data-start=\"526\" data-end=\"842\">It features an elastic waistband with an adjustable drawstring for a comfortable and personalized fit, as well as functional side pockets for everyday practicality. The design is completed with the iconic Aries Temple logo printed on the leg, adding a distinctive and recognizable graphic touch.<\/p>\n<p data-start=\"844\" data-end=\"1090\">Thanks to their regular fit and soft fabric, these shorts are ideal for both relaxed looks and more contemporary urban outfits. Made in Italy, they reflect the premium quality and contemporary aesthetic characteristic of Aries Arise.<\/p>\n<h2 data-section-id=\"p6ldr9\" data-start=\"1097\" data-end=\"1122\"><span role=\"text\"><strong data-start=\"1101\" data-end=\"1120\">Characteristics<\/strong><\/span><\/h2>\n<ul data-start=\"1123\" data-end=\"1428\">\n<li data-section-id=\"lafudt\" data-start=\"1123\" data-end=\"1160\">\n<p data-start=\"1125\" data-end=\"1160\">Model: Tie Dye Temple Sweatshort<\/p>\n<\/li>\n<li data-section-id=\"mkx16h\" data-start=\"1161\" data-end=\"1184\">\n<p data-start=\"1163\" data-end=\"1184\">SKU: SRAR30202-LILC<\/p>\n<\/li>\n<li data-section-id=\"167cdmv\" data-start=\"1185\" data-end=\"1203\">\n<p data-start=\"1187\" data-end=\"1203\">Cut: Regular<\/p>\n<\/li>\n<li data-section-id=\"1fijyza\" data-start=\"1204\" data-end=\"1246\">\n<p data-start=\"1206\" data-end=\"1246\">Waist: Elastic with adjustable drawstring<\/p>\n<\/li>\n<li data-section-id=\"1vmfun4\" data-start=\"1247\" data-end=\"1271\">\n<p data-start=\"1249\" data-end=\"1271\">Pockets: Side pockets<\/p>\n<\/li>\n<li data-section-id=\"10ign2h\" data-start=\"1272\" data-end=\"1301\">\n<p data-start=\"1274\" data-end=\"1301\">Composition: 100% cotton<\/p>\n<\/li>\n<li data-section-id=\"xwuqfo\" data-start=\"1302\" data-end=\"1330\">\n<p data-start=\"1304\" data-end=\"1330\">Interior: Brushed plush<\/p>\n<\/li>\n<li data-section-id=\"1w6pp6w\" data-start=\"1331\" data-end=\"1357\">\n<p data-start=\"1333\" data-end=\"1357\">Color: Lilac (tie-dye)<\/p>\n<\/li>\n<li data-section-id=\"1khk17z\" data-start=\"1358\" data-end=\"1397\">\n<p data-start=\"1360\" data-end=\"1397\">Print: Temple logo on the leg<\/p>\n<\/li>\n<li data-section-id=\"vaghy2\" data-start=\"1398\" data-end=\"1428\">\n<p data-start=\"1400\" data-end=\"1428\">Manufacturing: Made in Italy<\/p>\n<\/li>\n<\/ul>\n<h3 data-start=\"2523\" data-end=\"2557\">Why buy these Aries Arise shorts?<\/h3>\n<p data-start=\"1481\" data-end=\"1723\">These Aries shorts combine comfort and style in a summer essential. Their handcrafted tie-dye finish adds a unique look, while the soft cotton lining ensures all-day comfort.<\/p>\n<p data-start=\"1725\" data-end=\"1961\" data-is-last-node=\"\" data-is-only-node=\"\">They&#039;re perfect for those looking for a casual garment with character, easy to style, and with the added value of Italian craftsmanship. A versatile option that elevates any relaxed look with a distinctive touch of premium streetwear.<\/p>\n<p data-start=\"1212\" data-end=\"1496\"><strong data-start=\"619\" data-end=\"670\">The <a href=\"https:\/\/miralles1986.com\/en\/product-category\/clothes\/pants\/premium-bermuda-shorts\/\">shorts<\/a> <a href=\"https:\/\/miralles1986.com\/en\/brand\/aries-arise\/\">Aries Arise<\/a> Tie Dye Temple Logo are available at Miralles 1986.<\/strong><\/p>","protected":false},"excerpt":{"rendered":"<p data-start=\"94\" data-end=\"170\">Aries cotton shorts with tie-dye finish and Temple logo print.<\/p>","protected":false},"featured_media":18626,"comment_status":"closed","ping_status":"closed","template":"","meta":[],"pwb-brand":[164],"product_brand":[818],"product_cat":[418,226,227,168],"product_tag":[298,417,345,1021],"class_list":{"0":"post-18616","1":"product","2":"type-product","3":"status-publish","4":"has-post-thumbnail","6":"pwb-brand-aries-arise","7":"product_brand-tienda-miralles","8":"product_cat-bermudas-premium","9":"product_cat-pantalones","10":"product_cat-pantalones-sport-miralles-1986","11":"product_cat-ropa","12":"product_tag-aries-arise","13":"product_tag-bermudas","14":"product_tag-pantalones-cortos","15":"product_tag-primavera-verano-2026","16":"pa_color-lila","17":"pa_composicion-algodon","18":"pa_tamano-l","19":"pa_tamano-m","20":"pa_tamano-s","21":"pa_tamano-xl","22":"pa_tamano-xs","23":"pa_tamano-xxl","25":"first","26":"instock","27":"sold-individually","28":"taxable","29":"shipping-taxable","30":"purchasable","31":"product-type-variable"},"supplier_id":null,"supplier_sku":"","barcode":null,"atum_controlled":true,"out_stock_date":null,"out_stock_threshold":null,"inheritable":true,"inbound_stock":0,"stock_on_hold":0,"sold_today":null,"sales_last_days":null,"reserved_stock":0,"customer_returns":null,"warehouse_damage":null,"lost_in_post":null,"other_logs":null,"out_stock_days":null,"lost_sales":null,"has_location":false,"update_date":"2026-04-27T08:11:12","atum_locations":[],"atum_stock_status":"instock","restock_status":false,"low_stock_amount":"","sales_update_date":"2026-04-27T08:11:12","calc_backorders":null,"yoast_head":"<!-- This site is optimized with the Yoast SEO plugin v27.5 - https:\/\/yoast.com\/product\/yoast-seo-wordpress\/ -->\n<title>Aries Arise Shorts Tie Dye Temple Logo - Miralles 1986<\/title>\n<meta name=\"description\" content=\"Los shorts Aries Arise Tie Dye Temple Logo est\u00e1n confeccionados en algod\u00f3n 100% de alta calidad con interior afelpado, dise\u00f1ados para ofrecer comodidad.\" \/>\n<meta name=\"robots\" content=\"index, follow, max-snippet:-1, max-image-preview:large, max-video-preview:-1\" \/>\n<link rel=\"canonical\" href=\"https:\/\/miralles1986.com\/en\/product\/aries-arise-shorts-tie-dye-temple-logo\/\" \/>\n<meta property=\"og:locale\" content=\"en_GB\" \/>\n<meta property=\"og:type\" content=\"article\" \/>\n<meta property=\"og:title\" content=\"Aries Arise Shorts Tie Dye Temple Logo - Miralles 1986\" \/>\n<meta property=\"og:description\" content=\"Los shorts Aries Arise Tie Dye Temple Logo est\u00e1n confeccionados en algod\u00f3n 100% de alta calidad con interior afelpado, dise\u00f1ados para ofrecer comodidad.\" \/>\n<meta property=\"og:url\" content=\"https:\/\/miralles1986.com\/en\/product\/aries-arise-shorts-tie-dye-temple-logo\/\" \/>\n<meta property=\"og:site_name\" content=\"Miralles 1986\" \/>\n<meta property=\"article:publisher\" content=\"https:\/\/www.facebook.com\/miralles1986\" \/>\n<meta property=\"article:modified_time\" content=\"2026-03-24T14:30:55+00:00\" \/>\n<meta property=\"og:image\" content=\"https:\/\/miralles1986.com\/wp-content\/uploads\/2026\/03\/aries-arise-bermudas-shorts-tie-dye.jpg\" \/>\n\t<meta property=\"og:image:width\" content=\"1000\" \/>\n\t<meta property=\"og:image:height\" content=\"1000\" \/>\n\t<meta property=\"og:image:type\" content=\"image\/jpeg\" \/>\n<meta name=\"twitter:card\" content=\"summary_large_image\" \/>\n<meta name=\"twitter:label1\" content=\"Estimated reading time\" \/>\n\t<meta name=\"twitter:data1\" content=\"2 minutes\" \/>\n<script type=\"application\/ld+json\" class=\"yoast-schema-graph\">{\"@context\":\"https:\\\/\\\/schema.org\",\"@graph\":[{\"@type\":\"WebPage\",\"@id\":\"https:\\\/\\\/miralles1986.com\\\/producto\\\/aries-arise-shorts-tie-dye-temple-logo\\\/\",\"url\":\"https:\\\/\\\/miralles1986.com\\\/producto\\\/aries-arise-shorts-tie-dye-temple-logo\\\/\",\"name\":\"Aries Arise Shorts Tie Dye Temple Logo - Miralles 1986\",\"isPartOf\":{\"@id\":\"https:\\\/\\\/miralles1986.com\\\/#website\"},\"primaryImageOfPage\":{\"@id\":\"https:\\\/\\\/miralles1986.com\\\/producto\\\/aries-arise-shorts-tie-dye-temple-logo\\\/#primaryimage\"},\"image\":{\"@id\":\"https:\\\/\\\/miralles1986.com\\\/producto\\\/aries-arise-shorts-tie-dye-temple-logo\\\/#primaryimage\"},\"thumbnailUrl\":\"https:\\\/\\\/miralles1986.com\\\/wp-content\\\/uploads\\\/2026\\\/03\\\/aries-arise-bermudas-shorts-tie-dye.jpg\",\"datePublished\":\"2025-11-25T15:00:49+00:00\",\"dateModified\":\"2026-03-24T14:30:55+00:00\",\"description\":\"Los shorts Aries Arise Tie Dye Temple Logo est\u00e1n confeccionados en algod\u00f3n 100% de alta calidad con interior afelpado, dise\u00f1ados para ofrecer comodidad.\",\"breadcrumb\":{\"@id\":\"https:\\\/\\\/miralles1986.com\\\/producto\\\/aries-arise-shorts-tie-dye-temple-logo\\\/#breadcrumb\"},\"inLanguage\":\"en-GB\",\"potentialAction\":[{\"@type\":\"ReadAction\",\"target\":[\"https:\\\/\\\/miralles1986.com\\\/producto\\\/aries-arise-shorts-tie-dye-temple-logo\\\/\"]}]},{\"@type\":\"ImageObject\",\"inLanguage\":\"en-GB\",\"@id\":\"https:\\\/\\\/miralles1986.com\\\/producto\\\/aries-arise-shorts-tie-dye-temple-logo\\\/#primaryimage\",\"url\":\"https:\\\/\\\/miralles1986.com\\\/wp-content\\\/uploads\\\/2026\\\/03\\\/aries-arise-bermudas-shorts-tie-dye.jpg\",\"contentUrl\":\"https:\\\/\\\/miralles1986.com\\\/wp-content\\\/uploads\\\/2026\\\/03\\\/aries-arise-bermudas-shorts-tie-dye.jpg\",\"width\":1000,\"height\":1000},{\"@type\":\"BreadcrumbList\",\"@id\":\"https:\\\/\\\/miralles1986.com\\\/producto\\\/aries-arise-shorts-tie-dye-temple-logo\\\/#breadcrumb\",\"itemListElement\":[{\"@type\":\"ListItem\",\"position\":1,\"name\":\"Portada\",\"item\":\"https:\\\/\\\/miralles1986.com\\\/\"},{\"@type\":\"ListItem\",\"position\":2,\"name\":\"Ropa de lujo para hombre | Stone Island, Y-3, C.P. Company\",\"item\":\"https:\\\/\\\/miralles1986.com\\\/tienda\\\/\"},{\"@type\":\"ListItem\",\"position\":3,\"name\":\"Aries Arise Shorts Tie Dye Temple Logo\"}]},{\"@type\":\"WebSite\",\"@id\":\"https:\\\/\\\/miralles1986.com\\\/#website\",\"url\":\"https:\\\/\\\/miralles1986.com\\\/\",\"name\":\"Miralles 1986\",\"description\":\"Moda masculina de lujo en Valencia\",\"publisher\":{\"@id\":\"https:\\\/\\\/miralles1986.com\\\/#organization\"},\"potentialAction\":[{\"@type\":\"SearchAction\",\"target\":{\"@type\":\"EntryPoint\",\"urlTemplate\":\"https:\\\/\\\/miralles1986.com\\\/?s={search_term_string}\"},\"query-input\":{\"@type\":\"PropertyValueSpecification\",\"valueRequired\":true,\"valueName\":\"search_term_string\"}}],\"inLanguage\":\"en-GB\"},{\"@type\":\"Organization\",\"@id\":\"https:\\\/\\\/miralles1986.com\\\/#organization\",\"name\":\"Miralles 1986\",\"alternateName\":\"Miralles\",\"url\":\"https:\\\/\\\/miralles1986.com\\\/\",\"logo\":{\"@type\":\"ImageObject\",\"inLanguage\":\"en-GB\",\"@id\":\"https:\\\/\\\/miralles1986.com\\\/#\\\/schema\\\/logo\\\/image\\\/\",\"url\":\"https:\\\/\\\/miralles1986.com\\\/wp-content\\\/uploads\\\/2024\\\/09\\\/logo-miralles-1986-pequeno-bl.png\",\"contentUrl\":\"https:\\\/\\\/miralles1986.com\\\/wp-content\\\/uploads\\\/2024\\\/09\\\/logo-miralles-1986-pequeno-bl.png\",\"width\":201,\"height\":73,\"caption\":\"Miralles 1986\"},\"image\":{\"@id\":\"https:\\\/\\\/miralles1986.com\\\/#\\\/schema\\\/logo\\\/image\\\/\"},\"sameAs\":[\"https:\\\/\\\/www.facebook.com\\\/miralles1986\",\"https:\\\/\\\/www.instagram.com\\\/miralles1986_\\\/\"]}]}<\/script>\n<!-- \/ Yoast SEO plugin. -->","yoast_head_json":{"title":"Aries Arise Shorts Tie Dye Temple Logo - Miralles 1986","description":"The Aries Arise Tie Dye Temple Logo shorts are made from high-quality 100% cotton with a soft, fleecy interior, designed for comfort.","robots":{"index":"index","follow":"follow","max-snippet":"max-snippet:-1","max-image-preview":"max-image-preview:large","max-video-preview":"max-video-preview:-1"},"canonical":"https:\/\/miralles1986.com\/en\/product\/aries-arise-shorts-tie-dye-temple-logo\/","og_locale":"en_GB","og_type":"article","og_title":"Aries Arise Shorts Tie Dye Temple Logo - Miralles 1986","og_description":"Los shorts Aries Arise Tie Dye Temple Logo est\u00e1n confeccionados en algod\u00f3n 100% de alta calidad con interior afelpado, dise\u00f1ados para ofrecer comodidad.","og_url":"https:\/\/miralles1986.com\/en\/product\/aries-arise-shorts-tie-dye-temple-logo\/","og_site_name":"Miralles 1986","article_publisher":"https:\/\/www.facebook.com\/miralles1986","article_modified_time":"2026-03-24T14:30:55+00:00","og_image":[{"width":1000,"height":1000,"url":"https:\/\/miralles1986.com\/wp-content\/uploads\/2026\/03\/aries-arise-bermudas-shorts-tie-dye.jpg","type":"image\/jpeg"}],"twitter_card":"summary_large_image","twitter_misc":{"Estimated reading time":"2 minutes"},"schema":{"@context":"https:\/\/schema.org","@graph":[{"@type":"WebPage","@id":"https:\/\/miralles1986.com\/producto\/aries-arise-shorts-tie-dye-temple-logo\/","url":"https:\/\/miralles1986.com\/producto\/aries-arise-shorts-tie-dye-temple-logo\/","name":"Aries Arise Shorts Tie Dye Temple Logo - Miralles 1986","isPartOf":{"@id":"https:\/\/miralles1986.com\/#website"},"primaryImageOfPage":{"@id":"https:\/\/miralles1986.com\/producto\/aries-arise-shorts-tie-dye-temple-logo\/#primaryimage"},"image":{"@id":"https:\/\/miralles1986.com\/producto\/aries-arise-shorts-tie-dye-temple-logo\/#primaryimage"},"thumbnailUrl":"https:\/\/miralles1986.com\/wp-content\/uploads\/2026\/03\/aries-arise-bermudas-shorts-tie-dye.jpg","datePublished":"2025-11-25T15:00:49+00:00","dateModified":"2026-03-24T14:30:55+00:00","description":"The Aries Arise Tie Dye Temple Logo shorts are made from high-quality 100% cotton with a soft, fleecy interior, designed for comfort.","breadcrumb":{"@id":"https:\/\/miralles1986.com\/producto\/aries-arise-shorts-tie-dye-temple-logo\/#breadcrumb"},"inLanguage":"en-GB","potentialAction":[{"@type":"ReadAction","target":["https:\/\/miralles1986.com\/producto\/aries-arise-shorts-tie-dye-temple-logo\/"]}]},{"@type":"ImageObject","inLanguage":"en-GB","@id":"https:\/\/miralles1986.com\/producto\/aries-arise-shorts-tie-dye-temple-logo\/#primaryimage","url":"https:\/\/miralles1986.com\/wp-content\/uploads\/2026\/03\/aries-arise-bermudas-shorts-tie-dye.jpg","contentUrl":"https:\/\/miralles1986.com\/wp-content\/uploads\/2026\/03\/aries-arise-bermudas-shorts-tie-dye.jpg","width":1000,"height":1000},{"@type":"BreadcrumbList","@id":"https:\/\/miralles1986.com\/producto\/aries-arise-shorts-tie-dye-temple-logo\/#breadcrumb","itemListElement":[{"@type":"ListItem","position":1,"name":"Portada","item":"https:\/\/miralles1986.com\/"},{"@type":"ListItem","position":2,"name":"Ropa de lujo para hombre | Stone Island, Y-3, C.P. Company","item":"https:\/\/miralles1986.com\/tienda\/"},{"@type":"ListItem","position":3,"name":"Aries Arise Shorts Tie Dye Temple Logo"}]},{"@type":"WebSite","@id":"https:\/\/miralles1986.com\/#website","url":"https:\/\/miralles1986.com\/","name":"Miralles 1986","description":"Luxury men&#039;s fashion in Valencia","publisher":{"@id":"https:\/\/miralles1986.com\/#organization"},"potentialAction":[{"@type":"SearchAction","target":{"@type":"EntryPoint","urlTemplate":"https:\/\/miralles1986.com\/?s={search_term_string}"},"query-input":{"@type":"PropertyValueSpecification","valueRequired":true,"valueName":"search_term_string"}}],"inLanguage":"en-GB"},{"@type":"Organization","@id":"https:\/\/miralles1986.com\/#organization","name":"Miralles 1986","alternateName":"Miralles","url":"https:\/\/miralles1986.com\/","logo":{"@type":"ImageObject","inLanguage":"en-GB","@id":"https:\/\/miralles1986.com\/#\/schema\/logo\/image\/","url":"https:\/\/miralles1986.com\/wp-content\/uploads\/2024\/09\/logo-miralles-1986-pequeno-bl.png","contentUrl":"https:\/\/miralles1986.com\/wp-content\/uploads\/2024\/09\/logo-miralles-1986-pequeno-bl.png","width":201,"height":73,"caption":"Miralles 1986"},"image":{"@id":"https:\/\/miralles1986.com\/#\/schema\/logo\/image\/"},"sameAs":["https:\/\/www.facebook.com\/miralles1986","https:\/\/www.instagram.com\/miralles1986_\/"]}]}},"brands":[{"id":164,"name":"Aries Arise","slug":"aries-arise"}],"_links":{"self":[{"href":"https:\/\/miralles1986.com\/en\/wp-json\/wp\/v2\/product\/18616","targetHints":{"allow":["GET"]}}],"collection":[{"href":"https:\/\/miralles1986.com\/en\/wp-json\/wp\/v2\/product"}],"about":[{"href":"https:\/\/miralles1986.com\/en\/wp-json\/wp\/v2\/types\/product"}],"replies":[{"embeddable":true,"href":"https:\/\/miralles1986.com\/en\/wp-json\/wp\/v2\/comments?post=18616"}],"wp:featuredmedia":[{"embeddable":true,"href":"https:\/\/miralles1986.com\/en\/wp-json\/wp\/v2\/media\/18626"}],"wp:attachment":[{"href":"https:\/\/miralles1986.com\/en\/wp-json\/wp\/v2\/media?parent=18616"}],"wp:term":[{"taxonomy":"pwb-brand","embeddable":true,"href":"https:\/\/miralles1986.com\/en\/wp-json\/wp\/v2\/pwb-brand?post=18616"},{"taxonomy":"product_brand","embeddable":true,"href":"https:\/\/miralles1986.com\/en\/wp-json\/wp\/v2\/product_brand?post=18616"},{"taxonomy":"product_cat","embeddable":true,"href":"https:\/\/miralles1986.com\/en\/wp-json\/wp\/v2\/product_cat?post=18616"},{"taxonomy":"product_tag","embeddable":true,"href":"https:\/\/miralles1986.com\/en\/wp-json\/wp\/v2\/product_tag?post=18616"}],"curies":[{"name":"wp","href":"https:\/\/api.w.org\/{rel}","templated":true}]}}