{"id":18627,"date":"2025-11-25T16:09:00","date_gmt":"2025-11-25T15:09:00","guid":{"rendered":"https:\/\/miralles1986.com\/?post_type=product&#038;p=18627"},"modified":"2026-03-24T15:31:06","modified_gmt":"2026-03-24T14:31:06","slug":"aries-arise-camisa-dip-dye-poplin-multicolor","status":"publish","type":"product","link":"https:\/\/miralles1986.com\/en\/producto\/aries-arise-camisa-dip-dye-poplin-multicolor\/","title":{"rendered":"Aries Arise Dip Dye Poplin Shirt Multicolor"},"content":{"rendered":"<p data-start=\"616\" data-end=\"926\"><strong data-start=\"619\" data-end=\"670\">The <a href=\"https:\/\/miralles1986.com\/en\/product-category\/clothes\/shirts\/\">shirt<\/a> <a href=\"https:\/\/miralles1986.com\/en\/brand\/aries-arise\/\">Aries Arise<\/a> Dip Dye Poplin Multicolor <\/strong>It is made from high-quality cotton poplin, designed to offer lightness, breathability, and a contemporary style. This model stands out for its finish. <em data-start=\"379\" data-end=\"388\">dip-dye<\/em>, which creates a unique gradient effect on each garment, giving it a distinctive and artistic character.<\/p>\n<p data-start=\"488\" data-end=\"811\">The design incorporates Aries&#039; iconic Temple logo printed on the chest, adding brand identity and a recognizable graphic touch to current streetwear. Its classic long-sleeved cut and lightweight fabric make it a versatile option, ideal for both casual looks and more sophisticated outfits.<\/p>\n<p data-start=\"813\" data-end=\"1067\">Thanks to its cotton poplin construction, this shirt offers a soft and comfortable feel, perfect for everyday wear or for the warmer months. A garment that reflects the balance between modern design, quality, and the distinctive personality of Aries Arise.<\/p>\n<h2 data-section-id=\"p6ldr9\" data-start=\"1074\" data-end=\"1099\"><span role=\"text\"><strong data-start=\"1078\" data-end=\"1097\">Characteristics<\/strong><\/span><\/h2>\n<ul data-start=\"1100\" data-end=\"1365\">\n<li data-section-id=\"1jybj8n\" data-start=\"1100\" data-end=\"1132\">\n<p data-start=\"1102\" data-end=\"1132\">Model: Dip Dye Poplin Shirt<\/p>\n<\/li>\n<li data-section-id=\"2lqvwc\" data-start=\"1133\" data-end=\"1151\">\n<p data-start=\"1135\" data-end=\"1151\">SKU: SUAR40103<\/p>\n<\/li>\n<li data-section-id=\"167cdmv\" data-start=\"1152\" data-end=\"1170\">\n<p data-start=\"1154\" data-end=\"1170\">Cut: Regular<\/p>\n<\/li>\n<li data-section-id=\"1j40t9r\" data-start=\"1171\" data-end=\"1187\">\n<p data-start=\"1173\" data-end=\"1187\">Long sleeve<\/p>\n<\/li>\n<li data-section-id=\"1jkqz1y\" data-start=\"1188\" data-end=\"1219\">\n<p data-start=\"1190\" data-end=\"1219\">Fabric: Cotton poplin<\/p>\n<\/li>\n<li data-section-id=\"10ign2h\" data-start=\"1220\" data-end=\"1249\">\n<p data-start=\"1222\" data-end=\"1249\">Composition: 100% cotton<\/p>\n<\/li>\n<li data-section-id=\"1txh0pb\" data-start=\"1250\" data-end=\"1276\">\n<p data-start=\"1252\" data-end=\"1276\">Color: Multi (dip-dye)<\/p>\n<\/li>\n<li data-section-id=\"1k1w7ln\" data-start=\"1277\" data-end=\"1315\">\n<p data-start=\"1279\" data-end=\"1315\">Print: Temple logo on the chest<\/p>\n<\/li>\n<li data-section-id=\"q2rbsc\" data-start=\"1316\" data-end=\"1345\">\n<p data-start=\"1318\" data-end=\"1345\">Closure: Front buttons<\/p>\n<\/li>\n<\/ul>\n<h3 data-start=\"2523\" data-end=\"2557\">Why buy these Aries Arise shorts?<\/h3>\n<p data-start=\"1410\" data-end=\"1632\">This Aries shirt is perfect for those looking for a distinctive garment with a striking yet balanced design. The dip-dye finish adds a unique style, while the poplin fabric ensures breathability and comfort.<\/p>\n<p data-start=\"1634\" data-end=\"1874\" data-is-last-node=\"\" data-is-only-node=\"\">Its versatility allows it to be worn in both casual looks and more sophisticated outfits, making it a key piece for any wardrobe. An ideal option for standing out with a creative touch without sacrificing quality and premium design.<\/p>\n<p data-start=\"1212\" data-end=\"1496\"><strong data-start=\"619\" data-end=\"670\">The <a href=\"https:\/\/miralles1986.com\/en\/product-category\/clothes\/shirts\/\">shirt<\/a> <a href=\"https:\/\/miralles1986.com\/en\/brand\/aries-arise\/\">Aries Arise<\/a> Dip Dye Poplin Multicolor is available at Miralles 1986.<\/strong><\/p>","protected":false},"excerpt":{"rendered":"<p data-start=\"71\" data-end=\"151\">Aries shirt in cotton poplin with dip-dye finish and printed Temple logo.<\/p>","protected":false},"featured_media":18637,"comment_status":"closed","ping_status":"closed","template":"","meta":[],"pwb-brand":[164],"product_brand":[818],"product_cat":[291,168],"product_tag":[298,674,1021],"class_list":{"0":"post-18627","1":"product","2":"type-product","3":"status-publish","4":"has-post-thumbnail","6":"pwb-brand-aries-arise","7":"product_brand-tienda-miralles","8":"product_cat-camisas","9":"product_cat-ropa","10":"product_tag-aries-arise","11":"product_tag-camisa","12":"product_tag-primavera-verano-2026","13":"pa_color-multicolor","14":"pa_composicion-algodon","15":"pa_tamano-l","16":"pa_tamano-m","17":"pa_tamano-s","18":"pa_tamano-xl","19":"pa_tamano-xs","20":"pa_tamano-xxl","22":"first","23":"instock","24":"sold-individually","25":"taxable","26":"shipping-taxable","27":"purchasable","28":"product-type-variable"},"supplier_id":null,"supplier_sku":"","barcode":null,"atum_controlled":true,"out_stock_date":null,"out_stock_threshold":null,"inheritable":true,"inbound_stock":0,"stock_on_hold":0,"sold_today":null,"sales_last_days":null,"reserved_stock":0,"customer_returns":null,"warehouse_damage":null,"lost_in_post":null,"other_logs":null,"out_stock_days":null,"lost_sales":null,"has_location":false,"update_date":"2026-04-01T17:22:00","atum_locations":[],"atum_stock_status":"instock","restock_status":false,"low_stock_amount":"","sales_update_date":"2026-04-01T17:22:00","calc_backorders":null,"yoast_head":"<!-- This site is optimized with the Yoast SEO plugin v27.5 - https:\/\/yoast.com\/product\/yoast-seo-wordpress\/ -->\n<title>Aries Arise Camisa Dip Dye Poplin Multicolor - Miralles 1986<\/title>\n<meta name=\"description\" content=\"La camisa Aries Arise Dip Dye Poplin Multicolor est\u00e1 confeccionada en popelina de algod\u00f3n, dise\u00f1ada para ofrecer ligereza y transpirabilidad.\" \/>\n<meta name=\"robots\" content=\"index, follow, max-snippet:-1, max-image-preview:large, max-video-preview:-1\" \/>\n<link rel=\"canonical\" href=\"https:\/\/miralles1986.com\/en\/product\/aries-arise-camisa-dip-dye-poplin-multicolor\/\" \/>\n<meta property=\"og:locale\" content=\"en_GB\" \/>\n<meta property=\"og:type\" content=\"article\" \/>\n<meta property=\"og:title\" content=\"Aries Arise Camisa Dip Dye Poplin Multicolor - Miralles 1986\" \/>\n<meta property=\"og:description\" content=\"La camisa Aries Arise Dip Dye Poplin Multicolor est\u00e1 confeccionada en popelina de algod\u00f3n, dise\u00f1ada para ofrecer ligereza y transpirabilidad.\" \/>\n<meta property=\"og:url\" content=\"https:\/\/miralles1986.com\/en\/product\/aries-arise-camisa-dip-dye-poplin-multicolor\/\" \/>\n<meta property=\"og:site_name\" content=\"Miralles 1986\" \/>\n<meta property=\"article:publisher\" content=\"https:\/\/www.facebook.com\/miralles1986\" \/>\n<meta property=\"article:modified_time\" content=\"2026-03-24T14:31:06+00:00\" \/>\n<meta property=\"og:image\" content=\"https:\/\/miralles1986.com\/wp-content\/uploads\/2026\/03\/aries-arise-camisa-dye-popeline-shirt.jpg\" \/>\n\t<meta property=\"og:image:width\" content=\"1000\" \/>\n\t<meta property=\"og:image:height\" content=\"1000\" \/>\n\t<meta property=\"og:image:type\" content=\"image\/jpeg\" \/>\n<meta name=\"twitter:card\" content=\"summary_large_image\" \/>\n<meta name=\"twitter:label1\" content=\"Estimated reading time\" \/>\n\t<meta name=\"twitter:data1\" content=\"2 minutes\" \/>\n<script type=\"application\/ld+json\" class=\"yoast-schema-graph\">{\"@context\":\"https:\\\/\\\/schema.org\",\"@graph\":[{\"@type\":\"WebPage\",\"@id\":\"https:\\\/\\\/miralles1986.com\\\/producto\\\/aries-arise-camisa-dip-dye-poplin-multicolor\\\/\",\"url\":\"https:\\\/\\\/miralles1986.com\\\/producto\\\/aries-arise-camisa-dip-dye-poplin-multicolor\\\/\",\"name\":\"Aries Arise Camisa Dip Dye Poplin Multicolor - Miralles 1986\",\"isPartOf\":{\"@id\":\"https:\\\/\\\/miralles1986.com\\\/#website\"},\"primaryImageOfPage\":{\"@id\":\"https:\\\/\\\/miralles1986.com\\\/producto\\\/aries-arise-camisa-dip-dye-poplin-multicolor\\\/#primaryimage\"},\"image\":{\"@id\":\"https:\\\/\\\/miralles1986.com\\\/producto\\\/aries-arise-camisa-dip-dye-poplin-multicolor\\\/#primaryimage\"},\"thumbnailUrl\":\"https:\\\/\\\/miralles1986.com\\\/wp-content\\\/uploads\\\/2026\\\/03\\\/aries-arise-camisa-dye-popeline-shirt.jpg\",\"datePublished\":\"2025-11-25T15:09:00+00:00\",\"dateModified\":\"2026-03-24T14:31:06+00:00\",\"description\":\"La camisa Aries Arise Dip Dye Poplin Multicolor est\u00e1 confeccionada en popelina de algod\u00f3n, dise\u00f1ada para ofrecer ligereza y transpirabilidad.\",\"breadcrumb\":{\"@id\":\"https:\\\/\\\/miralles1986.com\\\/producto\\\/aries-arise-camisa-dip-dye-poplin-multicolor\\\/#breadcrumb\"},\"inLanguage\":\"en-GB\",\"potentialAction\":[{\"@type\":\"ReadAction\",\"target\":[\"https:\\\/\\\/miralles1986.com\\\/producto\\\/aries-arise-camisa-dip-dye-poplin-multicolor\\\/\"]}]},{\"@type\":\"ImageObject\",\"inLanguage\":\"en-GB\",\"@id\":\"https:\\\/\\\/miralles1986.com\\\/producto\\\/aries-arise-camisa-dip-dye-poplin-multicolor\\\/#primaryimage\",\"url\":\"https:\\\/\\\/miralles1986.com\\\/wp-content\\\/uploads\\\/2026\\\/03\\\/aries-arise-camisa-dye-popeline-shirt.jpg\",\"contentUrl\":\"https:\\\/\\\/miralles1986.com\\\/wp-content\\\/uploads\\\/2026\\\/03\\\/aries-arise-camisa-dye-popeline-shirt.jpg\",\"width\":1000,\"height\":1000,\"caption\":\"Aries Arise Camisa Dip Dye Poplin Multicolor\"},{\"@type\":\"BreadcrumbList\",\"@id\":\"https:\\\/\\\/miralles1986.com\\\/producto\\\/aries-arise-camisa-dip-dye-poplin-multicolor\\\/#breadcrumb\",\"itemListElement\":[{\"@type\":\"ListItem\",\"position\":1,\"name\":\"Portada\",\"item\":\"https:\\\/\\\/miralles1986.com\\\/\"},{\"@type\":\"ListItem\",\"position\":2,\"name\":\"Ropa de lujo para hombre | Stone Island, Y-3, C.P. Company\",\"item\":\"https:\\\/\\\/miralles1986.com\\\/tienda\\\/\"},{\"@type\":\"ListItem\",\"position\":3,\"name\":\"Aries Arise Camisa Dip Dye Poplin Multicolor\"}]},{\"@type\":\"WebSite\",\"@id\":\"https:\\\/\\\/miralles1986.com\\\/#website\",\"url\":\"https:\\\/\\\/miralles1986.com\\\/\",\"name\":\"Miralles 1986\",\"description\":\"Moda masculina de lujo en Valencia\",\"publisher\":{\"@id\":\"https:\\\/\\\/miralles1986.com\\\/#organization\"},\"potentialAction\":[{\"@type\":\"SearchAction\",\"target\":{\"@type\":\"EntryPoint\",\"urlTemplate\":\"https:\\\/\\\/miralles1986.com\\\/?s={search_term_string}\"},\"query-input\":{\"@type\":\"PropertyValueSpecification\",\"valueRequired\":true,\"valueName\":\"search_term_string\"}}],\"inLanguage\":\"en-GB\"},{\"@type\":\"Organization\",\"@id\":\"https:\\\/\\\/miralles1986.com\\\/#organization\",\"name\":\"Miralles 1986\",\"alternateName\":\"Miralles\",\"url\":\"https:\\\/\\\/miralles1986.com\\\/\",\"logo\":{\"@type\":\"ImageObject\",\"inLanguage\":\"en-GB\",\"@id\":\"https:\\\/\\\/miralles1986.com\\\/#\\\/schema\\\/logo\\\/image\\\/\",\"url\":\"https:\\\/\\\/miralles1986.com\\\/wp-content\\\/uploads\\\/2024\\\/09\\\/logo-miralles-1986-pequeno-bl.png\",\"contentUrl\":\"https:\\\/\\\/miralles1986.com\\\/wp-content\\\/uploads\\\/2024\\\/09\\\/logo-miralles-1986-pequeno-bl.png\",\"width\":201,\"height\":73,\"caption\":\"Miralles 1986\"},\"image\":{\"@id\":\"https:\\\/\\\/miralles1986.com\\\/#\\\/schema\\\/logo\\\/image\\\/\"},\"sameAs\":[\"https:\\\/\\\/www.facebook.com\\\/miralles1986\",\"https:\\\/\\\/www.instagram.com\\\/miralles1986_\\\/\"]}]}<\/script>\n<!-- \/ Yoast SEO plugin. -->","yoast_head_json":{"title":"Aries Arise Dip Dye Poplin Shirt Multicolor - Miralles 1986","description":"The Aries Arise Dip Dye Poplin Multicolor shirt is made from cotton poplin, designed to offer lightness and breathability.","robots":{"index":"index","follow":"follow","max-snippet":"max-snippet:-1","max-image-preview":"max-image-preview:large","max-video-preview":"max-video-preview:-1"},"canonical":"https:\/\/miralles1986.com\/en\/product\/aries-arise-camisa-dip-dye-poplin-multicolor\/","og_locale":"en_GB","og_type":"article","og_title":"Aries Arise Camisa Dip Dye Poplin Multicolor - Miralles 1986","og_description":"La camisa Aries Arise Dip Dye Poplin Multicolor est\u00e1 confeccionada en popelina de algod\u00f3n, dise\u00f1ada para ofrecer ligereza y transpirabilidad.","og_url":"https:\/\/miralles1986.com\/en\/product\/aries-arise-camisa-dip-dye-poplin-multicolor\/","og_site_name":"Miralles 1986","article_publisher":"https:\/\/www.facebook.com\/miralles1986","article_modified_time":"2026-03-24T14:31:06+00:00","og_image":[{"width":1000,"height":1000,"url":"https:\/\/miralles1986.com\/wp-content\/uploads\/2026\/03\/aries-arise-camisa-dye-popeline-shirt.jpg","type":"image\/jpeg"}],"twitter_card":"summary_large_image","twitter_misc":{"Estimated reading time":"2 minutes"},"schema":{"@context":"https:\/\/schema.org","@graph":[{"@type":"WebPage","@id":"https:\/\/miralles1986.com\/producto\/aries-arise-camisa-dip-dye-poplin-multicolor\/","url":"https:\/\/miralles1986.com\/producto\/aries-arise-camisa-dip-dye-poplin-multicolor\/","name":"Aries Arise Dip Dye Poplin Shirt Multicolor - Miralles 1986","isPartOf":{"@id":"https:\/\/miralles1986.com\/#website"},"primaryImageOfPage":{"@id":"https:\/\/miralles1986.com\/producto\/aries-arise-camisa-dip-dye-poplin-multicolor\/#primaryimage"},"image":{"@id":"https:\/\/miralles1986.com\/producto\/aries-arise-camisa-dip-dye-poplin-multicolor\/#primaryimage"},"thumbnailUrl":"https:\/\/miralles1986.com\/wp-content\/uploads\/2026\/03\/aries-arise-camisa-dye-popeline-shirt.jpg","datePublished":"2025-11-25T15:09:00+00:00","dateModified":"2026-03-24T14:31:06+00:00","description":"The Aries Arise Dip Dye Poplin Multicolor shirt is made from cotton poplin, designed to offer lightness and breathability.","breadcrumb":{"@id":"https:\/\/miralles1986.com\/producto\/aries-arise-camisa-dip-dye-poplin-multicolor\/#breadcrumb"},"inLanguage":"en-GB","potentialAction":[{"@type":"ReadAction","target":["https:\/\/miralles1986.com\/producto\/aries-arise-camisa-dip-dye-poplin-multicolor\/"]}]},{"@type":"ImageObject","inLanguage":"en-GB","@id":"https:\/\/miralles1986.com\/producto\/aries-arise-camisa-dip-dye-poplin-multicolor\/#primaryimage","url":"https:\/\/miralles1986.com\/wp-content\/uploads\/2026\/03\/aries-arise-camisa-dye-popeline-shirt.jpg","contentUrl":"https:\/\/miralles1986.com\/wp-content\/uploads\/2026\/03\/aries-arise-camisa-dye-popeline-shirt.jpg","width":1000,"height":1000,"caption":"Aries Arise Camisa Dip Dye Poplin Multicolor"},{"@type":"BreadcrumbList","@id":"https:\/\/miralles1986.com\/producto\/aries-arise-camisa-dip-dye-poplin-multicolor\/#breadcrumb","itemListElement":[{"@type":"ListItem","position":1,"name":"Portada","item":"https:\/\/miralles1986.com\/"},{"@type":"ListItem","position":2,"name":"Ropa de lujo para hombre | Stone Island, Y-3, C.P. Company","item":"https:\/\/miralles1986.com\/tienda\/"},{"@type":"ListItem","position":3,"name":"Aries Arise Camisa Dip Dye Poplin Multicolor"}]},{"@type":"WebSite","@id":"https:\/\/miralles1986.com\/#website","url":"https:\/\/miralles1986.com\/","name":"Miralles 1986","description":"Luxury men&#039;s fashion in Valencia","publisher":{"@id":"https:\/\/miralles1986.com\/#organization"},"potentialAction":[{"@type":"SearchAction","target":{"@type":"EntryPoint","urlTemplate":"https:\/\/miralles1986.com\/?s={search_term_string}"},"query-input":{"@type":"PropertyValueSpecification","valueRequired":true,"valueName":"search_term_string"}}],"inLanguage":"en-GB"},{"@type":"Organization","@id":"https:\/\/miralles1986.com\/#organization","name":"Miralles 1986","alternateName":"Miralles","url":"https:\/\/miralles1986.com\/","logo":{"@type":"ImageObject","inLanguage":"en-GB","@id":"https:\/\/miralles1986.com\/#\/schema\/logo\/image\/","url":"https:\/\/miralles1986.com\/wp-content\/uploads\/2024\/09\/logo-miralles-1986-pequeno-bl.png","contentUrl":"https:\/\/miralles1986.com\/wp-content\/uploads\/2024\/09\/logo-miralles-1986-pequeno-bl.png","width":201,"height":73,"caption":"Miralles 1986"},"image":{"@id":"https:\/\/miralles1986.com\/#\/schema\/logo\/image\/"},"sameAs":["https:\/\/www.facebook.com\/miralles1986","https:\/\/www.instagram.com\/miralles1986_\/"]}]}},"brands":[{"id":164,"name":"Aries Arise","slug":"aries-arise"}],"_links":{"self":[{"href":"https:\/\/miralles1986.com\/en\/wp-json\/wp\/v2\/product\/18627","targetHints":{"allow":["GET"]}}],"collection":[{"href":"https:\/\/miralles1986.com\/en\/wp-json\/wp\/v2\/product"}],"about":[{"href":"https:\/\/miralles1986.com\/en\/wp-json\/wp\/v2\/types\/product"}],"replies":[{"embeddable":true,"href":"https:\/\/miralles1986.com\/en\/wp-json\/wp\/v2\/comments?post=18627"}],"wp:featuredmedia":[{"embeddable":true,"href":"https:\/\/miralles1986.com\/en\/wp-json\/wp\/v2\/media\/18637"}],"wp:attachment":[{"href":"https:\/\/miralles1986.com\/en\/wp-json\/wp\/v2\/media?parent=18627"}],"wp:term":[{"taxonomy":"pwb-brand","embeddable":true,"href":"https:\/\/miralles1986.com\/en\/wp-json\/wp\/v2\/pwb-brand?post=18627"},{"taxonomy":"product_brand","embeddable":true,"href":"https:\/\/miralles1986.com\/en\/wp-json\/wp\/v2\/product_brand?post=18627"},{"taxonomy":"product_cat","embeddable":true,"href":"https:\/\/miralles1986.com\/en\/wp-json\/wp\/v2\/product_cat?post=18627"},{"taxonomy":"product_tag","embeddable":true,"href":"https:\/\/miralles1986.com\/en\/wp-json\/wp\/v2\/product_tag?post=18627"}],"curies":[{"name":"wp","href":"https:\/\/api.w.org\/{rel}","templated":true}]}}