{"id":18638,"date":"2025-11-25T19:52:20","date_gmt":"2025-11-25T18:52:20","guid":{"rendered":"https:\/\/miralles1986.com\/?post_type=product&#038;p=18638"},"modified":"2026-03-24T15:31:17","modified_gmt":"2026-03-24T14:31:17","slug":"aries-arise-camiseta-palm-ls-tee","status":"publish","type":"product","link":"https:\/\/miralles1986.com\/en\/producto\/aries-arise-camiseta-palm-ls-tee\/","title":{"rendered":"Aries Arise T-shirt Palm LS Tee"},"content":{"rendered":"<p data-start=\"616\" data-end=\"926\"><strong data-start=\"619\" data-end=\"670\">The shirt <a href=\"https:\/\/miralles1986.com\/en\/brand\/aries-arise\/\">Aries Arise<\/a> Palm LS Tee <\/strong>It is made from high-quality 100% cotton fabric <em data-start=\"277\" data-end=\"292\">single jersey<\/em>, Designed to offer comfort, breathability, and a distinctive style within contemporary streetwear, this model stands out for its original Palm graphic, present on the back, chest, and sleeves, creating a powerful and recognizable visual aesthetic.<\/p>\n<p data-start=\"553\" data-end=\"842\">The design features a ribbed crew neck and fitted cuffs, providing a comfortable and structured fit for everyday wear. Its regular cut allows for a versatile silhouette that easily adapts to different styles, from casual looks to more urban combinations.<\/p>\n<p data-start=\"844\" data-end=\"1107\">Made in Italy, this t-shirt reflects the premium quality and attention to detail characteristic of Aries Arise. Its graphic design and cotton construction make it an ideal garment for those looking to stand out with a comfortable and distinctive piece.<\/p>\n<h3 data-section-id=\"p6ldr9\" data-start=\"1114\" data-end=\"1139\"><span role=\"text\"><strong data-start=\"1118\" data-end=\"1137\">Characteristics<\/strong><\/span><\/h3>\n<ul data-start=\"1140\" data-end=\"1476\">\n<li data-section-id=\"extnft\" data-start=\"1140\" data-end=\"1176\">\n<p data-start=\"1142\" data-end=\"1176\">Model: Palm Long Sleeve T-Shirt<\/p>\n<\/li>\n<li data-section-id=\"1mnq23k\" data-start=\"1177\" data-end=\"1198\">\n<p data-start=\"1179\" data-end=\"1198\">SKU: FSAR60015WHT<\/p>\n<\/li>\n<li data-section-id=\"167cdmv\" data-start=\"1199\" data-end=\"1217\">\n<p data-start=\"1201\" data-end=\"1217\">Cut: Regular<\/p>\n<\/li>\n<li data-section-id=\"1onudp9\" data-start=\"1218\" data-end=\"1248\">\n<p data-start=\"1220\" data-end=\"1248\">Neck: Round with ribbed<\/p>\n<\/li>\n<li data-section-id=\"1j40t9r\" data-start=\"1249\" data-end=\"1265\">\n<p data-start=\"1251\" data-end=\"1265\">Long sleeve<\/p>\n<\/li>\n<li data-section-id=\"13cmhfd\" data-start=\"1266\" data-end=\"1296\">\n<p data-start=\"1268\" data-end=\"1296\">Cuffs: Ribbed<\/p>\n<\/li>\n<li data-section-id=\"10ign2h\" data-start=\"1297\" data-end=\"1326\">\n<p data-start=\"1299\" data-end=\"1326\">Composition: 100% cotton<\/p>\n<\/li>\n<li data-section-id=\"bkb6sj\" data-start=\"1327\" data-end=\"1352\">\n<p data-start=\"1329\" data-end=\"1352\">Fabric: Single jersey<\/p>\n<\/li>\n<li data-section-id=\"ex2wua\" data-start=\"1353\" data-end=\"1370\">\n<p data-start=\"1355\" data-end=\"1370\">Color: White<\/p>\n<\/li>\n<li data-section-id=\"1n6qlfb\" data-start=\"1371\" data-end=\"1425\">\n<p data-start=\"1373\" data-end=\"1425\">Print: Palm graphic on back, chest and sleeves<\/p>\n<\/li>\n<li data-section-id=\"vaghy2\" data-start=\"1426\" data-end=\"1456\">\n<p data-start=\"1428\" data-end=\"1456\">Manufacturing: Made in Italy<\/p>\n<\/li>\n<li data-section-id=\"oqvws2\" data-start=\"1457\" data-end=\"1476\">\n<p data-start=\"1459\" data-end=\"1476\">Season: AW21<\/p>\n<\/li>\n<\/ul>\n<h3 data-start=\"2523\" data-end=\"2557\">Why buy this garment?<\/h3>\n<p data-start=\"1523\" data-end=\"1721\">This Aries t-shirt stands out for its all-over graphic design, which combines art and streetwear in a single garment. The Palm print adds personality and makes it stand out from more basic options.<\/p>\n<p data-start=\"1723\" data-end=\"1988\" data-is-last-node=\"\" data-is-only-node=\"\">Made from high-quality cotton, this t-shirt guarantees comfort and durability, while its regular fit makes it easy to pair with any outfit. It&#039;s the perfect piece for those seeking a versatile t-shirt with a distinctive style and the premium Aries Arise touch.<\/p>\n<p data-start=\"1212\" data-end=\"1496\"><strong data-start=\"619\" data-end=\"670\">The shirt <a href=\"https:\/\/miralles1986.com\/en\/brand\/aries-arise\/\">Aries Arise<\/a> Palm LS Tee is available at Miralles 1986.<\/strong><\/p>","protected":false},"excerpt":{"rendered":"<p data-start=\"77\" data-end=\"197\">Aries Premium Temple Star 20000 sweatshirt in yellow. An iconic garment with a graphic design and urban aesthetic.<\/p>","protected":false},"featured_media":18648,"comment_status":"closed","ping_status":"closed","template":"","meta":[],"pwb-brand":[164],"product_brand":[818],"product_cat":[243,358,168],"product_tag":[298,247,693,1021],"class_list":{"0":"post-18638","1":"product","2":"type-product","3":"status-publish","4":"has-post-thumbnail","6":"pwb-brand-aries-arise","7":"product_brand-tienda-miralles","8":"product_cat-camisetas","9":"product_cat-camisetas-manga-larga","10":"product_cat-ropa","11":"product_tag-aries-arise","12":"product_tag-camiseta","13":"product_tag-camiseta-manga-larga","14":"product_tag-primavera-verano-2026","15":"pa_color-blanco","16":"pa_composicion-algodon","17":"pa_tamano-l","18":"pa_tamano-m","19":"pa_tamano-s","20":"pa_tamano-xl","21":"pa_tamano-xs","22":"pa_tamano-xxl","24":"first","25":"instock","26":"sold-individually","27":"taxable","28":"shipping-taxable","29":"purchasable","30":"product-type-variable"},"supplier_id":null,"supplier_sku":"","barcode":null,"atum_controlled":true,"out_stock_date":null,"out_stock_threshold":null,"inheritable":true,"inbound_stock":0,"stock_on_hold":0,"sold_today":null,"sales_last_days":null,"reserved_stock":0,"customer_returns":null,"warehouse_damage":null,"lost_in_post":null,"other_logs":null,"out_stock_days":null,"lost_sales":null,"has_location":false,"update_date":"2026-05-11T11:52:41","atum_locations":[],"atum_stock_status":"instock","restock_status":false,"low_stock_amount":"","sales_update_date":"2026-05-11T11:52:41","calc_backorders":null,"yoast_head":"<!-- This site is optimized with the Yoast SEO plugin v27.5 - https:\/\/yoast.com\/product\/yoast-seo-wordpress\/ -->\n<title>Aries Arise camiseta Palm LS Tee - Miralles 1986<\/title>\n<meta name=\"description\" content=\"La camiseta Aries Arise Palm LS Tee est\u00e1 confeccionada en algod\u00f3n 100% de alta calidad en tejido single jersey, dise\u00f1ada para ofrecer comodidad y transpirabilidad.\" \/>\n<meta name=\"robots\" content=\"index, follow, max-snippet:-1, max-image-preview:large, max-video-preview:-1\" \/>\n<link rel=\"canonical\" href=\"https:\/\/miralles1986.com\/en\/product\/aries-arise-camiseta-palm-ls-tee\/\" \/>\n<meta property=\"og:locale\" content=\"en_GB\" \/>\n<meta property=\"og:type\" content=\"article\" \/>\n<meta property=\"og:title\" content=\"Aries Arise camiseta Palm LS Tee - Miralles 1986\" \/>\n<meta property=\"og:description\" content=\"La camiseta Aries Arise Palm LS Tee est\u00e1 confeccionada en algod\u00f3n 100% de alta calidad en tejido single jersey, dise\u00f1ada para ofrecer comodidad y transpirabilidad.\" \/>\n<meta property=\"og:url\" content=\"https:\/\/miralles1986.com\/en\/product\/aries-arise-camiseta-palm-ls-tee\/\" \/>\n<meta property=\"og:site_name\" content=\"Miralles 1986\" \/>\n<meta property=\"article:publisher\" content=\"https:\/\/www.facebook.com\/miralles1986\" \/>\n<meta property=\"article:modified_time\" content=\"2026-03-24T14:31:17+00:00\" \/>\n<meta property=\"og:image\" content=\"https:\/\/miralles1986.com\/wp-content\/uploads\/2026\/03\/aries-arise-camiseta-palm-ls-tee-1.jpg\" \/>\n\t<meta property=\"og:image:width\" content=\"1000\" \/>\n\t<meta property=\"og:image:height\" content=\"1000\" \/>\n\t<meta property=\"og:image:type\" content=\"image\/jpeg\" \/>\n<meta name=\"twitter:card\" content=\"summary_large_image\" \/>\n<meta name=\"twitter:label1\" content=\"Estimated reading time\" \/>\n\t<meta name=\"twitter:data1\" content=\"2 minutes\" \/>\n<script type=\"application\/ld+json\" class=\"yoast-schema-graph\">{\"@context\":\"https:\\\/\\\/schema.org\",\"@graph\":[{\"@type\":\"WebPage\",\"@id\":\"https:\\\/\\\/miralles1986.com\\\/producto\\\/aries-arise-camiseta-palm-ls-tee\\\/\",\"url\":\"https:\\\/\\\/miralles1986.com\\\/producto\\\/aries-arise-camiseta-palm-ls-tee\\\/\",\"name\":\"Aries Arise camiseta Palm LS Tee - Miralles 1986\",\"isPartOf\":{\"@id\":\"https:\\\/\\\/miralles1986.com\\\/#website\"},\"primaryImageOfPage\":{\"@id\":\"https:\\\/\\\/miralles1986.com\\\/producto\\\/aries-arise-camiseta-palm-ls-tee\\\/#primaryimage\"},\"image\":{\"@id\":\"https:\\\/\\\/miralles1986.com\\\/producto\\\/aries-arise-camiseta-palm-ls-tee\\\/#primaryimage\"},\"thumbnailUrl\":\"https:\\\/\\\/miralles1986.com\\\/wp-content\\\/uploads\\\/2026\\\/03\\\/aries-arise-camiseta-palm-ls-tee-1.jpg\",\"datePublished\":\"2025-11-25T18:52:20+00:00\",\"dateModified\":\"2026-03-24T14:31:17+00:00\",\"description\":\"La camiseta Aries Arise Palm LS Tee est\u00e1 confeccionada en algod\u00f3n 100% de alta calidad en tejido single jersey, dise\u00f1ada para ofrecer comodidad y transpirabilidad.\",\"breadcrumb\":{\"@id\":\"https:\\\/\\\/miralles1986.com\\\/producto\\\/aries-arise-camiseta-palm-ls-tee\\\/#breadcrumb\"},\"inLanguage\":\"en-GB\",\"potentialAction\":[{\"@type\":\"ReadAction\",\"target\":[\"https:\\\/\\\/miralles1986.com\\\/producto\\\/aries-arise-camiseta-palm-ls-tee\\\/\"]}]},{\"@type\":\"ImageObject\",\"inLanguage\":\"en-GB\",\"@id\":\"https:\\\/\\\/miralles1986.com\\\/producto\\\/aries-arise-camiseta-palm-ls-tee\\\/#primaryimage\",\"url\":\"https:\\\/\\\/miralles1986.com\\\/wp-content\\\/uploads\\\/2026\\\/03\\\/aries-arise-camiseta-palm-ls-tee-1.jpg\",\"contentUrl\":\"https:\\\/\\\/miralles1986.com\\\/wp-content\\\/uploads\\\/2026\\\/03\\\/aries-arise-camiseta-palm-ls-tee-1.jpg\",\"width\":1000,\"height\":1000,\"caption\":\"Aries Arise camiseta Palm LS Tee\"},{\"@type\":\"BreadcrumbList\",\"@id\":\"https:\\\/\\\/miralles1986.com\\\/producto\\\/aries-arise-camiseta-palm-ls-tee\\\/#breadcrumb\",\"itemListElement\":[{\"@type\":\"ListItem\",\"position\":1,\"name\":\"Portada\",\"item\":\"https:\\\/\\\/miralles1986.com\\\/\"},{\"@type\":\"ListItem\",\"position\":2,\"name\":\"Ropa de lujo para hombre | Stone Island, Y-3, C.P. Company\",\"item\":\"https:\\\/\\\/miralles1986.com\\\/tienda\\\/\"},{\"@type\":\"ListItem\",\"position\":3,\"name\":\"Aries Arise camiseta Palm LS Tee\"}]},{\"@type\":\"WebSite\",\"@id\":\"https:\\\/\\\/miralles1986.com\\\/#website\",\"url\":\"https:\\\/\\\/miralles1986.com\\\/\",\"name\":\"Miralles 1986\",\"description\":\"Moda masculina de lujo en Valencia\",\"publisher\":{\"@id\":\"https:\\\/\\\/miralles1986.com\\\/#organization\"},\"potentialAction\":[{\"@type\":\"SearchAction\",\"target\":{\"@type\":\"EntryPoint\",\"urlTemplate\":\"https:\\\/\\\/miralles1986.com\\\/?s={search_term_string}\"},\"query-input\":{\"@type\":\"PropertyValueSpecification\",\"valueRequired\":true,\"valueName\":\"search_term_string\"}}],\"inLanguage\":\"en-GB\"},{\"@type\":\"Organization\",\"@id\":\"https:\\\/\\\/miralles1986.com\\\/#organization\",\"name\":\"Miralles 1986\",\"alternateName\":\"Miralles\",\"url\":\"https:\\\/\\\/miralles1986.com\\\/\",\"logo\":{\"@type\":\"ImageObject\",\"inLanguage\":\"en-GB\",\"@id\":\"https:\\\/\\\/miralles1986.com\\\/#\\\/schema\\\/logo\\\/image\\\/\",\"url\":\"https:\\\/\\\/miralles1986.com\\\/wp-content\\\/uploads\\\/2024\\\/09\\\/logo-miralles-1986-pequeno-bl.png\",\"contentUrl\":\"https:\\\/\\\/miralles1986.com\\\/wp-content\\\/uploads\\\/2024\\\/09\\\/logo-miralles-1986-pequeno-bl.png\",\"width\":201,\"height\":73,\"caption\":\"Miralles 1986\"},\"image\":{\"@id\":\"https:\\\/\\\/miralles1986.com\\\/#\\\/schema\\\/logo\\\/image\\\/\"},\"sameAs\":[\"https:\\\/\\\/www.facebook.com\\\/miralles1986\",\"https:\\\/\\\/www.instagram.com\\\/miralles1986_\\\/\"]}]}<\/script>\n<!-- \/ Yoast SEO plugin. -->","yoast_head_json":{"title":"Aries Arise t-shirt Palm LS Tee - Miralles 1986","description":"The Aries Arise Palm LS Tee is made from high-quality 100% cotton in single jersey fabric, designed to offer comfort and breathability.","robots":{"index":"index","follow":"follow","max-snippet":"max-snippet:-1","max-image-preview":"max-image-preview:large","max-video-preview":"max-video-preview:-1"},"canonical":"https:\/\/miralles1986.com\/en\/product\/aries-arise-camiseta-palm-ls-tee\/","og_locale":"en_GB","og_type":"article","og_title":"Aries Arise camiseta Palm LS Tee - Miralles 1986","og_description":"La camiseta Aries Arise Palm LS Tee est\u00e1 confeccionada en algod\u00f3n 100% de alta calidad en tejido single jersey, dise\u00f1ada para ofrecer comodidad y transpirabilidad.","og_url":"https:\/\/miralles1986.com\/en\/product\/aries-arise-camiseta-palm-ls-tee\/","og_site_name":"Miralles 1986","article_publisher":"https:\/\/www.facebook.com\/miralles1986","article_modified_time":"2026-03-24T14:31:17+00:00","og_image":[{"width":1000,"height":1000,"url":"https:\/\/miralles1986.com\/wp-content\/uploads\/2026\/03\/aries-arise-camiseta-palm-ls-tee-1.jpg","type":"image\/jpeg"}],"twitter_card":"summary_large_image","twitter_misc":{"Estimated reading time":"2 minutes"},"schema":{"@context":"https:\/\/schema.org","@graph":[{"@type":"WebPage","@id":"https:\/\/miralles1986.com\/producto\/aries-arise-camiseta-palm-ls-tee\/","url":"https:\/\/miralles1986.com\/producto\/aries-arise-camiseta-palm-ls-tee\/","name":"Aries Arise t-shirt Palm LS Tee - Miralles 1986","isPartOf":{"@id":"https:\/\/miralles1986.com\/#website"},"primaryImageOfPage":{"@id":"https:\/\/miralles1986.com\/producto\/aries-arise-camiseta-palm-ls-tee\/#primaryimage"},"image":{"@id":"https:\/\/miralles1986.com\/producto\/aries-arise-camiseta-palm-ls-tee\/#primaryimage"},"thumbnailUrl":"https:\/\/miralles1986.com\/wp-content\/uploads\/2026\/03\/aries-arise-camiseta-palm-ls-tee-1.jpg","datePublished":"2025-11-25T18:52:20+00:00","dateModified":"2026-03-24T14:31:17+00:00","description":"The Aries Arise Palm LS Tee is made from high-quality 100% cotton in single jersey fabric, designed to offer comfort and breathability.","breadcrumb":{"@id":"https:\/\/miralles1986.com\/producto\/aries-arise-camiseta-palm-ls-tee\/#breadcrumb"},"inLanguage":"en-GB","potentialAction":[{"@type":"ReadAction","target":["https:\/\/miralles1986.com\/producto\/aries-arise-camiseta-palm-ls-tee\/"]}]},{"@type":"ImageObject","inLanguage":"en-GB","@id":"https:\/\/miralles1986.com\/producto\/aries-arise-camiseta-palm-ls-tee\/#primaryimage","url":"https:\/\/miralles1986.com\/wp-content\/uploads\/2026\/03\/aries-arise-camiseta-palm-ls-tee-1.jpg","contentUrl":"https:\/\/miralles1986.com\/wp-content\/uploads\/2026\/03\/aries-arise-camiseta-palm-ls-tee-1.jpg","width":1000,"height":1000,"caption":"Aries Arise camiseta Palm LS Tee"},{"@type":"BreadcrumbList","@id":"https:\/\/miralles1986.com\/producto\/aries-arise-camiseta-palm-ls-tee\/#breadcrumb","itemListElement":[{"@type":"ListItem","position":1,"name":"Portada","item":"https:\/\/miralles1986.com\/"},{"@type":"ListItem","position":2,"name":"Ropa de lujo para hombre | Stone Island, Y-3, C.P. Company","item":"https:\/\/miralles1986.com\/tienda\/"},{"@type":"ListItem","position":3,"name":"Aries Arise camiseta Palm LS Tee"}]},{"@type":"WebSite","@id":"https:\/\/miralles1986.com\/#website","url":"https:\/\/miralles1986.com\/","name":"Miralles 1986","description":"Luxury men&#039;s fashion in Valencia","publisher":{"@id":"https:\/\/miralles1986.com\/#organization"},"potentialAction":[{"@type":"SearchAction","target":{"@type":"EntryPoint","urlTemplate":"https:\/\/miralles1986.com\/?s={search_term_string}"},"query-input":{"@type":"PropertyValueSpecification","valueRequired":true,"valueName":"search_term_string"}}],"inLanguage":"en-GB"},{"@type":"Organization","@id":"https:\/\/miralles1986.com\/#organization","name":"Miralles 1986","alternateName":"Miralles","url":"https:\/\/miralles1986.com\/","logo":{"@type":"ImageObject","inLanguage":"en-GB","@id":"https:\/\/miralles1986.com\/#\/schema\/logo\/image\/","url":"https:\/\/miralles1986.com\/wp-content\/uploads\/2024\/09\/logo-miralles-1986-pequeno-bl.png","contentUrl":"https:\/\/miralles1986.com\/wp-content\/uploads\/2024\/09\/logo-miralles-1986-pequeno-bl.png","width":201,"height":73,"caption":"Miralles 1986"},"image":{"@id":"https:\/\/miralles1986.com\/#\/schema\/logo\/image\/"},"sameAs":["https:\/\/www.facebook.com\/miralles1986","https:\/\/www.instagram.com\/miralles1986_\/"]}]}},"brands":[{"id":164,"name":"Aries Arise","slug":"aries-arise"}],"_links":{"self":[{"href":"https:\/\/miralles1986.com\/en\/wp-json\/wp\/v2\/product\/18638","targetHints":{"allow":["GET"]}}],"collection":[{"href":"https:\/\/miralles1986.com\/en\/wp-json\/wp\/v2\/product"}],"about":[{"href":"https:\/\/miralles1986.com\/en\/wp-json\/wp\/v2\/types\/product"}],"replies":[{"embeddable":true,"href":"https:\/\/miralles1986.com\/en\/wp-json\/wp\/v2\/comments?post=18638"}],"wp:featuredmedia":[{"embeddable":true,"href":"https:\/\/miralles1986.com\/en\/wp-json\/wp\/v2\/media\/18648"}],"wp:attachment":[{"href":"https:\/\/miralles1986.com\/en\/wp-json\/wp\/v2\/media?parent=18638"}],"wp:term":[{"taxonomy":"pwb-brand","embeddable":true,"href":"https:\/\/miralles1986.com\/en\/wp-json\/wp\/v2\/pwb-brand?post=18638"},{"taxonomy":"product_brand","embeddable":true,"href":"https:\/\/miralles1986.com\/en\/wp-json\/wp\/v2\/product_brand?post=18638"},{"taxonomy":"product_cat","embeddable":true,"href":"https:\/\/miralles1986.com\/en\/wp-json\/wp\/v2\/product_cat?post=18638"},{"taxonomy":"product_tag","embeddable":true,"href":"https:\/\/miralles1986.com\/en\/wp-json\/wp\/v2\/product_tag?post=18638"}],"curies":[{"name":"wp","href":"https:\/\/api.w.org\/{rel}","templated":true}]}}