{"id":19064,"date":"2026-04-04T15:50:22","date_gmt":"2026-04-04T13:50:22","guid":{"rendered":"https:\/\/miralles1986.com\/?post_type=product&#038;p=19064"},"modified":"2026-04-04T16:07:00","modified_gmt":"2026-04-04T14:07:00","slug":"pantalon-corto-y-3-ultralight-woven-kf6045","status":"publish","type":"product","link":"https:\/\/miralles1986.com\/en\/product\/pantalon-corto-y-3-ultralight-woven-kf6045\/","title":{"rendered":"Y-3 Ultralight Woven Shorts KF6045"},"content":{"rendered":"<p>He <strong><a href=\"https:\/\/miralles1986.com\/en\/product-category\/ropa\/pantalones\/bermudas-premium\/\">shorts<\/a> <a href=\"https:\/\/miralles1986.com\/en\/marca\/y-3\/\">Y-3<\/a> Ultralight Woven KF6045 <\/strong>It combines sporting innovation and designer flair in a garment designed for everyday wear. Inspired by adidas&#039; heritage and reinterpreted through Yohji Yamamoto&#039;s avant-garde vision, it stands out for its clean and functional aesthetic.<\/p>\n<p data-start=\"574\" data-end=\"908\">Made from a lightweight, stretchy technical fabric, it provides a feeling of total freedom and a comfortable fit in any situation. The elastic waistband with integrated drawstring ensures optimal support, while the asymmetrically placed sealed vents enhance ventilation and add a distinctive detail.<\/p>\n<p data-start=\"910\" data-end=\"1097\">The side pockets and back pocket offer practicality without disrupting the minimalist design. The tonal Y-3 logo completes the garment with a subtle and sophisticated touch.<\/p>\n<h3 data-section-id=\"sca89l\" data-start=\"1104\" data-end=\"1133\">Characteristics<\/h3>\n<p data-start=\"1135\" data-end=\"1517\">\u2022 Ultra-lightweight and elastic technical fabric<br data-start=\"1174\" data-end=\"1177\" \/>\u2022 Elastic waistband with adjustable drawstring<br data-start=\"1216\" data-end=\"1219\" \/>\u2022 Side entry pockets<br data-start=\"1251\" data-end=\"1254\" \/>\u2022 Back welt pocket<br data-start=\"1282\" data-end=\"1285\" \/>\u2022 Sealed openings for ventilation<br data-start=\"1322\" data-end=\"1325\" \/>\u2022 Minimalist design with asymmetrical detail<br data-start=\"1368\" data-end=\"1371\" \/>\u2022 Tonal Y-3 logo<br data-start=\"1391\" data-end=\"1394\" \/>\u2022 Classic and comfortable cut<br data-start=\"1418\" data-end=\"1421\" \/>\u2022 Composition: 86% polyester (recycled), 14% elastane<br data-start=\"1475\" data-end=\"1478\" \/>\u2022 Color: Black<br data-start=\"1492\" data-end=\"1495\" data-is-only-node=\"\" \/>\u2022 Reference: KF6045<\/p>\n<h3 data-start=\"1298\" data-end=\"1325\">Why buy these pants?<\/h3>\n<p data-start=\"1327\" data-end=\"1670\" data-is-last-node=\"\" data-is-only-node=\"\">Because it combines performance, lightness, and premium design in a single garment. It&#039;s ideal for everyday wear in warm climates thanks to its breathability and elasticity, while its minimalist aesthetic allows it to be easily incorporated into urban or sporty looks. An elevated basic with the distinctive Y-3 touch.<\/p>\n<p><strong>He <a href=\"https:\/\/miralles1986.com\/en\/product-category\/ropa\/pantalones\/bermudas-premium\/\">shorts<\/a> <a href=\"https:\/\/miralles1986.com\/en\/marca\/y-3\/\">Y-3<\/a> Ultralight Woven KF6045 <\/strong>is available in <strong><a href=\"https:\/\/miralles1986.com\/en\/\">Miralles 1986<\/a><\/strong><\/p>","protected":false},"excerpt":{"rendered":"<p data-start=\"115\" data-end=\"276\">Y-3 shorts in ultralight technical fabric with elastic waistband, designed to offer maximum comfort, ventilation and a contemporary minimalist style.<\/p>","protected":false},"featured_media":19075,"comment_status":"closed","ping_status":"closed","template":"","meta":[],"pwb-brand":[163],"product_brand":[819],"product_cat":[418,226,227,168],"product_tag":[417,755,1021,347],"class_list":{"0":"post-19064","1":"product","2":"type-product","3":"status-publish","4":"has-post-thumbnail","6":"pwb-brand-y-3","7":"product_brand-tienda-eleven","8":"product_cat-bermudas-premium","9":"product_cat-pantalones","10":"product_cat-pantalones-sport-miralles-1986","11":"product_cat-ropa","12":"product_tag-bermudas","13":"product_tag-moda-hombre","14":"product_tag-primavera-verano-2026","15":"product_tag-shorts","16":"pa_color-negro","17":"pa_composicion-elastano","18":"pa_composicion-poliester","19":"pa_tamano-l","20":"pa_tamano-m","21":"pa_tamano-s","22":"pa_tamano-xl","23":"pa_tamano-xs","24":"pa_tamano-xxl","26":"first","27":"instock","28":"featured","29":"sold-individually","30":"taxable","31":"shipping-taxable","32":"purchasable","33":"product-type-variable"},"supplier_id":null,"supplier_sku":"","barcode":null,"atum_controlled":true,"out_stock_date":null,"out_stock_threshold":null,"inheritable":true,"inbound_stock":0,"stock_on_hold":0,"sold_today":null,"sales_last_days":null,"reserved_stock":0,"customer_returns":null,"warehouse_damage":null,"lost_in_post":null,"other_logs":null,"out_stock_days":null,"lost_sales":null,"has_location":false,"update_date":"2026-04-16T15:29:46","atum_locations":[],"atum_stock_status":"instock","restock_status":false,"low_stock_amount":"","sales_update_date":"2026-04-16T15:29:46","calc_backorders":null,"yoast_head":"<!-- This site is optimized with the Yoast SEO plugin v27.4 - https:\/\/yoast.com\/product\/yoast-seo-wordpress\/ -->\n<title>Pantal\u00f3n corto Y-3 Ultralight Woven KF6045 - Miralles 1986<\/title>\n<meta name=\"description\" content=\"El pantal\u00f3n corto Y-3 Ultralight Woven KF6045 combina innovaci\u00f3n deportiva y dise\u00f1o de autor en una prenda pensada para el d\u00eda a d\u00eda.\" \/>\n<meta name=\"robots\" content=\"index, follow, max-snippet:-1, max-image-preview:large, max-video-preview:-1\" \/>\n<link rel=\"canonical\" href=\"https:\/\/miralles1986.com\/en\/product\/pantalon-corto-y-3-ultralight-woven-kf6045\/\" \/>\n<meta property=\"og:locale\" content=\"en_GB\" \/>\n<meta property=\"og:type\" content=\"article\" \/>\n<meta property=\"og:title\" content=\"Pantal\u00f3n corto Y-3 Ultralight Woven KF6045 - Miralles 1986\" \/>\n<meta property=\"og:description\" content=\"El pantal\u00f3n corto Y-3 Ultralight Woven KF6045 combina innovaci\u00f3n deportiva y dise\u00f1o de autor en una prenda pensada para el d\u00eda a d\u00eda.\" \/>\n<meta property=\"og:url\" content=\"https:\/\/miralles1986.com\/en\/product\/pantalon-corto-y-3-ultralight-woven-kf6045\/\" \/>\n<meta property=\"og:site_name\" content=\"Miralles 1986\" \/>\n<meta property=\"article:publisher\" content=\"https:\/\/www.facebook.com\/miralles1986\" \/>\n<meta property=\"article:modified_time\" content=\"2026-04-04T14:07:00+00:00\" \/>\n<meta property=\"og:image\" content=\"https:\/\/miralles1986.com\/wp-content\/uploads\/2026\/04\/PANTALON_CORTO_Y-3_ULTRALIGHT_WOVEN_Negro_KF6045.jpg\" \/>\n\t<meta property=\"og:image:width\" content=\"1000\" \/>\n\t<meta property=\"og:image:height\" content=\"1000\" \/>\n\t<meta property=\"og:image:type\" content=\"image\/jpeg\" \/>\n<meta name=\"twitter:card\" content=\"summary_large_image\" \/>\n<meta name=\"twitter:label1\" content=\"Estimated reading time\" \/>\n\t<meta name=\"twitter:data1\" content=\"2 minutes\" \/>\n<script type=\"application\/ld+json\" class=\"yoast-schema-graph\">{\"@context\":\"https:\\\/\\\/schema.org\",\"@graph\":[{\"@type\":\"WebPage\",\"@id\":\"https:\\\/\\\/miralles1986.com\\\/producto\\\/pantalon-corto-y-3-ultralight-woven-kf6045\\\/\",\"url\":\"https:\\\/\\\/miralles1986.com\\\/producto\\\/pantalon-corto-y-3-ultralight-woven-kf6045\\\/\",\"name\":\"Pantal\u00f3n corto Y-3 Ultralight Woven KF6045 - Miralles 1986\",\"isPartOf\":{\"@id\":\"https:\\\/\\\/miralles1986.com\\\/#website\"},\"primaryImageOfPage\":{\"@id\":\"https:\\\/\\\/miralles1986.com\\\/producto\\\/pantalon-corto-y-3-ultralight-woven-kf6045\\\/#primaryimage\"},\"image\":{\"@id\":\"https:\\\/\\\/miralles1986.com\\\/producto\\\/pantalon-corto-y-3-ultralight-woven-kf6045\\\/#primaryimage\"},\"thumbnailUrl\":\"https:\\\/\\\/miralles1986.com\\\/wp-content\\\/uploads\\\/2026\\\/04\\\/PANTALON_CORTO_Y-3_ULTRALIGHT_WOVEN_Negro_KF6045.jpg\",\"datePublished\":\"2026-04-04T13:50:22+00:00\",\"dateModified\":\"2026-04-04T14:07:00+00:00\",\"description\":\"El pantal\u00f3n corto Y-3 Ultralight Woven KF6045 combina innovaci\u00f3n deportiva y dise\u00f1o de autor en una prenda pensada para el d\u00eda a d\u00eda.\",\"breadcrumb\":{\"@id\":\"https:\\\/\\\/miralles1986.com\\\/producto\\\/pantalon-corto-y-3-ultralight-woven-kf6045\\\/#breadcrumb\"},\"inLanguage\":\"en-GB\",\"potentialAction\":[{\"@type\":\"ReadAction\",\"target\":[\"https:\\\/\\\/miralles1986.com\\\/producto\\\/pantalon-corto-y-3-ultralight-woven-kf6045\\\/\"]}]},{\"@type\":\"ImageObject\",\"inLanguage\":\"en-GB\",\"@id\":\"https:\\\/\\\/miralles1986.com\\\/producto\\\/pantalon-corto-y-3-ultralight-woven-kf6045\\\/#primaryimage\",\"url\":\"https:\\\/\\\/miralles1986.com\\\/wp-content\\\/uploads\\\/2026\\\/04\\\/PANTALON_CORTO_Y-3_ULTRALIGHT_WOVEN_Negro_KF6045.jpg\",\"contentUrl\":\"https:\\\/\\\/miralles1986.com\\\/wp-content\\\/uploads\\\/2026\\\/04\\\/PANTALON_CORTO_Y-3_ULTRALIGHT_WOVEN_Negro_KF6045.jpg\",\"width\":1000,\"height\":1000,\"caption\":\"Pantal\u00f3n corto Y-3 Ultralight Woven KF6045\"},{\"@type\":\"BreadcrumbList\",\"@id\":\"https:\\\/\\\/miralles1986.com\\\/producto\\\/pantalon-corto-y-3-ultralight-woven-kf6045\\\/#breadcrumb\",\"itemListElement\":[{\"@type\":\"ListItem\",\"position\":1,\"name\":\"Portada\",\"item\":\"https:\\\/\\\/miralles1986.com\\\/\"},{\"@type\":\"ListItem\",\"position\":2,\"name\":\"Tienda de moda de Lujo para hombre en Valencia\",\"item\":\"https:\\\/\\\/miralles1986.com\\\/tienda\\\/\"},{\"@type\":\"ListItem\",\"position\":3,\"name\":\"Pantal\u00f3n corto Y-3 Ultralight Woven KF6045\"}]},{\"@type\":\"WebSite\",\"@id\":\"https:\\\/\\\/miralles1986.com\\\/#website\",\"url\":\"https:\\\/\\\/miralles1986.com\\\/\",\"name\":\"Miralles 1986\",\"description\":\"Moda masculina de lujo en Valencia\",\"publisher\":{\"@id\":\"https:\\\/\\\/miralles1986.com\\\/#organization\"},\"potentialAction\":[{\"@type\":\"SearchAction\",\"target\":{\"@type\":\"EntryPoint\",\"urlTemplate\":\"https:\\\/\\\/miralles1986.com\\\/?s={search_term_string}\"},\"query-input\":{\"@type\":\"PropertyValueSpecification\",\"valueRequired\":true,\"valueName\":\"search_term_string\"}}],\"inLanguage\":\"en-GB\"},{\"@type\":\"Organization\",\"@id\":\"https:\\\/\\\/miralles1986.com\\\/#organization\",\"name\":\"Miralles 1986\",\"alternateName\":\"Miralles\",\"url\":\"https:\\\/\\\/miralles1986.com\\\/\",\"logo\":{\"@type\":\"ImageObject\",\"inLanguage\":\"en-GB\",\"@id\":\"https:\\\/\\\/miralles1986.com\\\/#\\\/schema\\\/logo\\\/image\\\/\",\"url\":\"https:\\\/\\\/miralles1986.com\\\/wp-content\\\/uploads\\\/2024\\\/09\\\/logo-miralles-1986-pequeno-bl.png\",\"contentUrl\":\"https:\\\/\\\/miralles1986.com\\\/wp-content\\\/uploads\\\/2024\\\/09\\\/logo-miralles-1986-pequeno-bl.png\",\"width\":201,\"height\":73,\"caption\":\"Miralles 1986\"},\"image\":{\"@id\":\"https:\\\/\\\/miralles1986.com\\\/#\\\/schema\\\/logo\\\/image\\\/\"},\"sameAs\":[\"https:\\\/\\\/www.facebook.com\\\/miralles1986\",\"https:\\\/\\\/www.instagram.com\\\/miralles1986_\\\/\"]}]}<\/script>\n<!-- \/ Yoast SEO plugin. -->","yoast_head_json":{"title":"Y-3 Ultralight Woven Shorts KF6045 - Miralles 1986","description":"The Y-3 Ultralight Woven KF6045 shorts combine sporting innovation and designer style in a garment designed for everyday wear.","robots":{"index":"index","follow":"follow","max-snippet":"max-snippet:-1","max-image-preview":"max-image-preview:large","max-video-preview":"max-video-preview:-1"},"canonical":"https:\/\/miralles1986.com\/en\/product\/pantalon-corto-y-3-ultralight-woven-kf6045\/","og_locale":"en_GB","og_type":"article","og_title":"Pantal\u00f3n corto Y-3 Ultralight Woven KF6045 - Miralles 1986","og_description":"El pantal\u00f3n corto Y-3 Ultralight Woven KF6045 combina innovaci\u00f3n deportiva y dise\u00f1o de autor en una prenda pensada para el d\u00eda a d\u00eda.","og_url":"https:\/\/miralles1986.com\/en\/product\/pantalon-corto-y-3-ultralight-woven-kf6045\/","og_site_name":"Miralles 1986","article_publisher":"https:\/\/www.facebook.com\/miralles1986","article_modified_time":"2026-04-04T14:07:00+00:00","og_image":[{"width":1000,"height":1000,"url":"https:\/\/miralles1986.com\/wp-content\/uploads\/2026\/04\/PANTALON_CORTO_Y-3_ULTRALIGHT_WOVEN_Negro_KF6045.jpg","type":"image\/jpeg"}],"twitter_card":"summary_large_image","twitter_misc":{"Estimated reading time":"2 minutes"},"schema":{"@context":"https:\/\/schema.org","@graph":[{"@type":"WebPage","@id":"https:\/\/miralles1986.com\/producto\/pantalon-corto-y-3-ultralight-woven-kf6045\/","url":"https:\/\/miralles1986.com\/producto\/pantalon-corto-y-3-ultralight-woven-kf6045\/","name":"Y-3 Ultralight Woven Shorts KF6045 - Miralles 1986","isPartOf":{"@id":"https:\/\/miralles1986.com\/#website"},"primaryImageOfPage":{"@id":"https:\/\/miralles1986.com\/producto\/pantalon-corto-y-3-ultralight-woven-kf6045\/#primaryimage"},"image":{"@id":"https:\/\/miralles1986.com\/producto\/pantalon-corto-y-3-ultralight-woven-kf6045\/#primaryimage"},"thumbnailUrl":"https:\/\/miralles1986.com\/wp-content\/uploads\/2026\/04\/PANTALON_CORTO_Y-3_ULTRALIGHT_WOVEN_Negro_KF6045.jpg","datePublished":"2026-04-04T13:50:22+00:00","dateModified":"2026-04-04T14:07:00+00:00","description":"The Y-3 Ultralight Woven KF6045 shorts combine sporting innovation and designer style in a garment designed for everyday wear.","breadcrumb":{"@id":"https:\/\/miralles1986.com\/producto\/pantalon-corto-y-3-ultralight-woven-kf6045\/#breadcrumb"},"inLanguage":"en-GB","potentialAction":[{"@type":"ReadAction","target":["https:\/\/miralles1986.com\/producto\/pantalon-corto-y-3-ultralight-woven-kf6045\/"]}]},{"@type":"ImageObject","inLanguage":"en-GB","@id":"https:\/\/miralles1986.com\/producto\/pantalon-corto-y-3-ultralight-woven-kf6045\/#primaryimage","url":"https:\/\/miralles1986.com\/wp-content\/uploads\/2026\/04\/PANTALON_CORTO_Y-3_ULTRALIGHT_WOVEN_Negro_KF6045.jpg","contentUrl":"https:\/\/miralles1986.com\/wp-content\/uploads\/2026\/04\/PANTALON_CORTO_Y-3_ULTRALIGHT_WOVEN_Negro_KF6045.jpg","width":1000,"height":1000,"caption":"Pantal\u00f3n corto Y-3 Ultralight Woven KF6045"},{"@type":"BreadcrumbList","@id":"https:\/\/miralles1986.com\/producto\/pantalon-corto-y-3-ultralight-woven-kf6045\/#breadcrumb","itemListElement":[{"@type":"ListItem","position":1,"name":"Portada","item":"https:\/\/miralles1986.com\/"},{"@type":"ListItem","position":2,"name":"Tienda de moda de Lujo para hombre en Valencia","item":"https:\/\/miralles1986.com\/tienda\/"},{"@type":"ListItem","position":3,"name":"Pantal\u00f3n corto Y-3 Ultralight Woven KF6045"}]},{"@type":"WebSite","@id":"https:\/\/miralles1986.com\/#website","url":"https:\/\/miralles1986.com\/","name":"Miralles 1986","description":"Luxury men&#039;s fashion in Valencia","publisher":{"@id":"https:\/\/miralles1986.com\/#organization"},"potentialAction":[{"@type":"SearchAction","target":{"@type":"EntryPoint","urlTemplate":"https:\/\/miralles1986.com\/?s={search_term_string}"},"query-input":{"@type":"PropertyValueSpecification","valueRequired":true,"valueName":"search_term_string"}}],"inLanguage":"en-GB"},{"@type":"Organization","@id":"https:\/\/miralles1986.com\/#organization","name":"Miralles 1986","alternateName":"Miralles","url":"https:\/\/miralles1986.com\/","logo":{"@type":"ImageObject","inLanguage":"en-GB","@id":"https:\/\/miralles1986.com\/#\/schema\/logo\/image\/","url":"https:\/\/miralles1986.com\/wp-content\/uploads\/2024\/09\/logo-miralles-1986-pequeno-bl.png","contentUrl":"https:\/\/miralles1986.com\/wp-content\/uploads\/2024\/09\/logo-miralles-1986-pequeno-bl.png","width":201,"height":73,"caption":"Miralles 1986"},"image":{"@id":"https:\/\/miralles1986.com\/#\/schema\/logo\/image\/"},"sameAs":["https:\/\/www.facebook.com\/miralles1986","https:\/\/www.instagram.com\/miralles1986_\/"]}]}},"brands":[{"id":163,"name":"Y-3","slug":"y-3"}],"_links":{"self":[{"href":"https:\/\/miralles1986.com\/en\/wp-json\/wp\/v2\/product\/19064","targetHints":{"allow":["GET"]}}],"collection":[{"href":"https:\/\/miralles1986.com\/en\/wp-json\/wp\/v2\/product"}],"about":[{"href":"https:\/\/miralles1986.com\/en\/wp-json\/wp\/v2\/types\/product"}],"replies":[{"embeddable":true,"href":"https:\/\/miralles1986.com\/en\/wp-json\/wp\/v2\/comments?post=19064"}],"wp:featuredmedia":[{"embeddable":true,"href":"https:\/\/miralles1986.com\/en\/wp-json\/wp\/v2\/media\/19075"}],"wp:attachment":[{"href":"https:\/\/miralles1986.com\/en\/wp-json\/wp\/v2\/media?parent=19064"}],"wp:term":[{"taxonomy":"pwb-brand","embeddable":true,"href":"https:\/\/miralles1986.com\/en\/wp-json\/wp\/v2\/pwb-brand?post=19064"},{"taxonomy":"product_brand","embeddable":true,"href":"https:\/\/miralles1986.com\/en\/wp-json\/wp\/v2\/product_brand?post=19064"},{"taxonomy":"product_cat","embeddable":true,"href":"https:\/\/miralles1986.com\/en\/wp-json\/wp\/v2\/product_cat?post=19064"},{"taxonomy":"product_tag","embeddable":true,"href":"https:\/\/miralles1986.com\/en\/wp-json\/wp\/v2\/product_tag?post=19064"}],"curies":[{"name":"wp","href":"https:\/\/api.w.org\/{rel}","templated":true}]}}