{"id":19076,"date":"2026-04-04T16:09:27","date_gmt":"2026-04-04T14:09:27","guid":{"rendered":"https:\/\/miralles1986.com\/?post_type=product&#038;p=19076"},"modified":"2026-04-04T16:23:58","modified_gmt":"2026-04-04T14:23:58","slug":"sandalias-tipo-pala-y-3-grey-two-ki4034","status":"publish","type":"product","link":"https:\/\/miralles1986.com\/en\/product\/sandalias-tipo-pala-y-3-grey-two-ki4034\/","title":{"rendered":"Slides Y-3 Grey Two KI4034"},"content":{"rendered":"<p>The slides<strong>\u00a0<a href=\"https:\/\/miralles1986.com\/en\/marca\/y-3\/\">Y-3<\/a> Grey Two KI4034 <\/strong>They combine contemporary design and functionality in a silhouette essential for the warmer months. Crafted from soft-touch suede, they offer a comfortable and adaptable fit from the first wear, while also providing a sophisticated and elegant finish.<\/p>\n<p data-start=\"531\" data-end=\"772\">The Lightstrike midsole provides lightweight, responsive cushioning, ensuring comfort with every step. The rubber outsole provides excellent traction and durability, adapting to different surfaces with stability.<\/p>\n<p data-start=\"774\" data-end=\"1040\">Its clean, minimalist design, along with the subtly integrated Y-3 logo, reflects the fusion of adidas&#039; sporting innovation and Yohji Yamamoto&#039;s avant-garde aesthetic. A versatile option to complete urban and relaxed looks with a premium touch.<\/p>\n<h3 data-section-id=\"sca89l\" data-start=\"1047\" data-end=\"1076\">Characteristics:<\/h3>\n<p data-start=\"1078\" data-end=\"1440\">\u2022 Soft, breathable suede upper<br data-start=\"1123\" data-end=\"1126\" \/>\u2022 Comfortable insole that adapts to the foot<br data-start=\"1165\" data-end=\"1168\" \/>\u2022 Lightweight and cushioned Lightstrike midsole<br data-start=\"1213\" data-end=\"1216\" \/>\u2022 Rubber sole with good grip<br data-start=\"1247\" data-end=\"1250\" \/>\u2022 Easy-to-install slide-type design<br data-start=\"1284\" data-end=\"1287\" \/>\u2022 Minimalist and contemporary aesthetic<br data-start=\"1325\" data-end=\"1328\" \/>\u2022 Subtle Y-3 logo<br data-start=\"1348\" data-end=\"1351\" \/>\u2022 Color: Gray<br data-start=\"1364\" data-end=\"1367\" \/>\u2022 Height: Low<br data-start=\"1381\" data-end=\"1384\" \/>\u2022 Season: Spring \/ Summer<br data-start=\"1415\" data-end=\"1418\" data-is-only-node=\"\" \/>\u2022 Reference: KI4034<\/p>\n<h3 data-section-id=\"lr8dhn\" data-start=\"1447\" data-end=\"1481\">Why buy these sandals?<\/h3>\n<p data-start=\"1483\" data-end=\"1817\" data-is-last-node=\"\" data-is-only-node=\"\">Because they offer the perfect combination of comfort, lightness, and premium design. They&#039;re ideal for everyday wear in summer thanks to their breathability and ease of use, while their clean and sophisticated aesthetic elevates any casual look. An essential piece with the distinctive Y-3 signature that goes beyond a simple sandal.<\/p>\n<p><strong>The slides\u00a0<a href=\"https:\/\/miralles1986.com\/en\/marca\/y-3\/\">Y-3<\/a> Grey Two KI4034 <\/strong>are available in <strong><a href=\"https:\/\/miralles1986.com\/en\/\">Miralles 1986<\/a><\/strong><\/p>","protected":false},"excerpt":{"rendered":"<p data-start=\"104\" data-end=\"236\">Y-3 suede slide sandals with a lightweight sole, designed to offer comfort, breathability and a premium minimalist style.<\/p>","protected":false},"featured_media":19087,"comment_status":"closed","ping_status":"closed","template":"","meta":[],"pwb-brand":[163],"product_brand":[819],"product_cat":[418,420,421],"product_tag":[417,755,1021,347],"class_list":{"0":"post-19076","1":"product","2":"type-product","3":"status-publish","4":"has-post-thumbnail","6":"pwb-brand-y-3","7":"product_brand-tienda-eleven","8":"product_cat-bermudas-premium","9":"product_cat-calzado","10":"product_cat-sandalias","11":"product_tag-bermudas","12":"product_tag-moda-hombre","13":"product_tag-primavera-verano-2026","14":"product_tag-shorts","15":"pa_color-gris","16":"pa_composicion-ante","17":"pa_composicion-goma","18":"pa_tamano-40","19":"pa_tamano-42","20":"pa_tamano-34","21":"pa_tamano-36","22":"pa_tamano-38","24":"first","25":"instock","26":"featured","27":"sold-individually","28":"taxable","29":"shipping-taxable","30":"purchasable","31":"product-type-variable"},"supplier_id":null,"supplier_sku":"","barcode":null,"atum_controlled":true,"out_stock_date":null,"out_stock_threshold":null,"inheritable":true,"inbound_stock":0,"stock_on_hold":0,"sold_today":null,"sales_last_days":null,"reserved_stock":0,"customer_returns":null,"warehouse_damage":null,"lost_in_post":null,"other_logs":null,"out_stock_days":null,"lost_sales":null,"has_location":false,"update_date":"2026-04-16T15:29:46","atum_locations":[],"atum_stock_status":"instock","restock_status":false,"low_stock_amount":"","sales_update_date":"2026-04-16T15:29:46","calc_backorders":null,"yoast_head":"<!-- This site is optimized with the Yoast SEO plugin v27.4 - https:\/\/yoast.com\/product\/yoast-seo-wordpress\/ -->\n<title>Slides Y-3 Grey Two KI4034 - Miralles 1986<\/title>\n<meta name=\"description\" content=\"Los slides\u00a0Y-3 Grey Two KI4034 combinan dise\u00f1o contempor\u00e1neo y funcionalidad en una silueta esencial para los meses m\u00e1s c\u00e1lidos.\" \/>\n<meta name=\"robots\" content=\"index, follow, max-snippet:-1, max-image-preview:large, max-video-preview:-1\" \/>\n<link rel=\"canonical\" href=\"https:\/\/miralles1986.com\/en\/product\/sandalias-tipo-pala-y-3-grey-two-ki4034\/\" \/>\n<meta property=\"og:locale\" content=\"en_GB\" \/>\n<meta property=\"og:type\" content=\"article\" \/>\n<meta property=\"og:title\" content=\"Slides Y-3 Grey Two KI4034 - Miralles 1986\" \/>\n<meta property=\"og:description\" content=\"Los slides\u00a0Y-3 Grey Two KI4034 combinan dise\u00f1o contempor\u00e1neo y funcionalidad en una silueta esencial para los meses m\u00e1s c\u00e1lidos.\" \/>\n<meta property=\"og:url\" content=\"https:\/\/miralles1986.com\/en\/product\/sandalias-tipo-pala-y-3-grey-two-ki4034\/\" \/>\n<meta property=\"og:site_name\" content=\"Miralles 1986\" \/>\n<meta property=\"article:publisher\" content=\"https:\/\/www.facebook.com\/miralles1986\" \/>\n<meta property=\"article:modified_time\" content=\"2026-04-04T14:23:58+00:00\" \/>\n<meta property=\"og:image\" content=\"https:\/\/miralles1986.com\/wp-content\/uploads\/2026\/04\/sandalias-y-3-slide-grey-two-8.jpg\" \/>\n\t<meta property=\"og:image:width\" content=\"1000\" \/>\n\t<meta property=\"og:image:height\" content=\"1000\" \/>\n\t<meta property=\"og:image:type\" content=\"image\/jpeg\" \/>\n<meta name=\"twitter:card\" content=\"summary_large_image\" \/>\n<meta name=\"twitter:label1\" content=\"Estimated reading time\" \/>\n\t<meta name=\"twitter:data1\" content=\"2 minutes\" \/>\n<script type=\"application\/ld+json\" class=\"yoast-schema-graph\">{\"@context\":\"https:\\\/\\\/schema.org\",\"@graph\":[{\"@type\":\"WebPage\",\"@id\":\"https:\\\/\\\/miralles1986.com\\\/producto\\\/sandalias-tipo-pala-y-3-grey-two-ki4034\\\/\",\"url\":\"https:\\\/\\\/miralles1986.com\\\/producto\\\/sandalias-tipo-pala-y-3-grey-two-ki4034\\\/\",\"name\":\"Slides Y-3 Grey Two KI4034 - Miralles 1986\",\"isPartOf\":{\"@id\":\"https:\\\/\\\/miralles1986.com\\\/#website\"},\"primaryImageOfPage\":{\"@id\":\"https:\\\/\\\/miralles1986.com\\\/producto\\\/sandalias-tipo-pala-y-3-grey-two-ki4034\\\/#primaryimage\"},\"image\":{\"@id\":\"https:\\\/\\\/miralles1986.com\\\/producto\\\/sandalias-tipo-pala-y-3-grey-two-ki4034\\\/#primaryimage\"},\"thumbnailUrl\":\"https:\\\/\\\/miralles1986.com\\\/wp-content\\\/uploads\\\/2026\\\/04\\\/sandalias-y-3-slide-grey-two-8.jpg\",\"datePublished\":\"2026-04-04T14:09:27+00:00\",\"dateModified\":\"2026-04-04T14:23:58+00:00\",\"description\":\"Los slides\u00a0Y-3 Grey Two KI4034 combinan dise\u00f1o contempor\u00e1neo y funcionalidad en una silueta esencial para los meses m\u00e1s c\u00e1lidos.\",\"breadcrumb\":{\"@id\":\"https:\\\/\\\/miralles1986.com\\\/producto\\\/sandalias-tipo-pala-y-3-grey-two-ki4034\\\/#breadcrumb\"},\"inLanguage\":\"en-GB\",\"potentialAction\":[{\"@type\":\"ReadAction\",\"target\":[\"https:\\\/\\\/miralles1986.com\\\/producto\\\/sandalias-tipo-pala-y-3-grey-two-ki4034\\\/\"]}]},{\"@type\":\"ImageObject\",\"inLanguage\":\"en-GB\",\"@id\":\"https:\\\/\\\/miralles1986.com\\\/producto\\\/sandalias-tipo-pala-y-3-grey-two-ki4034\\\/#primaryimage\",\"url\":\"https:\\\/\\\/miralles1986.com\\\/wp-content\\\/uploads\\\/2026\\\/04\\\/sandalias-y-3-slide-grey-two-8.jpg\",\"contentUrl\":\"https:\\\/\\\/miralles1986.com\\\/wp-content\\\/uploads\\\/2026\\\/04\\\/sandalias-y-3-slide-grey-two-8.jpg\",\"width\":1000,\"height\":1000,\"caption\":\"Slides Y-3 Grey Two KI4034\"},{\"@type\":\"BreadcrumbList\",\"@id\":\"https:\\\/\\\/miralles1986.com\\\/producto\\\/sandalias-tipo-pala-y-3-grey-two-ki4034\\\/#breadcrumb\",\"itemListElement\":[{\"@type\":\"ListItem\",\"position\":1,\"name\":\"Portada\",\"item\":\"https:\\\/\\\/miralles1986.com\\\/\"},{\"@type\":\"ListItem\",\"position\":2,\"name\":\"Tienda de moda de Lujo para hombre en Valencia\",\"item\":\"https:\\\/\\\/miralles1986.com\\\/tienda\\\/\"},{\"@type\":\"ListItem\",\"position\":3,\"name\":\"Slides Y-3 Grey Two KI4034\"}]},{\"@type\":\"WebSite\",\"@id\":\"https:\\\/\\\/miralles1986.com\\\/#website\",\"url\":\"https:\\\/\\\/miralles1986.com\\\/\",\"name\":\"Miralles 1986\",\"description\":\"Moda masculina de lujo en Valencia\",\"publisher\":{\"@id\":\"https:\\\/\\\/miralles1986.com\\\/#organization\"},\"potentialAction\":[{\"@type\":\"SearchAction\",\"target\":{\"@type\":\"EntryPoint\",\"urlTemplate\":\"https:\\\/\\\/miralles1986.com\\\/?s={search_term_string}\"},\"query-input\":{\"@type\":\"PropertyValueSpecification\",\"valueRequired\":true,\"valueName\":\"search_term_string\"}}],\"inLanguage\":\"en-GB\"},{\"@type\":\"Organization\",\"@id\":\"https:\\\/\\\/miralles1986.com\\\/#organization\",\"name\":\"Miralles 1986\",\"alternateName\":\"Miralles\",\"url\":\"https:\\\/\\\/miralles1986.com\\\/\",\"logo\":{\"@type\":\"ImageObject\",\"inLanguage\":\"en-GB\",\"@id\":\"https:\\\/\\\/miralles1986.com\\\/#\\\/schema\\\/logo\\\/image\\\/\",\"url\":\"https:\\\/\\\/miralles1986.com\\\/wp-content\\\/uploads\\\/2024\\\/09\\\/logo-miralles-1986-pequeno-bl.png\",\"contentUrl\":\"https:\\\/\\\/miralles1986.com\\\/wp-content\\\/uploads\\\/2024\\\/09\\\/logo-miralles-1986-pequeno-bl.png\",\"width\":201,\"height\":73,\"caption\":\"Miralles 1986\"},\"image\":{\"@id\":\"https:\\\/\\\/miralles1986.com\\\/#\\\/schema\\\/logo\\\/image\\\/\"},\"sameAs\":[\"https:\\\/\\\/www.facebook.com\\\/miralles1986\",\"https:\\\/\\\/www.instagram.com\\\/miralles1986_\\\/\"]}]}<\/script>\n<!-- \/ Yoast SEO plugin. -->","yoast_head_json":{"title":"Slides Y-3 Gray Two KI4034 - Miralles 1986","description":"The Y-3 Grey Two KI4034 slides combine contemporary design and functionality in a silhouette essential for the warmer months.","robots":{"index":"index","follow":"follow","max-snippet":"max-snippet:-1","max-image-preview":"max-image-preview:large","max-video-preview":"max-video-preview:-1"},"canonical":"https:\/\/miralles1986.com\/en\/product\/sandalias-tipo-pala-y-3-grey-two-ki4034\/","og_locale":"en_GB","og_type":"article","og_title":"Slides Y-3 Grey Two KI4034 - Miralles 1986","og_description":"Los slides\u00a0Y-3 Grey Two KI4034 combinan dise\u00f1o contempor\u00e1neo y funcionalidad en una silueta esencial para los meses m\u00e1s c\u00e1lidos.","og_url":"https:\/\/miralles1986.com\/en\/product\/sandalias-tipo-pala-y-3-grey-two-ki4034\/","og_site_name":"Miralles 1986","article_publisher":"https:\/\/www.facebook.com\/miralles1986","article_modified_time":"2026-04-04T14:23:58+00:00","og_image":[{"width":1000,"height":1000,"url":"https:\/\/miralles1986.com\/wp-content\/uploads\/2026\/04\/sandalias-y-3-slide-grey-two-8.jpg","type":"image\/jpeg"}],"twitter_card":"summary_large_image","twitter_misc":{"Estimated reading time":"2 minutes"},"schema":{"@context":"https:\/\/schema.org","@graph":[{"@type":"WebPage","@id":"https:\/\/miralles1986.com\/producto\/sandalias-tipo-pala-y-3-grey-two-ki4034\/","url":"https:\/\/miralles1986.com\/producto\/sandalias-tipo-pala-y-3-grey-two-ki4034\/","name":"Slides Y-3 Gray Two KI4034 - Miralles 1986","isPartOf":{"@id":"https:\/\/miralles1986.com\/#website"},"primaryImageOfPage":{"@id":"https:\/\/miralles1986.com\/producto\/sandalias-tipo-pala-y-3-grey-two-ki4034\/#primaryimage"},"image":{"@id":"https:\/\/miralles1986.com\/producto\/sandalias-tipo-pala-y-3-grey-two-ki4034\/#primaryimage"},"thumbnailUrl":"https:\/\/miralles1986.com\/wp-content\/uploads\/2026\/04\/sandalias-y-3-slide-grey-two-8.jpg","datePublished":"2026-04-04T14:09:27+00:00","dateModified":"2026-04-04T14:23:58+00:00","description":"The Y-3 Grey Two KI4034 slides combine contemporary design and functionality in a silhouette essential for the warmer months.","breadcrumb":{"@id":"https:\/\/miralles1986.com\/producto\/sandalias-tipo-pala-y-3-grey-two-ki4034\/#breadcrumb"},"inLanguage":"en-GB","potentialAction":[{"@type":"ReadAction","target":["https:\/\/miralles1986.com\/producto\/sandalias-tipo-pala-y-3-grey-two-ki4034\/"]}]},{"@type":"ImageObject","inLanguage":"en-GB","@id":"https:\/\/miralles1986.com\/producto\/sandalias-tipo-pala-y-3-grey-two-ki4034\/#primaryimage","url":"https:\/\/miralles1986.com\/wp-content\/uploads\/2026\/04\/sandalias-y-3-slide-grey-two-8.jpg","contentUrl":"https:\/\/miralles1986.com\/wp-content\/uploads\/2026\/04\/sandalias-y-3-slide-grey-two-8.jpg","width":1000,"height":1000,"caption":"Slides Y-3 Grey Two KI4034"},{"@type":"BreadcrumbList","@id":"https:\/\/miralles1986.com\/producto\/sandalias-tipo-pala-y-3-grey-two-ki4034\/#breadcrumb","itemListElement":[{"@type":"ListItem","position":1,"name":"Portada","item":"https:\/\/miralles1986.com\/"},{"@type":"ListItem","position":2,"name":"Tienda de moda de Lujo para hombre en Valencia","item":"https:\/\/miralles1986.com\/tienda\/"},{"@type":"ListItem","position":3,"name":"Slides Y-3 Grey Two KI4034"}]},{"@type":"WebSite","@id":"https:\/\/miralles1986.com\/#website","url":"https:\/\/miralles1986.com\/","name":"Miralles 1986","description":"Luxury men&#039;s fashion in Valencia","publisher":{"@id":"https:\/\/miralles1986.com\/#organization"},"potentialAction":[{"@type":"SearchAction","target":{"@type":"EntryPoint","urlTemplate":"https:\/\/miralles1986.com\/?s={search_term_string}"},"query-input":{"@type":"PropertyValueSpecification","valueRequired":true,"valueName":"search_term_string"}}],"inLanguage":"en-GB"},{"@type":"Organization","@id":"https:\/\/miralles1986.com\/#organization","name":"Miralles 1986","alternateName":"Miralles","url":"https:\/\/miralles1986.com\/","logo":{"@type":"ImageObject","inLanguage":"en-GB","@id":"https:\/\/miralles1986.com\/#\/schema\/logo\/image\/","url":"https:\/\/miralles1986.com\/wp-content\/uploads\/2024\/09\/logo-miralles-1986-pequeno-bl.png","contentUrl":"https:\/\/miralles1986.com\/wp-content\/uploads\/2024\/09\/logo-miralles-1986-pequeno-bl.png","width":201,"height":73,"caption":"Miralles 1986"},"image":{"@id":"https:\/\/miralles1986.com\/#\/schema\/logo\/image\/"},"sameAs":["https:\/\/www.facebook.com\/miralles1986","https:\/\/www.instagram.com\/miralles1986_\/"]}]}},"brands":[{"id":163,"name":"Y-3","slug":"y-3"}],"_links":{"self":[{"href":"https:\/\/miralles1986.com\/en\/wp-json\/wp\/v2\/product\/19076","targetHints":{"allow":["GET"]}}],"collection":[{"href":"https:\/\/miralles1986.com\/en\/wp-json\/wp\/v2\/product"}],"about":[{"href":"https:\/\/miralles1986.com\/en\/wp-json\/wp\/v2\/types\/product"}],"replies":[{"embeddable":true,"href":"https:\/\/miralles1986.com\/en\/wp-json\/wp\/v2\/comments?post=19076"}],"wp:featuredmedia":[{"embeddable":true,"href":"https:\/\/miralles1986.com\/en\/wp-json\/wp\/v2\/media\/19087"}],"wp:attachment":[{"href":"https:\/\/miralles1986.com\/en\/wp-json\/wp\/v2\/media?parent=19076"}],"wp:term":[{"taxonomy":"pwb-brand","embeddable":true,"href":"https:\/\/miralles1986.com\/en\/wp-json\/wp\/v2\/pwb-brand?post=19076"},{"taxonomy":"product_brand","embeddable":true,"href":"https:\/\/miralles1986.com\/en\/wp-json\/wp\/v2\/product_brand?post=19076"},{"taxonomy":"product_cat","embeddable":true,"href":"https:\/\/miralles1986.com\/en\/wp-json\/wp\/v2\/product_cat?post=19076"},{"taxonomy":"product_tag","embeddable":true,"href":"https:\/\/miralles1986.com\/en\/wp-json\/wp\/v2\/product_tag?post=19076"}],"curies":[{"name":"wp","href":"https:\/\/api.w.org\/{rel}","templated":true}]}}