{"id":4348,"date":"2023-04-27T18:38:16","date_gmt":"2023-04-27T16:38:16","guid":{"rendered":"https:\/\/elevenvalencia.com\/?post_type=product&#038;p=4348"},"modified":"2026-01-31T13:18:55","modified_gmt":"2026-01-31T12:18:55","slug":"zapatillas-blancas-runner-4d-exo-y-3","status":"publish","type":"product","link":"https:\/\/miralles1986.com\/en\/producto\/zapatillas-blancas-runner-4d-exo-y-3\/","title":{"rendered":"White Runner 4D EXO Y-3 Sneakers"},"content":{"rendered":"<p>Y-3 White Runner 4D EXO Sneakers. These sneakers represent a new vision of running philosophy, marked by a more futuristic approach and greater expressiveness in terms of shape and style. They feature a lace-up closure on an upper with two layers of overlapping adidas PRIMEKNIT fabric, a suede side reinforcement, and a leather tongue. They also have a premium suede lining in the heel area. The shoe incorporates an adidas 4D midsole and a molded polyurethane cage-shaped heel stabilizer. The outsole is made of Continental\u2122 rubber.<\/p>\n<p><strong>The Y-3 white Runner 4D EXO sneakers are available at <a href=\"https:\/\/miralles1986.com\/en\/\">Miralles 1986<\/a> within the <a href=\"https:\/\/miralles1986.com\/en\/zapatillas-y-3-hombre-originales-y-disponibles\/\">Y-3 men&#039;s shoe catalog.<\/a><\/strong><\/p>","protected":false},"excerpt":{"rendered":"<p>Y-3 RUNNER 4D EXO sneakers, an exclusive new release from the Japanese firm Yohji Yamamoto in collaboration with ADIDAS, for this Autumn-Winter 2022 season. These sports shoes stand out for their technological innovation at the service of functionality.<\/p>\n<div style=\"font-weight: bold; margin-top: 20px; font-size: 16px;\">Size conversion chart<\/div>\n<div style=\"max-height: 200px; overflow-y: auto; margin-top: 15px; border: 1px solid #ccc; padding: 10px;\">\n<table style=\"width: 100%; border-collapse: collapse; font-size: 14px;\">\n<thead>\n<tr>\n<th style=\"border: 1px solid #ccc; padding: 8px; text-align: center;\">Germany \/ France<\/th>\n<th style=\"border: 1px solid #ccc; padding: 8px; text-align: center;\">UK<\/th>\n<\/tr>\n<\/thead>\n<tbody>\n<tr>\n<td style=\"border: 1px solid #ccc; padding: 8px; text-align: center;\">36 2\/3<\/td>\n<td style=\"border: 1px solid #ccc; padding: 8px; text-align: center;\">4<\/td>\n<\/tr>\n<tr>\n<td style=\"border: 1px solid #ccc; padding: 8px; text-align: center;\">37 1\/3<\/td>\n<td style=\"border: 1px solid #ccc; padding: 8px; text-align: center;\">4.5<\/td>\n<\/tr>\n<tr>\n<td style=\"border: 1px solid #ccc; padding: 8px; text-align: center;\">38<\/td>\n<td style=\"border: 1px solid #ccc; padding: 8px; text-align: center;\">5<\/td>\n<\/tr>\n<tr>\n<td style=\"border: 1px solid #ccc; padding: 8px; text-align: center;\">38 2\/3<\/td>\n<td style=\"border: 1px solid #ccc; padding: 8px; text-align: center;\">5.5<\/td>\n<\/tr>\n<tr>\n<td style=\"border: 1px solid #ccc; padding: 8px; text-align: center;\">39 1\/3<\/td>\n<td style=\"border: 1px solid #ccc; padding: 8px; text-align: center;\">6<\/td>\n<\/tr>\n<tr>\n<td style=\"border: 1px solid #ccc; padding: 8px; text-align: center;\">40<\/td>\n<td style=\"border: 1px solid #ccc; padding: 8px; text-align: center;\">6.5<\/td>\n<\/tr>\n<tr>\n<td style=\"border: 1px solid #ccc; padding: 8px; text-align: center;\">40 2\/3<\/td>\n<td style=\"border: 1px solid #ccc; padding: 8px; text-align: center;\">7<\/td>\n<\/tr>\n<tr>\n<td style=\"border: 1px solid #ccc; padding: 8px; text-align: center;\">41 1\/3<\/td>\n<td style=\"border: 1px solid #ccc; padding: 8px; text-align: center;\">7.5<\/td>\n<\/tr>\n<tr>\n<td style=\"border: 1px solid #ccc; padding: 8px; text-align: center;\">42<\/td>\n<td style=\"border: 1px solid #ccc; padding: 8px; text-align: center;\">8<\/td>\n<\/tr>\n<tr>\n<td style=\"border: 1px solid #ccc; padding: 8px; text-align: center;\">42 2\/3<\/td>\n<td style=\"border: 1px solid #ccc; padding: 8px; text-align: center;\">8.5<\/td>\n<\/tr>\n<tr>\n<td style=\"border: 1px solid #ccc; padding: 8px; text-align: center;\">43 1\/3<\/td>\n<td style=\"border: 1px solid #ccc; padding: 8px; text-align: center;\">9<\/td>\n<\/tr>\n<tr>\n<td style=\"border: 1px solid #ccc; padding: 8px; text-align: center;\">44<\/td>\n<td style=\"border: 1px solid #ccc; padding: 8px; text-align: center;\">9.5<\/td>\n<\/tr>\n<tr>\n<td style=\"border: 1px solid #ccc; padding: 8px; text-align: center;\">44 2\/3<\/td>\n<td style=\"border: 1px solid #ccc; padding: 8px; text-align: center;\">10<\/td>\n<\/tr>\n<tr>\n<td style=\"border: 1px solid #ccc; padding: 8px; text-align: center;\">45 1\/3<\/td>\n<td style=\"border: 1px solid #ccc; padding: 8px; text-align: center;\">10.5<\/td>\n<\/tr>\n<tr>\n<td style=\"border: 1px solid #ccc; padding: 8px; text-align: center;\">46<\/td>\n<td style=\"border: 1px solid #ccc; padding: 8px; text-align: center;\">11<\/td>\n<\/tr>\n<tr>\n<td style=\"border: 1px solid #ccc; padding: 8px; text-align: center;\">46 2\/3<\/td>\n<td style=\"border: 1px solid #ccc; padding: 8px; text-align: center;\">11.5<\/td>\n<\/tr>\n<tr>\n<td style=\"border: 1px solid #ccc; padding: 8px; text-align: center;\">47 1\/3<\/td>\n<td style=\"border: 1px solid #ccc; padding: 8px; text-align: center;\">12<\/td>\n<\/tr>\n<tr>\n<td style=\"border: 1px solid #ccc; padding: 8px; text-align: center;\">48<\/td>\n<td style=\"border: 1px solid #ccc; padding: 8px; text-align: center;\">12.5<\/td>\n<\/tr>\n<tr>\n<td style=\"border: 1px solid #ccc; padding: 8px; text-align: center;\">48 2\/3<\/td>\n<td style=\"border: 1px solid #ccc; padding: 8px; text-align: center;\">13<\/td>\n<\/tr>\n<tr>\n<td style=\"border: 1px solid #ccc; padding: 8px; text-align: center;\">49 1\/3<\/td>\n<td style=\"border: 1px solid #ccc; padding: 8px; text-align: center;\">13.5<\/td>\n<\/tr>\n<tr>\n<td style=\"border: 1px solid #ccc; padding: 8px; text-align: center;\">50<\/td>\n<td style=\"border: 1px solid #ccc; padding: 8px; text-align: center;\">14<\/td>\n<\/tr>\n<\/tbody>\n<\/table>\n<\/div>","protected":false},"featured_media":9023,"comment_status":"closed","ping_status":"closed","template":"","meta":[],"pwb-brand":[163],"product_brand":[],"product_cat":[420,423],"product_tag":[199,1030,452,434,1025],"class_list":{"0":"post-4348","1":"product","2":"type-product","3":"status-publish","4":"has-post-thumbnail","6":"pwb-brand-y-3","7":"product_cat-calzado","8":"product_cat-zapatillas","9":"product_tag-blanco","10":"product_tag-rebajas-enero-2026-y-3","11":"product_tag-y-3","12":"product_tag-zapatillas","13":"product_tag-zapatillas-y-3","14":"pa_color-blanco","15":"pa_composicion-goma","16":"pa_composicion-piel","17":"pa_tamano-40-5","18":"pa_tamano-41-5","19":"pa_tamano-63","20":"pa_tamano-42-5","21":"pa_tamano-65","22":"pa_tamano-66","24":"first","25":"outofstock","26":"featured","27":"sold-individually","28":"taxable","29":"shipping-taxable","30":"purchasable","31":"product-type-variable"},"supplier_id":null,"supplier_sku":"","barcode":null,"atum_controlled":true,"out_stock_date":null,"out_stock_threshold":null,"inheritable":true,"inbound_stock":0,"stock_on_hold":0,"sold_today":0,"sales_last_days":0,"reserved_stock":0,"customer_returns":0,"warehouse_damage":0,"lost_in_post":0,"other_logs":0,"out_stock_days":0,"lost_sales":0,"has_location":false,"update_date":"2026-05-07T10:43:00","atum_locations":[],"atum_stock_status":"outofstock","restock_status":false,"low_stock_amount":"","sales_update_date":"2026-05-07T10:43:00","calc_backorders":null,"yoast_head":"<!-- This site is optimized with the Yoast SEO plugin v27.5 - https:\/\/yoast.com\/product\/yoast-seo-wordpress\/ -->\n<title>Zapatillas Blancas Runner 4D EXO Y-3 - Miralles 1986<\/title>\n<meta name=\"description\" content=\"Zapatillas Y-3 blancas Runner 4D EXO. Estas sneakers suponen un nueva visi\u00f3n sobre la filosof\u00eda del running marcada por un visi\u00f3n m\u00e1s futurista.\" \/>\n<meta name=\"robots\" content=\"index, follow, max-snippet:-1, max-image-preview:large, max-video-preview:-1\" \/>\n<link rel=\"canonical\" href=\"https:\/\/miralles1986.com\/en\/product\/zapatillas-blancas-runner-4d-exo-y-3\/\" \/>\n<meta property=\"og:locale\" content=\"en_GB\" \/>\n<meta property=\"og:type\" content=\"article\" \/>\n<meta property=\"og:title\" content=\"Zapatillas Blancas Runner 4D EXO Y-3 - Miralles 1986\" \/>\n<meta property=\"og:description\" content=\"Zapatillas Y-3 blancas Runner 4D EXO. Estas sneakers suponen un nueva visi\u00f3n sobre la filosof\u00eda del running marcada por un visi\u00f3n m\u00e1s futurista.\" \/>\n<meta property=\"og:url\" content=\"https:\/\/miralles1986.com\/en\/product\/zapatillas-blancas-runner-4d-exo-y-3\/\" \/>\n<meta property=\"og:site_name\" content=\"Miralles 1986\" \/>\n<meta property=\"article:publisher\" content=\"https:\/\/www.facebook.com\/miralles1986\" \/>\n<meta property=\"article:modified_time\" content=\"2026-01-31T12:18:55+00:00\" \/>\n<meta property=\"og:image\" content=\"https:\/\/miralles1986.com\/wp-content\/uploads\/2024\/10\/zapatillas-blancas-runner-4d-exo-y-3.jpg\" \/>\n\t<meta property=\"og:image:width\" content=\"1300\" \/>\n\t<meta property=\"og:image:height\" content=\"1300\" \/>\n\t<meta property=\"og:image:type\" content=\"image\/jpeg\" \/>\n<meta name=\"twitter:card\" content=\"summary_large_image\" \/>\n<meta name=\"twitter:label1\" content=\"Estimated reading time\" \/>\n\t<meta name=\"twitter:data1\" content=\"1 minute\" \/>\n<script type=\"application\/ld+json\" class=\"yoast-schema-graph\">{\"@context\":\"https:\\\/\\\/schema.org\",\"@graph\":[{\"@type\":\"WebPage\",\"@id\":\"https:\\\/\\\/miralles1986.com\\\/producto\\\/zapatillas-blancas-runner-4d-exo-y-3\\\/\",\"url\":\"https:\\\/\\\/miralles1986.com\\\/producto\\\/zapatillas-blancas-runner-4d-exo-y-3\\\/\",\"name\":\"Zapatillas Blancas Runner 4D EXO Y-3 - Miralles 1986\",\"isPartOf\":{\"@id\":\"https:\\\/\\\/miralles1986.com\\\/#website\"},\"primaryImageOfPage\":{\"@id\":\"https:\\\/\\\/miralles1986.com\\\/producto\\\/zapatillas-blancas-runner-4d-exo-y-3\\\/#primaryimage\"},\"image\":{\"@id\":\"https:\\\/\\\/miralles1986.com\\\/producto\\\/zapatillas-blancas-runner-4d-exo-y-3\\\/#primaryimage\"},\"thumbnailUrl\":\"https:\\\/\\\/miralles1986.com\\\/wp-content\\\/uploads\\\/2024\\\/10\\\/zapatillas-blancas-runner-4d-exo-y-3.jpg\",\"datePublished\":\"2023-04-27T16:38:16+00:00\",\"dateModified\":\"2026-01-31T12:18:55+00:00\",\"description\":\"Zapatillas Y-3 blancas Runner 4D EXO. Estas sneakers suponen un nueva visi\u00f3n sobre la filosof\u00eda del running marcada por un visi\u00f3n m\u00e1s futurista.\",\"breadcrumb\":{\"@id\":\"https:\\\/\\\/miralles1986.com\\\/producto\\\/zapatillas-blancas-runner-4d-exo-y-3\\\/#breadcrumb\"},\"inLanguage\":\"en-GB\",\"potentialAction\":[{\"@type\":\"ReadAction\",\"target\":[\"https:\\\/\\\/miralles1986.com\\\/producto\\\/zapatillas-blancas-runner-4d-exo-y-3\\\/\"]}]},{\"@type\":\"ImageObject\",\"inLanguage\":\"en-GB\",\"@id\":\"https:\\\/\\\/miralles1986.com\\\/producto\\\/zapatillas-blancas-runner-4d-exo-y-3\\\/#primaryimage\",\"url\":\"https:\\\/\\\/miralles1986.com\\\/wp-content\\\/uploads\\\/2024\\\/10\\\/zapatillas-blancas-runner-4d-exo-y-3.jpg\",\"contentUrl\":\"https:\\\/\\\/miralles1986.com\\\/wp-content\\\/uploads\\\/2024\\\/10\\\/zapatillas-blancas-runner-4d-exo-y-3.jpg\",\"width\":1300,\"height\":1300,\"caption\":\"Zapatillas Blancas Runner 4D EXO Y-3\"},{\"@type\":\"BreadcrumbList\",\"@id\":\"https:\\\/\\\/miralles1986.com\\\/producto\\\/zapatillas-blancas-runner-4d-exo-y-3\\\/#breadcrumb\",\"itemListElement\":[{\"@type\":\"ListItem\",\"position\":1,\"name\":\"Portada\",\"item\":\"https:\\\/\\\/miralles1986.com\\\/\"},{\"@type\":\"ListItem\",\"position\":2,\"name\":\"Ropa de lujo para hombre | Stone Island, Y-3, C.P. Company\",\"item\":\"https:\\\/\\\/miralles1986.com\\\/tienda\\\/\"},{\"@type\":\"ListItem\",\"position\":3,\"name\":\"Zapatillas Blancas Runner 4D EXO Y-3\"}]},{\"@type\":\"WebSite\",\"@id\":\"https:\\\/\\\/miralles1986.com\\\/#website\",\"url\":\"https:\\\/\\\/miralles1986.com\\\/\",\"name\":\"Miralles 1986\",\"description\":\"Moda masculina de lujo en Valencia\",\"publisher\":{\"@id\":\"https:\\\/\\\/miralles1986.com\\\/#organization\"},\"potentialAction\":[{\"@type\":\"SearchAction\",\"target\":{\"@type\":\"EntryPoint\",\"urlTemplate\":\"https:\\\/\\\/miralles1986.com\\\/?s={search_term_string}\"},\"query-input\":{\"@type\":\"PropertyValueSpecification\",\"valueRequired\":true,\"valueName\":\"search_term_string\"}}],\"inLanguage\":\"en-GB\"},{\"@type\":\"Organization\",\"@id\":\"https:\\\/\\\/miralles1986.com\\\/#organization\",\"name\":\"Miralles 1986\",\"alternateName\":\"Miralles\",\"url\":\"https:\\\/\\\/miralles1986.com\\\/\",\"logo\":{\"@type\":\"ImageObject\",\"inLanguage\":\"en-GB\",\"@id\":\"https:\\\/\\\/miralles1986.com\\\/#\\\/schema\\\/logo\\\/image\\\/\",\"url\":\"https:\\\/\\\/miralles1986.com\\\/wp-content\\\/uploads\\\/2024\\\/09\\\/logo-miralles-1986-pequeno-bl.png\",\"contentUrl\":\"https:\\\/\\\/miralles1986.com\\\/wp-content\\\/uploads\\\/2024\\\/09\\\/logo-miralles-1986-pequeno-bl.png\",\"width\":201,\"height\":73,\"caption\":\"Miralles 1986\"},\"image\":{\"@id\":\"https:\\\/\\\/miralles1986.com\\\/#\\\/schema\\\/logo\\\/image\\\/\"},\"sameAs\":[\"https:\\\/\\\/www.facebook.com\\\/miralles1986\",\"https:\\\/\\\/www.instagram.com\\\/miralles1986_\\\/\"]}]}<\/script>\n<!-- \/ Yoast SEO plugin. -->","yoast_head_json":{"title":"White Runner 4D EXO Y-3 Sneakers - Miralles 1986","description":"Y-3 white Runner 4D EXO sneakers. These sneakers represent a new vision of running philosophy, marked by a more futuristic approach.","robots":{"index":"index","follow":"follow","max-snippet":"max-snippet:-1","max-image-preview":"max-image-preview:large","max-video-preview":"max-video-preview:-1"},"canonical":"https:\/\/miralles1986.com\/en\/product\/zapatillas-blancas-runner-4d-exo-y-3\/","og_locale":"en_GB","og_type":"article","og_title":"Zapatillas Blancas Runner 4D EXO Y-3 - Miralles 1986","og_description":"Zapatillas Y-3 blancas Runner 4D EXO. Estas sneakers suponen un nueva visi\u00f3n sobre la filosof\u00eda del running marcada por un visi\u00f3n m\u00e1s futurista.","og_url":"https:\/\/miralles1986.com\/en\/product\/zapatillas-blancas-runner-4d-exo-y-3\/","og_site_name":"Miralles 1986","article_publisher":"https:\/\/www.facebook.com\/miralles1986","article_modified_time":"2026-01-31T12:18:55+00:00","og_image":[{"width":1300,"height":1300,"url":"https:\/\/miralles1986.com\/wp-content\/uploads\/2024\/10\/zapatillas-blancas-runner-4d-exo-y-3.jpg","type":"image\/jpeg"}],"twitter_card":"summary_large_image","twitter_misc":{"Estimated reading time":"1 minute"},"schema":{"@context":"https:\/\/schema.org","@graph":[{"@type":"WebPage","@id":"https:\/\/miralles1986.com\/producto\/zapatillas-blancas-runner-4d-exo-y-3\/","url":"https:\/\/miralles1986.com\/producto\/zapatillas-blancas-runner-4d-exo-y-3\/","name":"White Runner 4D EXO Y-3 Sneakers - Miralles 1986","isPartOf":{"@id":"https:\/\/miralles1986.com\/#website"},"primaryImageOfPage":{"@id":"https:\/\/miralles1986.com\/producto\/zapatillas-blancas-runner-4d-exo-y-3\/#primaryimage"},"image":{"@id":"https:\/\/miralles1986.com\/producto\/zapatillas-blancas-runner-4d-exo-y-3\/#primaryimage"},"thumbnailUrl":"https:\/\/miralles1986.com\/wp-content\/uploads\/2024\/10\/zapatillas-blancas-runner-4d-exo-y-3.jpg","datePublished":"2023-04-27T16:38:16+00:00","dateModified":"2026-01-31T12:18:55+00:00","description":"Y-3 white Runner 4D EXO sneakers. These sneakers represent a new vision of running philosophy, marked by a more futuristic approach.","breadcrumb":{"@id":"https:\/\/miralles1986.com\/producto\/zapatillas-blancas-runner-4d-exo-y-3\/#breadcrumb"},"inLanguage":"en-GB","potentialAction":[{"@type":"ReadAction","target":["https:\/\/miralles1986.com\/producto\/zapatillas-blancas-runner-4d-exo-y-3\/"]}]},{"@type":"ImageObject","inLanguage":"en-GB","@id":"https:\/\/miralles1986.com\/producto\/zapatillas-blancas-runner-4d-exo-y-3\/#primaryimage","url":"https:\/\/miralles1986.com\/wp-content\/uploads\/2024\/10\/zapatillas-blancas-runner-4d-exo-y-3.jpg","contentUrl":"https:\/\/miralles1986.com\/wp-content\/uploads\/2024\/10\/zapatillas-blancas-runner-4d-exo-y-3.jpg","width":1300,"height":1300,"caption":"Zapatillas Blancas Runner 4D EXO Y-3"},{"@type":"BreadcrumbList","@id":"https:\/\/miralles1986.com\/producto\/zapatillas-blancas-runner-4d-exo-y-3\/#breadcrumb","itemListElement":[{"@type":"ListItem","position":1,"name":"Portada","item":"https:\/\/miralles1986.com\/"},{"@type":"ListItem","position":2,"name":"Ropa de lujo para hombre | Stone Island, Y-3, C.P. Company","item":"https:\/\/miralles1986.com\/tienda\/"},{"@type":"ListItem","position":3,"name":"Zapatillas Blancas Runner 4D EXO Y-3"}]},{"@type":"WebSite","@id":"https:\/\/miralles1986.com\/#website","url":"https:\/\/miralles1986.com\/","name":"Miralles 1986","description":"Luxury men&#039;s fashion in Valencia","publisher":{"@id":"https:\/\/miralles1986.com\/#organization"},"potentialAction":[{"@type":"SearchAction","target":{"@type":"EntryPoint","urlTemplate":"https:\/\/miralles1986.com\/?s={search_term_string}"},"query-input":{"@type":"PropertyValueSpecification","valueRequired":true,"valueName":"search_term_string"}}],"inLanguage":"en-GB"},{"@type":"Organization","@id":"https:\/\/miralles1986.com\/#organization","name":"Miralles 1986","alternateName":"Miralles","url":"https:\/\/miralles1986.com\/","logo":{"@type":"ImageObject","inLanguage":"en-GB","@id":"https:\/\/miralles1986.com\/#\/schema\/logo\/image\/","url":"https:\/\/miralles1986.com\/wp-content\/uploads\/2024\/09\/logo-miralles-1986-pequeno-bl.png","contentUrl":"https:\/\/miralles1986.com\/wp-content\/uploads\/2024\/09\/logo-miralles-1986-pequeno-bl.png","width":201,"height":73,"caption":"Miralles 1986"},"image":{"@id":"https:\/\/miralles1986.com\/#\/schema\/logo\/image\/"},"sameAs":["https:\/\/www.facebook.com\/miralles1986","https:\/\/www.instagram.com\/miralles1986_\/"]}]}},"brands":[{"id":163,"name":"Y-3","slug":"y-3"}],"_links":{"self":[{"href":"https:\/\/miralles1986.com\/en\/wp-json\/wp\/v2\/product\/4348","targetHints":{"allow":["GET"]}}],"collection":[{"href":"https:\/\/miralles1986.com\/en\/wp-json\/wp\/v2\/product"}],"about":[{"href":"https:\/\/miralles1986.com\/en\/wp-json\/wp\/v2\/types\/product"}],"replies":[{"embeddable":true,"href":"https:\/\/miralles1986.com\/en\/wp-json\/wp\/v2\/comments?post=4348"}],"wp:featuredmedia":[{"embeddable":true,"href":"https:\/\/miralles1986.com\/en\/wp-json\/wp\/v2\/media\/9023"}],"wp:attachment":[{"href":"https:\/\/miralles1986.com\/en\/wp-json\/wp\/v2\/media?parent=4348"}],"wp:term":[{"taxonomy":"pwb-brand","embeddable":true,"href":"https:\/\/miralles1986.com\/en\/wp-json\/wp\/v2\/pwb-brand?post=4348"},{"taxonomy":"product_brand","embeddable":true,"href":"https:\/\/miralles1986.com\/en\/wp-json\/wp\/v2\/product_brand?post=4348"},{"taxonomy":"product_cat","embeddable":true,"href":"https:\/\/miralles1986.com\/en\/wp-json\/wp\/v2\/product_cat?post=4348"},{"taxonomy":"product_tag","embeddable":true,"href":"https:\/\/miralles1986.com\/en\/wp-json\/wp\/v2\/product_tag?post=4348"}],"curies":[{"name":"wp","href":"https:\/\/api.w.org\/{rel}","templated":true}]}}