{"id":5562,"date":"2025-12-10T17:53:13","date_gmt":"2025-12-10T16:53:13","guid":{"rendered":"https:\/\/elevenvalencia.com\/?post_type=product&#038;p=5562"},"modified":"2026-04-14T13:46:38","modified_gmt":"2026-04-14T11:46:38","slug":"chaleco-d-d-shell-down-lens-gilet-114-frozen-dew-cp-company","status":"publish","type":"product","link":"https:\/\/miralles1986.com\/en\/producto\/chaleco-d-d-shell-down-lens-gilet-114-frozen-dew-cp-company\/","title":{"rendered":"DD Shell Down Lens Vest Frozen Dew CP Company"},"content":{"rendered":"<p><strong><a href=\"https:\/\/miralles1986.com\/en\/product-category\/clothes\/coats\/vests\/\">The Vest<\/a> <\/strong>DD Shell Down Lens Frozen Dew <strong><a href=\"https:\/\/miralles1986.com\/en\/brand\/cp-company\/\">CP Company<\/a><\/strong> It&#039;s a versatile garment that blends technical heritage with contemporary urban style. Made from fabric <strong data-start=\"744\" data-end=\"758\">DD Shell<\/strong>, Made from a lightweight, wind-resistant material with a technical feel, this vest is designed for both everyday use and cold temperatures. Its minimalist and modern design includes <strong data-start=\"940\" data-end=\"951\">hood<\/strong>, <strong data-start=\"953\" data-end=\"980\">full front closure<\/strong>, and <strong data-start=\"984\" data-end=\"1008\">distinctive details<\/strong> of the brand, such as the characteristic mini-logo.<\/p>\n<p data-start=\"1056\" data-end=\"1340\">Thanks to your <strong data-start=\"1069\" data-end=\"1090\">down filling<\/strong>, It offers optimal thermal insulation without sacrificing lightness. The color\u2014a light gray with cool undertones\u2014provides versatility, allowing it to be easily combined with other garments, from casual sweatshirts to more urban or techwear looks.<\/p>\n<p data-start=\"1342\" data-end=\"1573\">This vest is ideal for those looking for a functional, elegant garment with the quality seal of CP Company, perfect for the city or travel, and compatible with both a casual style and sophisticated and modern outfits.<\/p>\n<h3 data-start=\"1228\" data-end=\"1263\"><strong data-start=\"1232\" data-end=\"1263\">Main features<\/strong><\/h3>\n<ul data-start=\"1264\" data-end=\"1724\">\n<li data-start=\"1264\" data-end=\"1339\">\n<p data-start=\"1266\" data-end=\"1339\">\u2713 Technical fabric <strong data-start=\"1283\" data-end=\"1297\">DD Shell<\/strong>: lightweight, durable and with a technical feel.<\/p>\n<\/li>\n<li data-start=\"1340\" data-end=\"1403\">\n<p data-start=\"1342\" data-end=\"1403\">\u2713 <strong data-start=\"1344\" data-end=\"1365\">Down filling<\/strong> for optimal thermal insulation.<\/p>\n<\/li>\n<li data-start=\"1404\" data-end=\"1470\">\n<p data-start=\"1406\" data-end=\"1470\">\u2713 <strong data-start=\"1408\" data-end=\"1429\">Integrated hood<\/strong> for greater protection and functionality.<\/p>\n<\/li>\n<li data-start=\"1471\" data-end=\"1520\">\n<p data-start=\"1473\" data-end=\"1520\">\u2713 <strong data-start=\"1475\" data-end=\"1502\">Full front closure<\/strong> with zipper.<\/p>\n<\/li>\n<li data-start=\"1521\" data-end=\"1588\">\n<p data-start=\"1523\" data-end=\"1588\">\u2713 Color <strong data-start=\"1531\" data-end=\"1544\">cold gray<\/strong>, easy to combine with multiple styles.<\/p>\n<\/li>\n<li data-start=\"1589\" data-end=\"1659\">\n<p data-start=\"1591\" data-end=\"1659\">\u2713 Design <strong data-start=\"1600\" data-end=\"1624\">urban and minimalist<\/strong>, characteristic of CP Company.<\/p>\n<\/li>\n<li data-start=\"1660\" data-end=\"1724\">\n<p data-start=\"1662\" data-end=\"1724\">\u2713 Versatile garment for everyday use, between seasons and cold weather.<\/p>\n<\/li>\n<\/ul>\n<p><strong><a href=\"https:\/\/miralles1986.com\/en\/product-category\/clothes\/coats\/vests\/\">The Vest<\/a> <\/strong>DD Shell Down Lens Frozen Dew <strong><a href=\"https:\/\/miralles1986.com\/en\/brand\/cp-company\/\">CP Company<\/a> is available in <a href=\"https:\/\/miralles1986.com\/en\/\">Miralles 1986<\/a> within the campaign <a href=\"https:\/\/miralles1986.com\/en\/c-p-company-otono-invierno-2025\/\">CP. Company Fall Winter 2025<\/a>.<\/strong><\/p>","protected":false},"excerpt":{"rendered":"<p data-start=\"246\" data-end=\"425\">CP Company DD Shell technical vest with hood, down filling, and cool gray finish. Lightweight, durable, and perfect for between seasons or winter with premium urban style.<\/p>","protected":false},"featured_media":15706,"comment_status":"closed","ping_status":"closed","template":"","meta":[],"pwb-brand":[166],"product_brand":[818],"product_cat":[274,541,168],"product_tag":[546,1004,672],"class_list":{"0":"post-5562","1":"product","2":"type-product","3":"status-publish","4":"has-post-thumbnail","6":"pwb-brand-cp-company","7":"product_brand-tienda-miralles","8":"product_cat-abrigos","9":"product_cat-chalecos","10":"product_cat-ropa","11":"product_tag-cp-company","12":"product_tag-c-p-company-aw-2025","13":"product_tag-chalecos","14":"pa_color-114-frozen-dew","15":"pa_composicion-tejido-tecnico-d-d-shell","16":"pa_tamano-l","17":"pa_tamano-m","18":"pa_tamano-s","19":"pa_tamano-xl","20":"pa_tamano-xs","21":"pa_tamano-xxl","23":"first","24":"instock","25":"featured","26":"sold-individually","27":"taxable","28":"shipping-taxable","29":"purchasable","30":"product-type-variable"},"supplier_id":null,"supplier_sku":"","barcode":null,"atum_controlled":true,"out_stock_date":null,"out_stock_threshold":null,"inheritable":true,"inbound_stock":0,"stock_on_hold":0,"sold_today":0,"sales_last_days":0,"reserved_stock":0,"customer_returns":null,"warehouse_damage":null,"lost_in_post":null,"other_logs":null,"out_stock_days":0,"lost_sales":0,"has_location":false,"update_date":"2026-04-21T18:01:27","atum_locations":[],"atum_stock_status":"instock","restock_status":false,"low_stock_amount":"","sales_update_date":"2026-04-21T18:01:27","calc_backorders":null,"yoast_head":"<!-- This site is optimized with the Yoast SEO plugin v27.5 - https:\/\/yoast.com\/product\/yoast-seo-wordpress\/ -->\n<title>Chaleco D. D. Shell Down Lens Frozen Dew C.P. Company - Miralles 1986<\/title>\n<meta name=\"description\" content=\"Chaleco D. D. Shell Down Lens Frozen Dew de CP Company es una prenda vers\u00e1til que mezcla una herencia t\u00e9cnica con un estilo urbano contempor\u00e1neo.\" \/>\n<meta name=\"robots\" content=\"index, follow, max-snippet:-1, max-image-preview:large, max-video-preview:-1\" \/>\n<link rel=\"canonical\" href=\"https:\/\/miralles1986.com\/en\/product\/chaleco-d-d-shell-down-lens-gilet-114-frozen-dew-cp-company\/\" \/>\n<meta property=\"og:locale\" content=\"en_GB\" \/>\n<meta property=\"og:type\" content=\"article\" \/>\n<meta property=\"og:title\" content=\"Chaleco D. D. Shell Down Lens Frozen Dew C.P. Company - Miralles 1986\" \/>\n<meta property=\"og:description\" content=\"Chaleco D. D. Shell Down Lens Frozen Dew de CP Company es una prenda vers\u00e1til que mezcla una herencia t\u00e9cnica con un estilo urbano contempor\u00e1neo.\" \/>\n<meta property=\"og:url\" content=\"https:\/\/miralles1986.com\/en\/product\/chaleco-d-d-shell-down-lens-gilet-114-frozen-dew-cp-company\/\" \/>\n<meta property=\"og:site_name\" content=\"Miralles 1986\" \/>\n<meta property=\"article:publisher\" content=\"https:\/\/www.facebook.com\/miralles1986\" \/>\n<meta property=\"article:modified_time\" content=\"2026-04-14T11:46:38+00:00\" \/>\n<meta property=\"og:image\" content=\"https:\/\/miralles1986.com\/wp-content\/uploads\/2023\/09\/chaleco-dd-shell-down-lens-gilet-114-frozen-cp-company.jpg\" \/>\n\t<meta property=\"og:image:width\" content=\"1000\" \/>\n\t<meta property=\"og:image:height\" content=\"1000\" \/>\n\t<meta property=\"og:image:type\" content=\"image\/jpeg\" \/>\n<meta name=\"twitter:card\" content=\"summary_large_image\" \/>\n<meta name=\"twitter:label1\" content=\"Estimated reading time\" \/>\n\t<meta name=\"twitter:data1\" content=\"2 minutes\" \/>\n<script type=\"application\/ld+json\" class=\"yoast-schema-graph\">{\"@context\":\"https:\\\/\\\/schema.org\",\"@graph\":[{\"@type\":\"WebPage\",\"@id\":\"https:\\\/\\\/miralles1986.com\\\/producto\\\/chaleco-d-d-shell-down-lens-gilet-114-frozen-dew-cp-company\\\/\",\"url\":\"https:\\\/\\\/miralles1986.com\\\/producto\\\/chaleco-d-d-shell-down-lens-gilet-114-frozen-dew-cp-company\\\/\",\"name\":\"Chaleco D. D. Shell Down Lens Frozen Dew C.P. Company - Miralles 1986\",\"isPartOf\":{\"@id\":\"https:\\\/\\\/miralles1986.com\\\/#website\"},\"primaryImageOfPage\":{\"@id\":\"https:\\\/\\\/miralles1986.com\\\/producto\\\/chaleco-d-d-shell-down-lens-gilet-114-frozen-dew-cp-company\\\/#primaryimage\"},\"image\":{\"@id\":\"https:\\\/\\\/miralles1986.com\\\/producto\\\/chaleco-d-d-shell-down-lens-gilet-114-frozen-dew-cp-company\\\/#primaryimage\"},\"thumbnailUrl\":\"https:\\\/\\\/miralles1986.com\\\/wp-content\\\/uploads\\\/2023\\\/09\\\/chaleco-dd-shell-down-lens-gilet-114-frozen-cp-company.jpg\",\"datePublished\":\"2025-12-10T16:53:13+00:00\",\"dateModified\":\"2026-04-14T11:46:38+00:00\",\"description\":\"Chaleco D. D. Shell Down Lens Frozen Dew de CP Company es una prenda vers\u00e1til que mezcla una herencia t\u00e9cnica con un estilo urbano contempor\u00e1neo.\",\"breadcrumb\":{\"@id\":\"https:\\\/\\\/miralles1986.com\\\/producto\\\/chaleco-d-d-shell-down-lens-gilet-114-frozen-dew-cp-company\\\/#breadcrumb\"},\"inLanguage\":\"en-GB\",\"potentialAction\":[{\"@type\":\"ReadAction\",\"target\":[\"https:\\\/\\\/miralles1986.com\\\/producto\\\/chaleco-d-d-shell-down-lens-gilet-114-frozen-dew-cp-company\\\/\"]}]},{\"@type\":\"ImageObject\",\"inLanguage\":\"en-GB\",\"@id\":\"https:\\\/\\\/miralles1986.com\\\/producto\\\/chaleco-d-d-shell-down-lens-gilet-114-frozen-dew-cp-company\\\/#primaryimage\",\"url\":\"https:\\\/\\\/miralles1986.com\\\/wp-content\\\/uploads\\\/2023\\\/09\\\/chaleco-dd-shell-down-lens-gilet-114-frozen-cp-company.jpg\",\"contentUrl\":\"https:\\\/\\\/miralles1986.com\\\/wp-content\\\/uploads\\\/2023\\\/09\\\/chaleco-dd-shell-down-lens-gilet-114-frozen-cp-company.jpg\",\"width\":1000,\"height\":1000,\"caption\":\"Chaleco D. D. Shell Down Lens Frozen Dew C.P. Company\"},{\"@type\":\"BreadcrumbList\",\"@id\":\"https:\\\/\\\/miralles1986.com\\\/producto\\\/chaleco-d-d-shell-down-lens-gilet-114-frozen-dew-cp-company\\\/#breadcrumb\",\"itemListElement\":[{\"@type\":\"ListItem\",\"position\":1,\"name\":\"Portada\",\"item\":\"https:\\\/\\\/miralles1986.com\\\/\"},{\"@type\":\"ListItem\",\"position\":2,\"name\":\"Ropa de lujo para hombre | Stone Island, Y-3, C.P. Company\",\"item\":\"https:\\\/\\\/miralles1986.com\\\/tienda\\\/\"},{\"@type\":\"ListItem\",\"position\":3,\"name\":\"Chaleco D. D. Shell Down Lens Frozen Dew C.P. Company\"}]},{\"@type\":\"WebSite\",\"@id\":\"https:\\\/\\\/miralles1986.com\\\/#website\",\"url\":\"https:\\\/\\\/miralles1986.com\\\/\",\"name\":\"Miralles 1986\",\"description\":\"Moda masculina de lujo en Valencia\",\"publisher\":{\"@id\":\"https:\\\/\\\/miralles1986.com\\\/#organization\"},\"potentialAction\":[{\"@type\":\"SearchAction\",\"target\":{\"@type\":\"EntryPoint\",\"urlTemplate\":\"https:\\\/\\\/miralles1986.com\\\/?s={search_term_string}\"},\"query-input\":{\"@type\":\"PropertyValueSpecification\",\"valueRequired\":true,\"valueName\":\"search_term_string\"}}],\"inLanguage\":\"en-GB\"},{\"@type\":\"Organization\",\"@id\":\"https:\\\/\\\/miralles1986.com\\\/#organization\",\"name\":\"Miralles 1986\",\"alternateName\":\"Miralles\",\"url\":\"https:\\\/\\\/miralles1986.com\\\/\",\"logo\":{\"@type\":\"ImageObject\",\"inLanguage\":\"en-GB\",\"@id\":\"https:\\\/\\\/miralles1986.com\\\/#\\\/schema\\\/logo\\\/image\\\/\",\"url\":\"https:\\\/\\\/miralles1986.com\\\/wp-content\\\/uploads\\\/2024\\\/09\\\/logo-miralles-1986-pequeno-bl.png\",\"contentUrl\":\"https:\\\/\\\/miralles1986.com\\\/wp-content\\\/uploads\\\/2024\\\/09\\\/logo-miralles-1986-pequeno-bl.png\",\"width\":201,\"height\":73,\"caption\":\"Miralles 1986\"},\"image\":{\"@id\":\"https:\\\/\\\/miralles1986.com\\\/#\\\/schema\\\/logo\\\/image\\\/\"},\"sameAs\":[\"https:\\\/\\\/www.facebook.com\\\/miralles1986\",\"https:\\\/\\\/www.instagram.com\\\/miralles1986_\\\/\"]}]}<\/script>\n<!-- \/ Yoast SEO plugin. -->","yoast_head_json":{"title":"DD Shell Down Lens Vest Frozen Dew CP Company - Miralles 1986","description":"The CP Company DD Shell Down Lens Frozen Dew vest is a versatile garment that blends a technical heritage with contemporary urban style.","robots":{"index":"index","follow":"follow","max-snippet":"max-snippet:-1","max-image-preview":"max-image-preview:large","max-video-preview":"max-video-preview:-1"},"canonical":"https:\/\/miralles1986.com\/en\/product\/chaleco-d-d-shell-down-lens-gilet-114-frozen-dew-cp-company\/","og_locale":"en_GB","og_type":"article","og_title":"Chaleco D. D. Shell Down Lens Frozen Dew C.P. Company - Miralles 1986","og_description":"Chaleco D. D. Shell Down Lens Frozen Dew de CP Company es una prenda vers\u00e1til que mezcla una herencia t\u00e9cnica con un estilo urbano contempor\u00e1neo.","og_url":"https:\/\/miralles1986.com\/en\/product\/chaleco-d-d-shell-down-lens-gilet-114-frozen-dew-cp-company\/","og_site_name":"Miralles 1986","article_publisher":"https:\/\/www.facebook.com\/miralles1986","article_modified_time":"2026-04-14T11:46:38+00:00","og_image":[{"width":1000,"height":1000,"url":"https:\/\/miralles1986.com\/wp-content\/uploads\/2023\/09\/chaleco-dd-shell-down-lens-gilet-114-frozen-cp-company.jpg","type":"image\/jpeg"}],"twitter_card":"summary_large_image","twitter_misc":{"Estimated reading time":"2 minutes"},"schema":{"@context":"https:\/\/schema.org","@graph":[{"@type":"WebPage","@id":"https:\/\/miralles1986.com\/producto\/chaleco-d-d-shell-down-lens-gilet-114-frozen-dew-cp-company\/","url":"https:\/\/miralles1986.com\/producto\/chaleco-d-d-shell-down-lens-gilet-114-frozen-dew-cp-company\/","name":"DD Shell Down Lens Vest Frozen Dew CP Company - Miralles 1986","isPartOf":{"@id":"https:\/\/miralles1986.com\/#website"},"primaryImageOfPage":{"@id":"https:\/\/miralles1986.com\/producto\/chaleco-d-d-shell-down-lens-gilet-114-frozen-dew-cp-company\/#primaryimage"},"image":{"@id":"https:\/\/miralles1986.com\/producto\/chaleco-d-d-shell-down-lens-gilet-114-frozen-dew-cp-company\/#primaryimage"},"thumbnailUrl":"https:\/\/miralles1986.com\/wp-content\/uploads\/2023\/09\/chaleco-dd-shell-down-lens-gilet-114-frozen-cp-company.jpg","datePublished":"2025-12-10T16:53:13+00:00","dateModified":"2026-04-14T11:46:38+00:00","description":"The CP Company DD Shell Down Lens Frozen Dew vest is a versatile garment that blends a technical heritage with contemporary urban style.","breadcrumb":{"@id":"https:\/\/miralles1986.com\/producto\/chaleco-d-d-shell-down-lens-gilet-114-frozen-dew-cp-company\/#breadcrumb"},"inLanguage":"en-GB","potentialAction":[{"@type":"ReadAction","target":["https:\/\/miralles1986.com\/producto\/chaleco-d-d-shell-down-lens-gilet-114-frozen-dew-cp-company\/"]}]},{"@type":"ImageObject","inLanguage":"en-GB","@id":"https:\/\/miralles1986.com\/producto\/chaleco-d-d-shell-down-lens-gilet-114-frozen-dew-cp-company\/#primaryimage","url":"https:\/\/miralles1986.com\/wp-content\/uploads\/2023\/09\/chaleco-dd-shell-down-lens-gilet-114-frozen-cp-company.jpg","contentUrl":"https:\/\/miralles1986.com\/wp-content\/uploads\/2023\/09\/chaleco-dd-shell-down-lens-gilet-114-frozen-cp-company.jpg","width":1000,"height":1000,"caption":"Chaleco D. D. Shell Down Lens Frozen Dew C.P. Company"},{"@type":"BreadcrumbList","@id":"https:\/\/miralles1986.com\/producto\/chaleco-d-d-shell-down-lens-gilet-114-frozen-dew-cp-company\/#breadcrumb","itemListElement":[{"@type":"ListItem","position":1,"name":"Portada","item":"https:\/\/miralles1986.com\/"},{"@type":"ListItem","position":2,"name":"Ropa de lujo para hombre | Stone Island, Y-3, C.P. Company","item":"https:\/\/miralles1986.com\/tienda\/"},{"@type":"ListItem","position":3,"name":"Chaleco D. D. Shell Down Lens Frozen Dew C.P. Company"}]},{"@type":"WebSite","@id":"https:\/\/miralles1986.com\/#website","url":"https:\/\/miralles1986.com\/","name":"Miralles 1986","description":"Luxury men&#039;s fashion in Valencia","publisher":{"@id":"https:\/\/miralles1986.com\/#organization"},"potentialAction":[{"@type":"SearchAction","target":{"@type":"EntryPoint","urlTemplate":"https:\/\/miralles1986.com\/?s={search_term_string}"},"query-input":{"@type":"PropertyValueSpecification","valueRequired":true,"valueName":"search_term_string"}}],"inLanguage":"en-GB"},{"@type":"Organization","@id":"https:\/\/miralles1986.com\/#organization","name":"Miralles 1986","alternateName":"Miralles","url":"https:\/\/miralles1986.com\/","logo":{"@type":"ImageObject","inLanguage":"en-GB","@id":"https:\/\/miralles1986.com\/#\/schema\/logo\/image\/","url":"https:\/\/miralles1986.com\/wp-content\/uploads\/2024\/09\/logo-miralles-1986-pequeno-bl.png","contentUrl":"https:\/\/miralles1986.com\/wp-content\/uploads\/2024\/09\/logo-miralles-1986-pequeno-bl.png","width":201,"height":73,"caption":"Miralles 1986"},"image":{"@id":"https:\/\/miralles1986.com\/#\/schema\/logo\/image\/"},"sameAs":["https:\/\/www.facebook.com\/miralles1986","https:\/\/www.instagram.com\/miralles1986_\/"]}]}},"brands":[{"id":166,"name":"CP Company","slug":"cp-company"}],"_links":{"self":[{"href":"https:\/\/miralles1986.com\/en\/wp-json\/wp\/v2\/product\/5562","targetHints":{"allow":["GET"]}}],"collection":[{"href":"https:\/\/miralles1986.com\/en\/wp-json\/wp\/v2\/product"}],"about":[{"href":"https:\/\/miralles1986.com\/en\/wp-json\/wp\/v2\/types\/product"}],"replies":[{"embeddable":true,"href":"https:\/\/miralles1986.com\/en\/wp-json\/wp\/v2\/comments?post=5562"}],"wp:featuredmedia":[{"embeddable":true,"href":"https:\/\/miralles1986.com\/en\/wp-json\/wp\/v2\/media\/15706"}],"wp:attachment":[{"href":"https:\/\/miralles1986.com\/en\/wp-json\/wp\/v2\/media?parent=5562"}],"wp:term":[{"taxonomy":"pwb-brand","embeddable":true,"href":"https:\/\/miralles1986.com\/en\/wp-json\/wp\/v2\/pwb-brand?post=5562"},{"taxonomy":"product_brand","embeddable":true,"href":"https:\/\/miralles1986.com\/en\/wp-json\/wp\/v2\/product_brand?post=5562"},{"taxonomy":"product_cat","embeddable":true,"href":"https:\/\/miralles1986.com\/en\/wp-json\/wp\/v2\/product_cat?post=5562"},{"taxonomy":"product_tag","embeddable":true,"href":"https:\/\/miralles1986.com\/en\/wp-json\/wp\/v2\/product_tag?post=5562"}],"curies":[{"name":"wp","href":"https:\/\/api.w.org\/{rel}","templated":true}]}}