{"id":5928,"date":"2023-10-08T20:18:10","date_gmt":"2023-10-08T18:18:10","guid":{"rendered":"https:\/\/elevenvalencia.com\/?post_type=product&#038;p=5928"},"modified":"2025-07-15T14:28:51","modified_gmt":"2025-07-15T12:28:51","slug":"pantalon-p-marky-megoval-d-diesel","status":"publish","type":"product","link":"https:\/\/miralles1986.com\/en\/producto\/pantalon-p-marky-megoval-d-diesel\/","title":{"rendered":"P Marky Megoval D Diesel pants"},"content":{"rendered":"<p>P-Marky-Megoval-D trousers from the brand <a href=\"https:\/\/www.marodadesign.es\/miralles\/marca\/diesel\/\">Diesel<\/a> This men&#039;s athletic garment is made from a very soft cotton fabric and features an oversized oval &#039;D&#039; logo embroidered in contrasting thread on the right leg, creating a striking visual effect. It has side pockets, a back pocket, elastic cuffs, and an elastic waistband for added comfort. The fit is regular.<\/p>\n<p><strong>Composition:<\/strong> 100% Cotton<\/p>\n<p><strong>Treatment:<\/strong> Wash at 30\u00b0C as a delicate garment, do not bleach, do not tumble dry, iron at 110\u00b0C max, do not dry clean, dry in the shade.<\/p>","protected":false},"excerpt":{"rendered":"<p>P-Marky-Megoval-D trousers from the brand of <a href=\"https:\/\/www.marodadesign.es\/miralles\/marca\/diesel\/\">Diesel<\/a> For the Autumn-Winter 2023 season. It is a garment made from very soft 100% cotton, which includes a contrasting embroidered oval &#039;D&#039; logo on the right leg. It has an elasticated waist and pockets both front and back.<\/p>","protected":false},"featured_media":12071,"comment_status":"closed","ping_status":"closed","template":"","meta":[],"pwb-brand":[162],"product_brand":[819],"product_cat":[168,238],"product_tag":[224,299],"class_list":{"0":"post-5928","1":"product","2":"type-product","3":"status-publish","4":"has-post-thumbnail","6":"pwb-brand-diesel","7":"product_brand-tienda-eleven","8":"product_cat-ropa","9":"product_cat-sudaderas","10":"product_tag-negro","11":"product_tag-pantalon","12":"pa_color-negro","13":"pa_composicion-algodon","14":"pa_tamano-m","15":"pa_tamano-s","16":"pa_tamano-xs","18":"first","19":"instock","20":"featured","21":"sold-individually","22":"taxable","23":"shipping-taxable","24":"purchasable","25":"product-type-variable"},"supplier_id":null,"supplier_sku":"","barcode":null,"atum_controlled":true,"out_stock_date":null,"out_stock_threshold":null,"inheritable":true,"inbound_stock":0,"stock_on_hold":0,"sold_today":0,"sales_last_days":0,"reserved_stock":0,"customer_returns":null,"warehouse_damage":null,"lost_in_post":null,"other_logs":null,"out_stock_days":0,"lost_sales":0,"has_location":false,"update_date":"2026-05-06T10:08:59","atum_locations":[],"atum_stock_status":"instock","restock_status":false,"low_stock_amount":"","sales_update_date":"2026-05-06T10:08:59","calc_backorders":null,"yoast_head":"<!-- This site is optimized with the Yoast SEO plugin v27.6 - https:\/\/yoast.com\/product\/yoast-seo-wordpress\/ -->\n<title>Pantal\u00f3n P Marky Megoval D Diesel - Miralles 1986<\/title>\n<meta name=\"description\" content=\"Pantal\u00f3n P-Marky-Megoval-D de la marca Diesel es una prenda deportiva para hombre que est\u00e1 configurada en tejido muy suave de algod\u00f3n.\" \/>\n<meta name=\"robots\" content=\"index, follow, max-snippet:-1, max-image-preview:large, max-video-preview:-1\" \/>\n<link rel=\"canonical\" href=\"https:\/\/miralles1986.com\/en\/product\/pantalon-p-marky-megoval-d-diesel\/\" \/>\n<meta property=\"og:locale\" content=\"en_GB\" \/>\n<meta property=\"og:type\" content=\"article\" \/>\n<meta property=\"og:title\" content=\"Pantal\u00f3n P Marky Megoval D Diesel - Miralles 1986\" \/>\n<meta property=\"og:description\" content=\"Pantal\u00f3n P-Marky-Megoval-D de la marca Diesel es una prenda deportiva para hombre que est\u00e1 configurada en tejido muy suave de algod\u00f3n.\" \/>\n<meta property=\"og:url\" content=\"https:\/\/miralles1986.com\/en\/product\/pantalon-p-marky-megoval-d-diesel\/\" \/>\n<meta property=\"og:site_name\" content=\"Miralles 1986\" \/>\n<meta property=\"article:publisher\" content=\"https:\/\/www.facebook.com\/miralles1986\" \/>\n<meta property=\"article:modified_time\" content=\"2025-07-15T12:28:51+00:00\" \/>\n<meta property=\"og:image\" content=\"https:\/\/miralles1986.com\/wp-content\/uploads\/2023\/10\/P-MARKY-MEGOVAL-D-DIESEL-DIESEL.jpg\" \/>\n\t<meta property=\"og:image:width\" content=\"1300\" \/>\n\t<meta property=\"og:image:height\" content=\"1300\" \/>\n\t<meta property=\"og:image:type\" content=\"image\/jpeg\" \/>\n<meta name=\"twitter:card\" content=\"summary_large_image\" \/>\n<meta name=\"twitter:label1\" content=\"Estimated reading time\" \/>\n\t<meta name=\"twitter:data1\" content=\"1 minute\" \/>\n<script type=\"application\/ld+json\" class=\"yoast-schema-graph\">{\"@context\":\"https:\\\/\\\/schema.org\",\"@graph\":[{\"@type\":\"WebPage\",\"@id\":\"https:\\\/\\\/miralles1986.com\\\/producto\\\/pantalon-p-marky-megoval-d-diesel\\\/\",\"url\":\"https:\\\/\\\/miralles1986.com\\\/producto\\\/pantalon-p-marky-megoval-d-diesel\\\/\",\"name\":\"Pantal\u00f3n P Marky Megoval D Diesel - Miralles 1986\",\"isPartOf\":{\"@id\":\"https:\\\/\\\/miralles1986.com\\\/#website\"},\"primaryImageOfPage\":{\"@id\":\"https:\\\/\\\/miralles1986.com\\\/producto\\\/pantalon-p-marky-megoval-d-diesel\\\/#primaryimage\"},\"image\":{\"@id\":\"https:\\\/\\\/miralles1986.com\\\/producto\\\/pantalon-p-marky-megoval-d-diesel\\\/#primaryimage\"},\"thumbnailUrl\":\"https:\\\/\\\/miralles1986.com\\\/wp-content\\\/uploads\\\/2023\\\/10\\\/P-MARKY-MEGOVAL-D-DIESEL-DIESEL.jpg\",\"datePublished\":\"2023-10-08T18:18:10+00:00\",\"dateModified\":\"2025-07-15T12:28:51+00:00\",\"description\":\"Pantal\u00f3n P-Marky-Megoval-D de la marca Diesel es una prenda deportiva para hombre que est\u00e1 configurada en tejido muy suave de algod\u00f3n.\",\"breadcrumb\":{\"@id\":\"https:\\\/\\\/miralles1986.com\\\/producto\\\/pantalon-p-marky-megoval-d-diesel\\\/#breadcrumb\"},\"inLanguage\":\"en-GB\",\"potentialAction\":[{\"@type\":\"ReadAction\",\"target\":[\"https:\\\/\\\/miralles1986.com\\\/producto\\\/pantalon-p-marky-megoval-d-diesel\\\/\"]}]},{\"@type\":\"ImageObject\",\"inLanguage\":\"en-GB\",\"@id\":\"https:\\\/\\\/miralles1986.com\\\/producto\\\/pantalon-p-marky-megoval-d-diesel\\\/#primaryimage\",\"url\":\"https:\\\/\\\/miralles1986.com\\\/wp-content\\\/uploads\\\/2023\\\/10\\\/P-MARKY-MEGOVAL-D-DIESEL-DIESEL.jpg\",\"contentUrl\":\"https:\\\/\\\/miralles1986.com\\\/wp-content\\\/uploads\\\/2023\\\/10\\\/P-MARKY-MEGOVAL-D-DIESEL-DIESEL.jpg\",\"width\":1300,\"height\":1300,\"caption\":\"Pantal\u00f3n Marky Megoval D Diesel\"},{\"@type\":\"BreadcrumbList\",\"@id\":\"https:\\\/\\\/miralles1986.com\\\/producto\\\/pantalon-p-marky-megoval-d-diesel\\\/#breadcrumb\",\"itemListElement\":[{\"@type\":\"ListItem\",\"position\":1,\"name\":\"Portada\",\"item\":\"https:\\\/\\\/miralles1986.com\\\/\"},{\"@type\":\"ListItem\",\"position\":2,\"name\":\"Ropa de lujo para hombre | Stone Island, Y-3, C.P. Company\",\"item\":\"https:\\\/\\\/miralles1986.com\\\/tienda\\\/\"},{\"@type\":\"ListItem\",\"position\":3,\"name\":\"Pantal\u00f3n P Marky Megoval D Diesel\"}]},{\"@type\":\"WebSite\",\"@id\":\"https:\\\/\\\/miralles1986.com\\\/#website\",\"url\":\"https:\\\/\\\/miralles1986.com\\\/\",\"name\":\"Miralles 1986\",\"description\":\"Moda masculina de lujo en Valencia\",\"publisher\":{\"@id\":\"https:\\\/\\\/miralles1986.com\\\/#organization\"},\"potentialAction\":[{\"@type\":\"SearchAction\",\"target\":{\"@type\":\"EntryPoint\",\"urlTemplate\":\"https:\\\/\\\/miralles1986.com\\\/?s={search_term_string}\"},\"query-input\":{\"@type\":\"PropertyValueSpecification\",\"valueRequired\":true,\"valueName\":\"search_term_string\"}}],\"inLanguage\":\"en-GB\"},{\"@type\":\"Organization\",\"@id\":\"https:\\\/\\\/miralles1986.com\\\/#organization\",\"name\":\"Miralles 1986\",\"alternateName\":\"Miralles\",\"url\":\"https:\\\/\\\/miralles1986.com\\\/\",\"logo\":{\"@type\":\"ImageObject\",\"inLanguage\":\"en-GB\",\"@id\":\"https:\\\/\\\/miralles1986.com\\\/#\\\/schema\\\/logo\\\/image\\\/\",\"url\":\"https:\\\/\\\/miralles1986.com\\\/wp-content\\\/uploads\\\/2024\\\/09\\\/logo-miralles-1986-pequeno-bl.png\",\"contentUrl\":\"https:\\\/\\\/miralles1986.com\\\/wp-content\\\/uploads\\\/2024\\\/09\\\/logo-miralles-1986-pequeno-bl.png\",\"width\":201,\"height\":73,\"caption\":\"Miralles 1986\"},\"image\":{\"@id\":\"https:\\\/\\\/miralles1986.com\\\/#\\\/schema\\\/logo\\\/image\\\/\"},\"sameAs\":[\"https:\\\/\\\/www.facebook.com\\\/miralles1986\",\"https:\\\/\\\/www.instagram.com\\\/miralles1986_\\\/\"]}]}<\/script>\n<!-- \/ Yoast SEO plugin. -->","yoast_head_json":{"title":"Marky Megoval D Diesel trousers - Miralles 1986","description":"Diesel&#039;s P-Marky-Megoval-D trousers are a men&#039;s sportswear garment made from very soft cotton fabric.","robots":{"index":"index","follow":"follow","max-snippet":"max-snippet:-1","max-image-preview":"max-image-preview:large","max-video-preview":"max-video-preview:-1"},"canonical":"https:\/\/miralles1986.com\/en\/product\/pantalon-p-marky-megoval-d-diesel\/","og_locale":"en_GB","og_type":"article","og_title":"Pantal\u00f3n P Marky Megoval D Diesel - Miralles 1986","og_description":"Pantal\u00f3n P-Marky-Megoval-D de la marca Diesel es una prenda deportiva para hombre que est\u00e1 configurada en tejido muy suave de algod\u00f3n.","og_url":"https:\/\/miralles1986.com\/en\/product\/pantalon-p-marky-megoval-d-diesel\/","og_site_name":"Miralles 1986","article_publisher":"https:\/\/www.facebook.com\/miralles1986","article_modified_time":"2025-07-15T12:28:51+00:00","og_image":[{"width":1300,"height":1300,"url":"https:\/\/miralles1986.com\/wp-content\/uploads\/2023\/10\/P-MARKY-MEGOVAL-D-DIESEL-DIESEL.jpg","type":"image\/jpeg"}],"twitter_card":"summary_large_image","twitter_misc":{"Estimated reading time":"1 minute"},"schema":{"@context":"https:\/\/schema.org","@graph":[{"@type":"WebPage","@id":"https:\/\/miralles1986.com\/producto\/pantalon-p-marky-megoval-d-diesel\/","url":"https:\/\/miralles1986.com\/producto\/pantalon-p-marky-megoval-d-diesel\/","name":"Marky Megoval D Diesel trousers - Miralles 1986","isPartOf":{"@id":"https:\/\/miralles1986.com\/#website"},"primaryImageOfPage":{"@id":"https:\/\/miralles1986.com\/producto\/pantalon-p-marky-megoval-d-diesel\/#primaryimage"},"image":{"@id":"https:\/\/miralles1986.com\/producto\/pantalon-p-marky-megoval-d-diesel\/#primaryimage"},"thumbnailUrl":"https:\/\/miralles1986.com\/wp-content\/uploads\/2023\/10\/P-MARKY-MEGOVAL-D-DIESEL-DIESEL.jpg","datePublished":"2023-10-08T18:18:10+00:00","dateModified":"2025-07-15T12:28:51+00:00","description":"Diesel&#039;s P-Marky-Megoval-D trousers are a men&#039;s sportswear garment made from very soft cotton fabric.","breadcrumb":{"@id":"https:\/\/miralles1986.com\/producto\/pantalon-p-marky-megoval-d-diesel\/#breadcrumb"},"inLanguage":"en-GB","potentialAction":[{"@type":"ReadAction","target":["https:\/\/miralles1986.com\/producto\/pantalon-p-marky-megoval-d-diesel\/"]}]},{"@type":"ImageObject","inLanguage":"en-GB","@id":"https:\/\/miralles1986.com\/producto\/pantalon-p-marky-megoval-d-diesel\/#primaryimage","url":"https:\/\/miralles1986.com\/wp-content\/uploads\/2023\/10\/P-MARKY-MEGOVAL-D-DIESEL-DIESEL.jpg","contentUrl":"https:\/\/miralles1986.com\/wp-content\/uploads\/2023\/10\/P-MARKY-MEGOVAL-D-DIESEL-DIESEL.jpg","width":1300,"height":1300,"caption":"Pantal\u00f3n Marky Megoval D Diesel"},{"@type":"BreadcrumbList","@id":"https:\/\/miralles1986.com\/producto\/pantalon-p-marky-megoval-d-diesel\/#breadcrumb","itemListElement":[{"@type":"ListItem","position":1,"name":"Portada","item":"https:\/\/miralles1986.com\/"},{"@type":"ListItem","position":2,"name":"Ropa de lujo para hombre | Stone Island, Y-3, C.P. Company","item":"https:\/\/miralles1986.com\/tienda\/"},{"@type":"ListItem","position":3,"name":"Pantal\u00f3n P Marky Megoval D Diesel"}]},{"@type":"WebSite","@id":"https:\/\/miralles1986.com\/#website","url":"https:\/\/miralles1986.com\/","name":"Miralles 1986","description":"Luxury men&#039;s fashion in Valencia","publisher":{"@id":"https:\/\/miralles1986.com\/#organization"},"potentialAction":[{"@type":"SearchAction","target":{"@type":"EntryPoint","urlTemplate":"https:\/\/miralles1986.com\/?s={search_term_string}"},"query-input":{"@type":"PropertyValueSpecification","valueRequired":true,"valueName":"search_term_string"}}],"inLanguage":"en-GB"},{"@type":"Organization","@id":"https:\/\/miralles1986.com\/#organization","name":"Miralles 1986","alternateName":"Miralles","url":"https:\/\/miralles1986.com\/","logo":{"@type":"ImageObject","inLanguage":"en-GB","@id":"https:\/\/miralles1986.com\/#\/schema\/logo\/image\/","url":"https:\/\/miralles1986.com\/wp-content\/uploads\/2024\/09\/logo-miralles-1986-pequeno-bl.png","contentUrl":"https:\/\/miralles1986.com\/wp-content\/uploads\/2024\/09\/logo-miralles-1986-pequeno-bl.png","width":201,"height":73,"caption":"Miralles 1986"},"image":{"@id":"https:\/\/miralles1986.com\/#\/schema\/logo\/image\/"},"sameAs":["https:\/\/www.facebook.com\/miralles1986","https:\/\/www.instagram.com\/miralles1986_\/"]}]}},"brands":[{"id":162,"name":"Diesel","slug":"diesel"}],"_links":{"self":[{"href":"https:\/\/miralles1986.com\/en\/wp-json\/wp\/v2\/product\/5928","targetHints":{"allow":["GET"]}}],"collection":[{"href":"https:\/\/miralles1986.com\/en\/wp-json\/wp\/v2\/product"}],"about":[{"href":"https:\/\/miralles1986.com\/en\/wp-json\/wp\/v2\/types\/product"}],"replies":[{"embeddable":true,"href":"https:\/\/miralles1986.com\/en\/wp-json\/wp\/v2\/comments?post=5928"}],"wp:featuredmedia":[{"embeddable":true,"href":"https:\/\/miralles1986.com\/en\/wp-json\/wp\/v2\/media\/12071"}],"wp:attachment":[{"href":"https:\/\/miralles1986.com\/en\/wp-json\/wp\/v2\/media?parent=5928"}],"wp:term":[{"taxonomy":"pwb-brand","embeddable":true,"href":"https:\/\/miralles1986.com\/en\/wp-json\/wp\/v2\/pwb-brand?post=5928"},{"taxonomy":"product_brand","embeddable":true,"href":"https:\/\/miralles1986.com\/en\/wp-json\/wp\/v2\/product_brand?post=5928"},{"taxonomy":"product_cat","embeddable":true,"href":"https:\/\/miralles1986.com\/en\/wp-json\/wp\/v2\/product_cat?post=5928"},{"taxonomy":"product_tag","embeddable":true,"href":"https:\/\/miralles1986.com\/en\/wp-json\/wp\/v2\/product_tag?post=5928"}],"curies":[{"name":"wp","href":"https:\/\/api.w.org\/{rel}","templated":true}]}}