{"id":6046,"date":"2023-10-12T18:16:29","date_gmt":"2023-10-12T16:16:29","guid":{"rendered":"https:\/\/elevenvalencia.com\/?post_type=product&#038;p=6046"},"modified":"2026-02-19T13:05:23","modified_gmt":"2026-02-19T12:05:23","slug":"cinturon-marron-b-1dr-diesel","status":"publish","type":"product","link":"https:\/\/miralles1986.com\/en\/producto\/cinturon-marron-b-1dr-diesel\/","title":{"rendered":"Brown Belt B 1DR Diesel"},"content":{"rendered":"<p>The <a href=\"https:\/\/www.marodadesign.es\/miralles\/categoria-producto\/accesorios\/cinturones\/\">belt <\/a>B-1DR\u00a0<a href=\"https:\/\/www.marodadesign.es\/miralles\/marca\/diesel\/\">Diesel <\/a>It is a men&#039;s accessory that is made of leather and features a tonal metal buckle with the iconic oval &#039;D&#039; logo.<\/p>\n<p><strong>Composition: <\/strong>100% Bovine leather<\/p>","protected":false},"excerpt":{"rendered":"<p>Men&#039;s tonal belt B-1DR from the brand <a href=\"https:\/\/www.marodadesign.es\/miralles\/marca\/diesel\/\">Diesel.<\/a><\/p>\n<p>&nbsp;<\/p>","protected":false},"featured_media":12062,"comment_status":"closed","ping_status":"closed","template":"","meta":[],"pwb-brand":[162],"product_brand":[819],"product_cat":[215,425],"product_tag":[686],"class_list":{"0":"post-6046","1":"product","2":"type-product","3":"status-publish","4":"has-post-thumbnail","6":"pwb-brand-diesel","7":"product_brand-tienda-eleven","8":"product_cat-accesorios","9":"product_cat-cinturones","10":"product_tag-cinturones","11":"pa_color-marron","12":"pa_composicion-poliester","13":"pa_tamano-682","14":"pa_tamano-683","15":"pa_tamano-684","16":"pa_tamano-685","18":"first","19":"outofstock","20":"featured","21":"sold-individually","22":"taxable","23":"shipping-taxable","24":"product-type-variable"},"supplier_id":null,"supplier_sku":"","barcode":null,"atum_controlled":true,"out_stock_date":null,"out_stock_threshold":null,"inheritable":true,"inbound_stock":0,"stock_on_hold":0,"sold_today":0,"sales_last_days":0,"reserved_stock":0,"customer_returns":null,"warehouse_damage":null,"lost_in_post":null,"other_logs":null,"out_stock_days":0,"lost_sales":0,"has_location":false,"update_date":"2026-05-06T10:08:58","atum_locations":[],"atum_stock_status":"instock","restock_status":false,"low_stock_amount":"","sales_update_date":"2026-05-06T10:08:58","calc_backorders":null,"yoast_head":"<!-- This site is optimized with the Yoast SEO plugin v27.5 - https:\/\/yoast.com\/product\/yoast-seo-wordpress\/ -->\n<title>Cintur\u00f3n Marr\u00f3n B 1DR Diesel - Miralles 1986<\/title>\n<meta name=\"description\" content=\"La cintur\u00f3n B-1DR\u00a0Diesel es un accesorio masculino que est\u00e1 confeccionado en piel y presenta una hebilla de metal con el ic\u00f3nico logotipo oval &#039;D&#039;.\" \/>\n<meta name=\"robots\" content=\"index, follow, max-snippet:-1, max-image-preview:large, max-video-preview:-1\" \/>\n<link rel=\"canonical\" href=\"https:\/\/miralles1986.com\/en\/product\/cinturon-marron-b-1dr-diesel\/\" \/>\n<meta property=\"og:locale\" content=\"en_GB\" \/>\n<meta property=\"og:type\" content=\"article\" \/>\n<meta property=\"og:title\" content=\"Cintur\u00f3n Marr\u00f3n B 1DR Diesel - Miralles 1986\" \/>\n<meta property=\"og:description\" content=\"La cintur\u00f3n B-1DR\u00a0Diesel es un accesorio masculino que est\u00e1 confeccionado en piel y presenta una hebilla de metal con el ic\u00f3nico logotipo oval &#039;D&#039;.\" \/>\n<meta property=\"og:url\" content=\"https:\/\/miralles1986.com\/en\/product\/cinturon-marron-b-1dr-diesel\/\" \/>\n<meta property=\"og:site_name\" content=\"Miralles 1986\" \/>\n<meta property=\"article:publisher\" content=\"https:\/\/www.facebook.com\/miralles1986\" \/>\n<meta property=\"article:modified_time\" content=\"2026-02-19T12:05:23+00:00\" \/>\n<meta property=\"og:image\" content=\"https:\/\/miralles1986.com\/wp-content\/uploads\/2023\/10\/cinturon-B-1DR-Diesel-3.jpg\" \/>\n\t<meta property=\"og:image:width\" content=\"1300\" \/>\n\t<meta property=\"og:image:height\" content=\"1300\" \/>\n\t<meta property=\"og:image:type\" content=\"image\/jpeg\" \/>\n<meta name=\"twitter:card\" content=\"summary_large_image\" \/>\n<meta name=\"twitter:label1\" content=\"Estimated reading time\" \/>\n\t<meta name=\"twitter:data1\" content=\"1 minute\" \/>\n<script type=\"application\/ld+json\" class=\"yoast-schema-graph\">{\"@context\":\"https:\\\/\\\/schema.org\",\"@graph\":[{\"@type\":\"WebPage\",\"@id\":\"https:\\\/\\\/miralles1986.com\\\/producto\\\/cinturon-marron-b-1dr-diesel\\\/\",\"url\":\"https:\\\/\\\/miralles1986.com\\\/producto\\\/cinturon-marron-b-1dr-diesel\\\/\",\"name\":\"Cintur\u00f3n Marr\u00f3n B 1DR Diesel - Miralles 1986\",\"isPartOf\":{\"@id\":\"https:\\\/\\\/miralles1986.com\\\/#website\"},\"primaryImageOfPage\":{\"@id\":\"https:\\\/\\\/miralles1986.com\\\/producto\\\/cinturon-marron-b-1dr-diesel\\\/#primaryimage\"},\"image\":{\"@id\":\"https:\\\/\\\/miralles1986.com\\\/producto\\\/cinturon-marron-b-1dr-diesel\\\/#primaryimage\"},\"thumbnailUrl\":\"https:\\\/\\\/miralles1986.com\\\/wp-content\\\/uploads\\\/2023\\\/10\\\/cinturon-B-1DR-Diesel-3.jpg\",\"datePublished\":\"2023-10-12T16:16:29+00:00\",\"dateModified\":\"2026-02-19T12:05:23+00:00\",\"description\":\"La cintur\u00f3n B-1DR\u00a0Diesel es un accesorio masculino que est\u00e1 confeccionado en piel y presenta una hebilla de metal con el ic\u00f3nico logotipo oval 'D'.\",\"breadcrumb\":{\"@id\":\"https:\\\/\\\/miralles1986.com\\\/producto\\\/cinturon-marron-b-1dr-diesel\\\/#breadcrumb\"},\"inLanguage\":\"en-GB\",\"potentialAction\":[{\"@type\":\"ReadAction\",\"target\":[\"https:\\\/\\\/miralles1986.com\\\/producto\\\/cinturon-marron-b-1dr-diesel\\\/\"]}]},{\"@type\":\"ImageObject\",\"inLanguage\":\"en-GB\",\"@id\":\"https:\\\/\\\/miralles1986.com\\\/producto\\\/cinturon-marron-b-1dr-diesel\\\/#primaryimage\",\"url\":\"https:\\\/\\\/miralles1986.com\\\/wp-content\\\/uploads\\\/2023\\\/10\\\/cinturon-B-1DR-Diesel-3.jpg\",\"contentUrl\":\"https:\\\/\\\/miralles1986.com\\\/wp-content\\\/uploads\\\/2023\\\/10\\\/cinturon-B-1DR-Diesel-3.jpg\",\"width\":1300,\"height\":1300,\"caption\":\"Cint\u00far\u00f3n B 1DR DIESEL\"},{\"@type\":\"BreadcrumbList\",\"@id\":\"https:\\\/\\\/miralles1986.com\\\/producto\\\/cinturon-marron-b-1dr-diesel\\\/#breadcrumb\",\"itemListElement\":[{\"@type\":\"ListItem\",\"position\":1,\"name\":\"Portada\",\"item\":\"https:\\\/\\\/miralles1986.com\\\/\"},{\"@type\":\"ListItem\",\"position\":2,\"name\":\"Ropa de lujo para hombre | Stone Island, Y-3, C.P. Company\",\"item\":\"https:\\\/\\\/miralles1986.com\\\/tienda\\\/\"},{\"@type\":\"ListItem\",\"position\":3,\"name\":\"Cintur\u00f3n Marr\u00f3n B 1DR Diesel\"}]},{\"@type\":\"WebSite\",\"@id\":\"https:\\\/\\\/miralles1986.com\\\/#website\",\"url\":\"https:\\\/\\\/miralles1986.com\\\/\",\"name\":\"Miralles 1986\",\"description\":\"Moda masculina de lujo en Valencia\",\"publisher\":{\"@id\":\"https:\\\/\\\/miralles1986.com\\\/#organization\"},\"potentialAction\":[{\"@type\":\"SearchAction\",\"target\":{\"@type\":\"EntryPoint\",\"urlTemplate\":\"https:\\\/\\\/miralles1986.com\\\/?s={search_term_string}\"},\"query-input\":{\"@type\":\"PropertyValueSpecification\",\"valueRequired\":true,\"valueName\":\"search_term_string\"}}],\"inLanguage\":\"en-GB\"},{\"@type\":\"Organization\",\"@id\":\"https:\\\/\\\/miralles1986.com\\\/#organization\",\"name\":\"Miralles 1986\",\"alternateName\":\"Miralles\",\"url\":\"https:\\\/\\\/miralles1986.com\\\/\",\"logo\":{\"@type\":\"ImageObject\",\"inLanguage\":\"en-GB\",\"@id\":\"https:\\\/\\\/miralles1986.com\\\/#\\\/schema\\\/logo\\\/image\\\/\",\"url\":\"https:\\\/\\\/miralles1986.com\\\/wp-content\\\/uploads\\\/2024\\\/09\\\/logo-miralles-1986-pequeno-bl.png\",\"contentUrl\":\"https:\\\/\\\/miralles1986.com\\\/wp-content\\\/uploads\\\/2024\\\/09\\\/logo-miralles-1986-pequeno-bl.png\",\"width\":201,\"height\":73,\"caption\":\"Miralles 1986\"},\"image\":{\"@id\":\"https:\\\/\\\/miralles1986.com\\\/#\\\/schema\\\/logo\\\/image\\\/\"},\"sameAs\":[\"https:\\\/\\\/www.facebook.com\\\/miralles1986\",\"https:\\\/\\\/www.instagram.com\\\/miralles1986_\\\/\"]}]}<\/script>\n<!-- \/ Yoast SEO plugin. -->","yoast_head_json":{"title":"Brown Belt B 1DR Diesel - Miralles 1986","description":"The Diesel B-1DR belt is a men&#039;s accessory that is made of leather and features a metal buckle with the iconic oval &#039;D&#039; logo.","robots":{"index":"index","follow":"follow","max-snippet":"max-snippet:-1","max-image-preview":"max-image-preview:large","max-video-preview":"max-video-preview:-1"},"canonical":"https:\/\/miralles1986.com\/en\/product\/cinturon-marron-b-1dr-diesel\/","og_locale":"en_GB","og_type":"article","og_title":"Cintur\u00f3n Marr\u00f3n B 1DR Diesel - Miralles 1986","og_description":"La cintur\u00f3n B-1DR\u00a0Diesel es un accesorio masculino que est\u00e1 confeccionado en piel y presenta una hebilla de metal con el ic\u00f3nico logotipo oval 'D'.","og_url":"https:\/\/miralles1986.com\/en\/product\/cinturon-marron-b-1dr-diesel\/","og_site_name":"Miralles 1986","article_publisher":"https:\/\/www.facebook.com\/miralles1986","article_modified_time":"2026-02-19T12:05:23+00:00","og_image":[{"width":1300,"height":1300,"url":"https:\/\/miralles1986.com\/wp-content\/uploads\/2023\/10\/cinturon-B-1DR-Diesel-3.jpg","type":"image\/jpeg"}],"twitter_card":"summary_large_image","twitter_misc":{"Estimated reading time":"1 minute"},"schema":{"@context":"https:\/\/schema.org","@graph":[{"@type":"WebPage","@id":"https:\/\/miralles1986.com\/producto\/cinturon-marron-b-1dr-diesel\/","url":"https:\/\/miralles1986.com\/producto\/cinturon-marron-b-1dr-diesel\/","name":"Brown Belt B 1DR Diesel - Miralles 1986","isPartOf":{"@id":"https:\/\/miralles1986.com\/#website"},"primaryImageOfPage":{"@id":"https:\/\/miralles1986.com\/producto\/cinturon-marron-b-1dr-diesel\/#primaryimage"},"image":{"@id":"https:\/\/miralles1986.com\/producto\/cinturon-marron-b-1dr-diesel\/#primaryimage"},"thumbnailUrl":"https:\/\/miralles1986.com\/wp-content\/uploads\/2023\/10\/cinturon-B-1DR-Diesel-3.jpg","datePublished":"2023-10-12T16:16:29+00:00","dateModified":"2026-02-19T12:05:23+00:00","description":"The Diesel B-1DR belt is a men&#039;s accessory that is made of leather and features a metal buckle with the iconic oval &#039;D&#039; logo.","breadcrumb":{"@id":"https:\/\/miralles1986.com\/producto\/cinturon-marron-b-1dr-diesel\/#breadcrumb"},"inLanguage":"en-GB","potentialAction":[{"@type":"ReadAction","target":["https:\/\/miralles1986.com\/producto\/cinturon-marron-b-1dr-diesel\/"]}]},{"@type":"ImageObject","inLanguage":"en-GB","@id":"https:\/\/miralles1986.com\/producto\/cinturon-marron-b-1dr-diesel\/#primaryimage","url":"https:\/\/miralles1986.com\/wp-content\/uploads\/2023\/10\/cinturon-B-1DR-Diesel-3.jpg","contentUrl":"https:\/\/miralles1986.com\/wp-content\/uploads\/2023\/10\/cinturon-B-1DR-Diesel-3.jpg","width":1300,"height":1300,"caption":"Cint\u00far\u00f3n B 1DR DIESEL"},{"@type":"BreadcrumbList","@id":"https:\/\/miralles1986.com\/producto\/cinturon-marron-b-1dr-diesel\/#breadcrumb","itemListElement":[{"@type":"ListItem","position":1,"name":"Portada","item":"https:\/\/miralles1986.com\/"},{"@type":"ListItem","position":2,"name":"Ropa de lujo para hombre | Stone Island, Y-3, C.P. Company","item":"https:\/\/miralles1986.com\/tienda\/"},{"@type":"ListItem","position":3,"name":"Cintur\u00f3n Marr\u00f3n B 1DR Diesel"}]},{"@type":"WebSite","@id":"https:\/\/miralles1986.com\/#website","url":"https:\/\/miralles1986.com\/","name":"Miralles 1986","description":"Luxury men&#039;s fashion in Valencia","publisher":{"@id":"https:\/\/miralles1986.com\/#organization"},"potentialAction":[{"@type":"SearchAction","target":{"@type":"EntryPoint","urlTemplate":"https:\/\/miralles1986.com\/?s={search_term_string}"},"query-input":{"@type":"PropertyValueSpecification","valueRequired":true,"valueName":"search_term_string"}}],"inLanguage":"en-GB"},{"@type":"Organization","@id":"https:\/\/miralles1986.com\/#organization","name":"Miralles 1986","alternateName":"Miralles","url":"https:\/\/miralles1986.com\/","logo":{"@type":"ImageObject","inLanguage":"en-GB","@id":"https:\/\/miralles1986.com\/#\/schema\/logo\/image\/","url":"https:\/\/miralles1986.com\/wp-content\/uploads\/2024\/09\/logo-miralles-1986-pequeno-bl.png","contentUrl":"https:\/\/miralles1986.com\/wp-content\/uploads\/2024\/09\/logo-miralles-1986-pequeno-bl.png","width":201,"height":73,"caption":"Miralles 1986"},"image":{"@id":"https:\/\/miralles1986.com\/#\/schema\/logo\/image\/"},"sameAs":["https:\/\/www.facebook.com\/miralles1986","https:\/\/www.instagram.com\/miralles1986_\/"]}]}},"brands":[{"id":162,"name":"Diesel","slug":"diesel"}],"_links":{"self":[{"href":"https:\/\/miralles1986.com\/en\/wp-json\/wp\/v2\/product\/6046","targetHints":{"allow":["GET"]}}],"collection":[{"href":"https:\/\/miralles1986.com\/en\/wp-json\/wp\/v2\/product"}],"about":[{"href":"https:\/\/miralles1986.com\/en\/wp-json\/wp\/v2\/types\/product"}],"replies":[{"embeddable":true,"href":"https:\/\/miralles1986.com\/en\/wp-json\/wp\/v2\/comments?post=6046"}],"wp:featuredmedia":[{"embeddable":true,"href":"https:\/\/miralles1986.com\/en\/wp-json\/wp\/v2\/media\/12062"}],"wp:attachment":[{"href":"https:\/\/miralles1986.com\/en\/wp-json\/wp\/v2\/media?parent=6046"}],"wp:term":[{"taxonomy":"pwb-brand","embeddable":true,"href":"https:\/\/miralles1986.com\/en\/wp-json\/wp\/v2\/pwb-brand?post=6046"},{"taxonomy":"product_brand","embeddable":true,"href":"https:\/\/miralles1986.com\/en\/wp-json\/wp\/v2\/product_brand?post=6046"},{"taxonomy":"product_cat","embeddable":true,"href":"https:\/\/miralles1986.com\/en\/wp-json\/wp\/v2\/product_cat?post=6046"},{"taxonomy":"product_tag","embeddable":true,"href":"https:\/\/miralles1986.com\/en\/wp-json\/wp\/v2\/product_tag?post=6046"}],"curies":[{"name":"wp","href":"https:\/\/api.w.org\/{rel}","templated":true}]}}