{"id":6548,"date":"2023-10-26T12:41:14","date_gmt":"2023-10-26T10:41:14","guid":{"rendered":"https:\/\/elevenvalencia.com\/?post_type=product&#038;p=6548"},"modified":"2026-01-26T17:26:45","modified_gmt":"2026-01-26T16:26:45","slug":"zapatillas-katharina-roa","status":"publish","type":"product","link":"https:\/\/miralles1986.com\/en\/producto\/zapatillas-katharina-roa\/","title":{"rendered":"KATHARINA ROA SHOES"},"content":{"rendered":"<p>Las <strong><a href=\"https:\/\/www.marodadesign.es\/miralles\/categoria-producto\/calzado\/zapatillas\/\">zapatillas<\/a> <\/strong>Katharina de la firma<strong><a href=\"https:\/\/www.marodadesign.es\/miralles\/marca\/roa\/\"> ROA<\/a> <\/strong>es un calzado moderno y funcional con una suela <a href=\"https:\/\/www.barrabes.com\/blog\/consejos\/2-10083\/vibram-megagrip-agarre-mojado-durabilidad\"><strong>Vibram\u00ae Megagrip<\/strong><\/a> incorporada y que incluye un dibujo dentado que a\u00f1ade mayor agarre en las superficies m\u00e1s rugosas. Tiene una puntera de goma para garantizar m\u00e1s protecci\u00f3n. Est\u00e1 revestida con un tejido de nailon t\u00e9cnico antiabrasi\u00f3n de gran resistencia. Tiene un cuello acolchado para garantizar una gran comodidad durante su uso y una leng\u00fceta en el tal\u00f3n. Cierre con cordones.<\/p>\n<p data-start=\"81\" data-end=\"114\"><strong data-start=\"81\" data-end=\"112\">Sumario de caracter\u00edsticas:<\/strong><\/p>\n<ul data-start=\"115\" data-end=\"548\">\n<li data-start=\"115\" data-end=\"129\">\n<p data-start=\"117\" data-end=\"129\">Marca: <strong><a href=\"https:\/\/www.marodadesign.es\/miralles\/marca\/roa\/\">ROA<\/a> <\/strong><\/p>\n<\/li>\n<li data-start=\"130\" data-end=\"151\">\n<p data-start=\"132\" data-end=\"151\">Modelo: Katharina<\/p>\n<\/li>\n<li data-start=\"152\" data-end=\"178\">\n<p data-start=\"154\" data-end=\"178\">Color: [Indicar color]\n<\/li>\n<li data-start=\"179\" data-end=\"244\">\n<p data-start=\"181\" data-end=\"244\">Suela: Vibram\u00ae Megagrip con dibujo dentado para m\u00e1ximo agarre<\/p>\n<\/li>\n<li data-start=\"245\" data-end=\"297\">\n<p data-start=\"247\" data-end=\"297\">Puntera: Reforzada en goma para mayor protecci\u00f3n<\/p>\n<\/li>\n<li data-start=\"298\" data-end=\"368\">\n<p data-start=\"300\" data-end=\"368\">Material exterior: Nailon t\u00e9cnico antiabrasi\u00f3n de alta resistencia<\/p>\n<\/li>\n<li data-start=\"369\" data-end=\"410\">\n<p data-start=\"371\" data-end=\"410\">Cuello acolchado para mayor comodidad<\/p>\n<\/li>\n<li data-start=\"411\" data-end=\"457\">\n<p data-start=\"413\" data-end=\"457\">Tirador en tal\u00f3n para facilitar el calzado<\/p>\n<\/li>\n<li data-start=\"458\" data-end=\"478\">\n<p data-start=\"460\" data-end=\"478\">Cierre: Cordones<\/p>\n<\/li>\n<li data-start=\"479\" data-end=\"510\">\n<p data-start=\"481\" data-end=\"510\">Estilo: Moderno y funcional<\/p>\n<\/li>\n<li data-start=\"511\" data-end=\"548\">\n<p data-start=\"513\" data-end=\"548\">Uso recomendado: Outdoor y urbano<\/p>\n<\/li>\n<\/ul>\n<p>Las <a href=\"https:\/\/www.marodadesign.es\/miralles\/categoria-producto\/calzado\/zapatillas\/\">zapatillas<\/a> Katharina de la firma<strong><a href=\"https:\/\/www.marodadesign.es\/miralles\/marca\/roa\/\"> ROA<\/a> est\u00e1n disponibles en el cat\u00e1logo exclusivo de <a href=\"https:\/\/miralles1986.com\">Miralles 1986<\/a><\/strong><\/p>\n","protected":false},"excerpt":{"rendered":"<p><strong><a href=\"https:\/\/www.marodadesign.es\/miralles\/categoria-producto\/calzado\/zapatillas\/\">Sneakers<\/a>\u00a0<\/strong> Katharina, an exclusive new product from the brand <strong><a href=\"https:\/\/www.marodadesign.es\/miralles\/marca\/roa\/\">Roa<\/a> <\/strong>.This shoe is a hybrid of a classic Italian alpine shoe with the latest in modern footwear technology. The upper is made of highly durable technical nylon. It withstands abrasion well for greater longevity.<\/p>\n<p>&nbsp;<\/p>","protected":false},"featured_media":9392,"comment_status":"closed","ping_status":"closed","template":"","meta":[],"pwb-brand":[700],"product_brand":[],"product_cat":[420,423],"product_tag":[434],"class_list":{"0":"post-6548","1":"product","2":"type-product","3":"status-publish","4":"has-post-thumbnail","6":"pwb-brand-roa","7":"product_cat-calzado","8":"product_cat-zapatillas","9":"product_tag-zapatillas","10":"pa_color-negro","11":"pa_composicion-goma","12":"pa_composicion-nailon","13":"pa_tamano-62","14":"pa_tamano-63","15":"pa_tamano-64","16":"pa_tamano-65","18":"first","19":"instock","20":"sold-individually","21":"taxable","22":"shipping-taxable","23":"purchasable","24":"product-type-variable"},"supplier_id":null,"supplier_sku":"","barcode":null,"atum_controlled":true,"out_stock_date":null,"out_stock_threshold":null,"inheritable":true,"inbound_stock":0,"stock_on_hold":0,"sold_today":0,"sales_last_days":0,"reserved_stock":0,"customer_returns":null,"warehouse_damage":null,"lost_in_post":null,"other_logs":null,"out_stock_days":0,"lost_sales":0,"has_location":false,"update_date":"2026-05-11T16:24:25","atum_locations":[],"atum_stock_status":"instock","restock_status":false,"low_stock_amount":"","sales_update_date":"2026-05-11T16:24:25","calc_backorders":null,"yoast_head":"<!-- This site is optimized with the Yoast SEO plugin v27.5 - https:\/\/yoast.com\/product\/yoast-seo-wordpress\/ -->\n<title>ZAPATILLAS KATHARINA ROA - Miralles 1986<\/title>\n<meta name=\"description\" content=\"Las zapatillas Katharina de la firma Roa es un calzado moderno y funcional con una suela Vibram\u00ae Megagrip incorporada para un mejor agarre y tracci\u00f3n.\" \/>\n<meta name=\"robots\" content=\"index, follow, max-snippet:-1, max-image-preview:large, max-video-preview:-1\" \/>\n<link rel=\"canonical\" href=\"https:\/\/miralles1986.com\/en\/product\/zapatillas-katharina-roa\/\" \/>\n<meta property=\"og:locale\" content=\"en_GB\" \/>\n<meta property=\"og:type\" content=\"article\" \/>\n<meta property=\"og:title\" content=\"ZAPATILLAS KATHARINA ROA - Miralles 1986\" \/>\n<meta property=\"og:description\" content=\"Las zapatillas Katharina de la firma Roa es un calzado moderno y funcional con una suela Vibram\u00ae Megagrip incorporada para un mejor agarre y tracci\u00f3n.\" \/>\n<meta property=\"og:url\" content=\"https:\/\/miralles1986.com\/en\/product\/zapatillas-katharina-roa\/\" \/>\n<meta property=\"og:site_name\" content=\"Miralles 1986\" \/>\n<meta property=\"article:publisher\" content=\"https:\/\/www.facebook.com\/miralles1986\" \/>\n<meta property=\"article:modified_time\" content=\"2026-01-26T16:26:45+00:00\" \/>\n<meta property=\"og:image\" content=\"https:\/\/miralles1986.com\/wp-content\/uploads\/2024\/10\/zapatillas-katharina-roa-1.jpg\" \/>\n\t<meta property=\"og:image:width\" content=\"1300\" \/>\n\t<meta property=\"og:image:height\" content=\"1300\" \/>\n\t<meta property=\"og:image:type\" content=\"image\/jpeg\" \/>\n<meta name=\"twitter:card\" content=\"summary_large_image\" \/>\n<meta name=\"twitter:label1\" content=\"Estimated reading time\" \/>\n\t<meta name=\"twitter:data1\" content=\"1 minute\" \/>\n<script type=\"application\/ld+json\" class=\"yoast-schema-graph\">{\"@context\":\"https:\\\/\\\/schema.org\",\"@graph\":[{\"@type\":\"WebPage\",\"@id\":\"https:\\\/\\\/miralles1986.com\\\/producto\\\/zapatillas-katharina-roa\\\/\",\"url\":\"https:\\\/\\\/miralles1986.com\\\/producto\\\/zapatillas-katharina-roa\\\/\",\"name\":\"ZAPATILLAS KATHARINA ROA - Miralles 1986\",\"isPartOf\":{\"@id\":\"https:\\\/\\\/miralles1986.com\\\/#website\"},\"primaryImageOfPage\":{\"@id\":\"https:\\\/\\\/miralles1986.com\\\/producto\\\/zapatillas-katharina-roa\\\/#primaryimage\"},\"image\":{\"@id\":\"https:\\\/\\\/miralles1986.com\\\/producto\\\/zapatillas-katharina-roa\\\/#primaryimage\"},\"thumbnailUrl\":\"https:\\\/\\\/miralles1986.com\\\/wp-content\\\/uploads\\\/2024\\\/10\\\/zapatillas-katharina-roa-1.jpg\",\"datePublished\":\"2023-10-26T10:41:14+00:00\",\"dateModified\":\"2026-01-26T16:26:45+00:00\",\"description\":\"Las zapatillas Katharina de la firma Roa es un calzado moderno y funcional con una suela Vibram\u00ae Megagrip incorporada para un mejor agarre y tracci\u00f3n.\",\"breadcrumb\":{\"@id\":\"https:\\\/\\\/miralles1986.com\\\/producto\\\/zapatillas-katharina-roa\\\/#breadcrumb\"},\"inLanguage\":\"en-GB\",\"potentialAction\":[{\"@type\":\"ReadAction\",\"target\":[\"https:\\\/\\\/miralles1986.com\\\/producto\\\/zapatillas-katharina-roa\\\/\"]}]},{\"@type\":\"ImageObject\",\"inLanguage\":\"en-GB\",\"@id\":\"https:\\\/\\\/miralles1986.com\\\/producto\\\/zapatillas-katharina-roa\\\/#primaryimage\",\"url\":\"https:\\\/\\\/miralles1986.com\\\/wp-content\\\/uploads\\\/2024\\\/10\\\/zapatillas-katharina-roa-1.jpg\",\"contentUrl\":\"https:\\\/\\\/miralles1986.com\\\/wp-content\\\/uploads\\\/2024\\\/10\\\/zapatillas-katharina-roa-1.jpg\",\"width\":1300,\"height\":1300,\"caption\":\"Ofertas en Ropa y Accesorios Premium Miralles1986\"},{\"@type\":\"BreadcrumbList\",\"@id\":\"https:\\\/\\\/miralles1986.com\\\/producto\\\/zapatillas-katharina-roa\\\/#breadcrumb\",\"itemListElement\":[{\"@type\":\"ListItem\",\"position\":1,\"name\":\"Portada\",\"item\":\"https:\\\/\\\/miralles1986.com\\\/\"},{\"@type\":\"ListItem\",\"position\":2,\"name\":\"Ropa de lujo para hombre | Stone Island, Y-3, C.P. Company\",\"item\":\"https:\\\/\\\/miralles1986.com\\\/tienda\\\/\"},{\"@type\":\"ListItem\",\"position\":3,\"name\":\"ZAPATILLAS KATHARINA ROA\"}]},{\"@type\":\"WebSite\",\"@id\":\"https:\\\/\\\/miralles1986.com\\\/#website\",\"url\":\"https:\\\/\\\/miralles1986.com\\\/\",\"name\":\"Miralles 1986\",\"description\":\"Moda masculina de lujo en Valencia\",\"publisher\":{\"@id\":\"https:\\\/\\\/miralles1986.com\\\/#organization\"},\"potentialAction\":[{\"@type\":\"SearchAction\",\"target\":{\"@type\":\"EntryPoint\",\"urlTemplate\":\"https:\\\/\\\/miralles1986.com\\\/?s={search_term_string}\"},\"query-input\":{\"@type\":\"PropertyValueSpecification\",\"valueRequired\":true,\"valueName\":\"search_term_string\"}}],\"inLanguage\":\"en-GB\"},{\"@type\":\"Organization\",\"@id\":\"https:\\\/\\\/miralles1986.com\\\/#organization\",\"name\":\"Miralles 1986\",\"alternateName\":\"Miralles\",\"url\":\"https:\\\/\\\/miralles1986.com\\\/\",\"logo\":{\"@type\":\"ImageObject\",\"inLanguage\":\"en-GB\",\"@id\":\"https:\\\/\\\/miralles1986.com\\\/#\\\/schema\\\/logo\\\/image\\\/\",\"url\":\"https:\\\/\\\/miralles1986.com\\\/wp-content\\\/uploads\\\/2024\\\/09\\\/logo-miralles-1986-pequeno-bl.png\",\"contentUrl\":\"https:\\\/\\\/miralles1986.com\\\/wp-content\\\/uploads\\\/2024\\\/09\\\/logo-miralles-1986-pequeno-bl.png\",\"width\":201,\"height\":73,\"caption\":\"Miralles 1986\"},\"image\":{\"@id\":\"https:\\\/\\\/miralles1986.com\\\/#\\\/schema\\\/logo\\\/image\\\/\"},\"sameAs\":[\"https:\\\/\\\/www.facebook.com\\\/miralles1986\",\"https:\\\/\\\/www.instagram.com\\\/miralles1986_\\\/\"]}]}<\/script>\n<!-- \/ Yoast SEO plugin. -->","yoast_head_json":{"title":"KATHARINA ROA SHOES - Miralles 1986","description":"The Katharina sneakers from Roa are modern and functional footwear with a built-in Vibram\u00ae Megagrip sole for better grip and traction.","robots":{"index":"index","follow":"follow","max-snippet":"max-snippet:-1","max-image-preview":"max-image-preview:large","max-video-preview":"max-video-preview:-1"},"canonical":"https:\/\/miralles1986.com\/en\/product\/zapatillas-katharina-roa\/","og_locale":"en_GB","og_type":"article","og_title":"ZAPATILLAS KATHARINA ROA - Miralles 1986","og_description":"Las zapatillas Katharina de la firma Roa es un calzado moderno y funcional con una suela Vibram\u00ae Megagrip incorporada para un mejor agarre y tracci\u00f3n.","og_url":"https:\/\/miralles1986.com\/en\/product\/zapatillas-katharina-roa\/","og_site_name":"Miralles 1986","article_publisher":"https:\/\/www.facebook.com\/miralles1986","article_modified_time":"2026-01-26T16:26:45+00:00","og_image":[{"width":1300,"height":1300,"url":"https:\/\/miralles1986.com\/wp-content\/uploads\/2024\/10\/zapatillas-katharina-roa-1.jpg","type":"image\/jpeg"}],"twitter_card":"summary_large_image","twitter_misc":{"Estimated reading time":"1 minute"},"schema":{"@context":"https:\/\/schema.org","@graph":[{"@type":"WebPage","@id":"https:\/\/miralles1986.com\/producto\/zapatillas-katharina-roa\/","url":"https:\/\/miralles1986.com\/producto\/zapatillas-katharina-roa\/","name":"KATHARINA ROA SHOES - Miralles 1986","isPartOf":{"@id":"https:\/\/miralles1986.com\/#website"},"primaryImageOfPage":{"@id":"https:\/\/miralles1986.com\/producto\/zapatillas-katharina-roa\/#primaryimage"},"image":{"@id":"https:\/\/miralles1986.com\/producto\/zapatillas-katharina-roa\/#primaryimage"},"thumbnailUrl":"https:\/\/miralles1986.com\/wp-content\/uploads\/2024\/10\/zapatillas-katharina-roa-1.jpg","datePublished":"2023-10-26T10:41:14+00:00","dateModified":"2026-01-26T16:26:45+00:00","description":"The Katharina sneakers from Roa are modern and functional footwear with a built-in Vibram\u00ae Megagrip sole for better grip and traction.","breadcrumb":{"@id":"https:\/\/miralles1986.com\/producto\/zapatillas-katharina-roa\/#breadcrumb"},"inLanguage":"en-GB","potentialAction":[{"@type":"ReadAction","target":["https:\/\/miralles1986.com\/producto\/zapatillas-katharina-roa\/"]}]},{"@type":"ImageObject","inLanguage":"en-GB","@id":"https:\/\/miralles1986.com\/producto\/zapatillas-katharina-roa\/#primaryimage","url":"https:\/\/miralles1986.com\/wp-content\/uploads\/2024\/10\/zapatillas-katharina-roa-1.jpg","contentUrl":"https:\/\/miralles1986.com\/wp-content\/uploads\/2024\/10\/zapatillas-katharina-roa-1.jpg","width":1300,"height":1300,"caption":"Ofertas en Ropa y Accesorios Premium Miralles1986"},{"@type":"BreadcrumbList","@id":"https:\/\/miralles1986.com\/producto\/zapatillas-katharina-roa\/#breadcrumb","itemListElement":[{"@type":"ListItem","position":1,"name":"Portada","item":"https:\/\/miralles1986.com\/"},{"@type":"ListItem","position":2,"name":"Ropa de lujo para hombre | Stone Island, Y-3, C.P. Company","item":"https:\/\/miralles1986.com\/tienda\/"},{"@type":"ListItem","position":3,"name":"ZAPATILLAS KATHARINA ROA"}]},{"@type":"WebSite","@id":"https:\/\/miralles1986.com\/#website","url":"https:\/\/miralles1986.com\/","name":"Miralles 1986","description":"Luxury men&#039;s fashion in Valencia","publisher":{"@id":"https:\/\/miralles1986.com\/#organization"},"potentialAction":[{"@type":"SearchAction","target":{"@type":"EntryPoint","urlTemplate":"https:\/\/miralles1986.com\/?s={search_term_string}"},"query-input":{"@type":"PropertyValueSpecification","valueRequired":true,"valueName":"search_term_string"}}],"inLanguage":"en-GB"},{"@type":"Organization","@id":"https:\/\/miralles1986.com\/#organization","name":"Miralles 1986","alternateName":"Miralles","url":"https:\/\/miralles1986.com\/","logo":{"@type":"ImageObject","inLanguage":"en-GB","@id":"https:\/\/miralles1986.com\/#\/schema\/logo\/image\/","url":"https:\/\/miralles1986.com\/wp-content\/uploads\/2024\/09\/logo-miralles-1986-pequeno-bl.png","contentUrl":"https:\/\/miralles1986.com\/wp-content\/uploads\/2024\/09\/logo-miralles-1986-pequeno-bl.png","width":201,"height":73,"caption":"Miralles 1986"},"image":{"@id":"https:\/\/miralles1986.com\/#\/schema\/logo\/image\/"},"sameAs":["https:\/\/www.facebook.com\/miralles1986","https:\/\/www.instagram.com\/miralles1986_\/"]}]}},"brands":[{"id":700,"name":"Roa","slug":"roa"}],"_links":{"self":[{"href":"https:\/\/miralles1986.com\/en\/wp-json\/wp\/v2\/product\/6548","targetHints":{"allow":["GET"]}}],"collection":[{"href":"https:\/\/miralles1986.com\/en\/wp-json\/wp\/v2\/product"}],"about":[{"href":"https:\/\/miralles1986.com\/en\/wp-json\/wp\/v2\/types\/product"}],"replies":[{"embeddable":true,"href":"https:\/\/miralles1986.com\/en\/wp-json\/wp\/v2\/comments?post=6548"}],"wp:featuredmedia":[{"embeddable":true,"href":"https:\/\/miralles1986.com\/en\/wp-json\/wp\/v2\/media\/9392"}],"wp:attachment":[{"href":"https:\/\/miralles1986.com\/en\/wp-json\/wp\/v2\/media?parent=6548"}],"wp:term":[{"taxonomy":"pwb-brand","embeddable":true,"href":"https:\/\/miralles1986.com\/en\/wp-json\/wp\/v2\/pwb-brand?post=6548"},{"taxonomy":"product_brand","embeddable":true,"href":"https:\/\/miralles1986.com\/en\/wp-json\/wp\/v2\/product_brand?post=6548"},{"taxonomy":"product_cat","embeddable":true,"href":"https:\/\/miralles1986.com\/en\/wp-json\/wp\/v2\/product_cat?post=6548"},{"taxonomy":"product_tag","embeddable":true,"href":"https:\/\/miralles1986.com\/en\/wp-json\/wp\/v2\/product_tag?post=6548"}],"curies":[{"name":"wp","href":"https:\/\/api.w.org\/{rel}","templated":true}]}}